{"id":158864,"date":"2025-12-19T00:16:57","date_gmt":"2025-12-18T21:16:57","guid":{"rendered":"https:\/\/baldumarket.lt\/product\/szafka-kuchenna-dolna-2s-sorento-d60in-ax-puccini\/"},"modified":"2026-02-18T11:12:55","modified_gmt":"2026-02-18T08:12:55","slug":"szafka-kuchenna-dolna-2s-sorento-d60in-ax-puccini","status":"publish","type":"product","link":"https:\/\/baldumarket.lt\/lt\/product\/szafka-kuchenna-dolna-2s-sorento-d60in-ax-puccini\/","title":{"rendered":"Apatin\u0117 virtuv\u0117s spintel\u0117 2S Sorento D60IN AX Puccini"},"content":{"rendered":"<p>Atraskite i\u0161skirtin\u0119 elegancij\u0105 ir funkcionalum\u0105 su \u201eSorento D60IN AX 2S\u201c apatine virtuv\u0117s spintele \u201ePuccini\u201c i\u0161 \u201eGa\u0142a Meble\u201c. Rafinuotas stilius ir sodrios spalvos suteikia bet kuriai virtuvei charakterio, sukurdamos jaukumo ir modernaus rafinuotumo atmosfer\u0105. Ji puikiai dera prie tendencij\u0173, derindama klasikin\u012f gro\u017e\u012f su moderniu po\u017ei\u016briu \u012f dizain\u0105. \u201eSorento\u201c virtuv\u0117s spintel\u0117 pasi\u017eymi puikiu funkcionalumu d\u0117l savo prakti\u0161k\u0173 matmen\u0173. Ji leid\u017eia efektyviai i\u0161naudoti erdv\u0119 d\u0117l dviej\u0173 erdvi\u0173 stal\u010di\u0173, kurie palengvina virtuv\u0117s pried\u0173 organizavim\u0105. \u0160ioje spintel\u0117je \u012fdiegti sprendimai paver\u010dia j\u0105 nepakei\u010diamu modernios virtuv\u0117s elementu, padedan\u010diu i\u0161laikyti harmonij\u0105 ir tvark\u0105. Pagaminta i\u0161 laminuotos plok\u0161t\u0117s, ji u\u017etikrina ilgaam\u017ei\u0161kum\u0105 kasdieniam naudojimui, i\u0161laikant puiki\u0105 i\u0161vaizd\u0105. Juoda metalin\u0117 rankena pabr\u0117\u017eia modern\u0173 stili\u0173 ir suteikia industrinio charakterio. Tai puikus pasirinkimas tiems, kurie vertina eleganti\u0161kas detales ir harmoningus derinius interjero dizaine.<\/p>","protected":false},"excerpt":{"rendered":"<p>Plotis (cm): 60<br \/>\n\u016agis (cm): 87<br \/>\nGylis (cm): 52<\/p>","protected":false},"featured_media":158865,"comment_status":"open","ping_status":"open","template":"","meta":[],"product_brand":[],"product_cat":[9436,4106],"product_tag":[],"class_list":{"0":"post-158864","1":"product","2":"type-product","3":"status-publish","4":"has-post-thumbnail","6":"product_cat-kitchen-system-sorento","7":"product_cat-gala-meble","9":"first","10":"instock","11":"purchasable","12":"product-type-simple"},"_links":{"self":[{"href":"https:\/\/baldumarket.lt\/lt\/wp-json\/wp\/v2\/product\/158864","targetHints":{"allow":["GET"]}}],"collection":[{"href":"https:\/\/baldumarket.lt\/lt\/wp-json\/wp\/v2\/product"}],"about":[{"href":"https:\/\/baldumarket.lt\/lt\/wp-json\/wp\/v2\/types\/product"}],"replies":[{"embeddable":true,"href":"https:\/\/baldumarket.lt\/lt\/wp-json\/wp\/v2\/comments?post=158864"}],"wp:featuredmedia":[{"embeddable":true,"href":"https:\/\/baldumarket.lt\/lt\/wp-json\/wp\/v2\/media\/158865"}],"wp:attachment":[{"href":"https:\/\/baldumarket.lt\/lt\/wp-json\/wp\/v2\/media?parent=158864"}],"wp:term":[{"taxonomy":"product_brand","embeddable":true,"href":"https:\/\/baldumarket.lt\/lt\/wp-json\/wp\/v2\/product_brand?post=158864"},{"taxonomy":"product_cat","embeddable":true,"href":"https:\/\/baldumarket.lt\/lt\/wp-json\/wp\/v2\/product_cat?post=158864"},{"taxonomy":"product_tag","embeddable":true,"href":"https:\/\/baldumarket.lt\/lt\/wp-json\/wp\/v2\/product_tag?post=158864"}],"curies":[{"name":"wp","href":"https:\/\/api.w.org\/{rel}","templated":true}]}}