{"id":158859,"date":"2025-12-19T00:16:46","date_gmt":"2025-12-18T21:16:46","guid":{"rendered":"https:\/\/baldumarket.lt\/product\/szafka-kuchenna-dolna-2s-sorento-d60in-ax-puccini-bezowy-mat\/"},"modified":"2026-02-18T11:12:55","modified_gmt":"2026-02-18T08:12:55","slug":"szafka-kuchenna-dolna-2s-sorento-d60in-ax-puccini-bezowy-mat","status":"publish","type":"product","link":"https:\/\/baldumarket.lt\/lt\/product\/szafka-kuchenna-dolna-2s-sorento-d60in-ax-puccini-bezowy-mat\/","title":{"rendered":"Apatin\u0117 virtuv\u0117s spintel\u0117 2S Sorento D60IN AX Puccini matin\u0117s sm\u0117lio spalvos"},"content":{"rendered":"<p>Atverkite elegancijos ir modernaus funkcionalumo duris su \u201eGa\u0142a Meble\u201c apatine virtuv\u0117s spintele \u201eSorento 2S\u201c. Sukurta tiems, kurie vertina minimalistin\u012f stili\u0173 ir prakti\u0161kum\u0105, \u0161i spintel\u0117 puikiai dera prie modernaus virtuv\u0117s interjero. Matin\u0117s sm\u0117lio spalvos priekin\u0117 dalis harmoningai papildo Puccini spalvos korpus\u0105, suteikdama bet kokiam kambariui subtilumo ir rafinuoto elegancijos. \u012ekv\u0117pkite \u0161ios unikalios spintel\u0117s funkcionaliais sprendimais ir unikaliu dizainu. Du erdv\u016bs stal\u010diai, u\u017etikrinantys maksimal\u0173 komfort\u0105, leid\u017eia virtuv\u0117s priedus laikyti itin efektyviai. Tyl\u016bs, pilno i\u0161traukimo b\u0117geliai leid\u017eia lengvai pasiekti turin\u012f, o \u0161velnaus u\u017edarymo mechanizmas garantuoja kasdien\u012f naudojimo patogum\u0105. Juodos, metalin\u0117s rankenos suteikia spintelei lofto charakterio, suteikdamos jai modernaus eleganti\u0161kumo. Spintel\u0117 taip pat turi reguliuojamas kojeles, leid\u017eian\u010dias tiksliai pritaikyti j\u0105 prie bet kokio pavir\u0161iaus. \u012ekv\u0117pkite stiliaus ir funkcionalumo derinio \u0161iame gerai apgalvotame dizaine, kuris taps neatsiejama j\u016bs\u0173 virtuv\u0117s dalimi.<\/p>","protected":false},"excerpt":{"rendered":"<p>Plotis (cm): 60<br \/>\n\u016agis (cm): 87<br \/>\nGylis (cm): 52<\/p>","protected":false},"featured_media":158860,"comment_status":"open","ping_status":"open","template":"","meta":[],"product_brand":[],"product_cat":[9436,4106],"product_tag":[],"class_list":{"0":"post-158859","1":"product","2":"type-product","3":"status-publish","4":"has-post-thumbnail","6":"product_cat-kitchen-system-sorento","7":"product_cat-gala-meble","9":"first","10":"instock","11":"purchasable","12":"product-type-simple"},"_links":{"self":[{"href":"https:\/\/baldumarket.lt\/lt\/wp-json\/wp\/v2\/product\/158859","targetHints":{"allow":["GET"]}}],"collection":[{"href":"https:\/\/baldumarket.lt\/lt\/wp-json\/wp\/v2\/product"}],"about":[{"href":"https:\/\/baldumarket.lt\/lt\/wp-json\/wp\/v2\/types\/product"}],"replies":[{"embeddable":true,"href":"https:\/\/baldumarket.lt\/lt\/wp-json\/wp\/v2\/comments?post=158859"}],"wp:featuredmedia":[{"embeddable":true,"href":"https:\/\/baldumarket.lt\/lt\/wp-json\/wp\/v2\/media\/158860"}],"wp:attachment":[{"href":"https:\/\/baldumarket.lt\/lt\/wp-json\/wp\/v2\/media?parent=158859"}],"wp:term":[{"taxonomy":"product_brand","embeddable":true,"href":"https:\/\/baldumarket.lt\/lt\/wp-json\/wp\/v2\/product_brand?post=158859"},{"taxonomy":"product_cat","embeddable":true,"href":"https:\/\/baldumarket.lt\/lt\/wp-json\/wp\/v2\/product_cat?post=158859"},{"taxonomy":"product_tag","embeddable":true,"href":"https:\/\/baldumarket.lt\/lt\/wp-json\/wp\/v2\/product_tag?post=158859"}],"curies":[{"name":"wp","href":"https:\/\/api.w.org\/{rel}","templated":true}]}}