{"id":158854,"date":"2025-12-19T00:16:36","date_gmt":"2025-12-18T21:16:36","guid":{"rendered":"https:\/\/baldumarket.lt\/product\/szafka-kuchenna-dolna-2s-sorento-d60in-ax-puccini-bialy-mat-ramka\/"},"modified":"2026-02-18T11:12:55","modified_gmt":"2026-02-18T08:12:55","slug":"szafka-kuchenna-dolna-2s-sorento-d60in-ax-puccini-bialy-mat-ramka","status":"publish","type":"product","link":"https:\/\/baldumarket.lt\/lt\/product\/szafka-kuchenna-dolna-2s-sorento-d60in-ax-puccini-bialy-mat-ramka\/","title":{"rendered":"Apatin\u0117 virtuv\u0117s spintel\u0117 2S Sorento D60IN AX Puccini matin\u0117s baltos spalvos r\u0117meliu"},"content":{"rendered":"<p>Suteikite savo virtuvei elegancijos su \u201eSorento D60IN AX\u201c apatine spintele. \u0160is unikalus baldas, pasi\u017eymintis subtilia matine balta apdaila ir Puccini spalvos korpusu, puikiai der\u0117s prie modernaus interjero, suteikdamas jam klas\u0117s ir stiliaus. \u0160i spintel\u0117 yra puikus pavyzdys, kaip suderinti estetik\u0105 su funkcionalumu, sukuriant bald\u0105, kuris ne tik d\u017eiugina, bet ir tarnauja kasdieniam naudojimui. Tvirta MDF ir laminuotos plok\u0161t\u0117s konstrukcija daro j\u0105 patvari\u0105 ir atspari\u0105 pa\u017eeidimams. Unikalios aukso spalvos metalin\u0117s rankenos sustiprina prabangi\u0105 i\u0161vaizd\u0105 ir u\u017etikrina patog\u0173 naudojim\u0105. Reguliuojamos kojel\u0117s leid\u017eia reguliuoti spintel\u0117s auk\u0161t\u012f pagal savo poreikius, tod\u0117l tai puikus sprendimas bet kuriai virtuvei. Jei ie\u0161kote prakti\u0161ko sprendimo daiktams laikyti, \u0161i spintel\u0117 yra tai, ko ie\u0161kote. Du erdv\u016bs stal\u010diai su pilnai i\u0161traukiamais b\u0117geliais leid\u017eia lengvai pasiekti visus laikomus daiktus. Jie u\u017esidaro tyliai ir \u0161velniai, tod\u0117l kasdienis naudojimas yra patogesnis. Tai puiki vieta susid\u0117ti visus b\u016btiniausius virtuv\u0117s reikmenis, o maksimali apkrova \u2013 iki 40 kg.<\/p>","protected":false},"excerpt":{"rendered":"<p>Plotis (cm): 60<br \/>\n\u016agis (cm): 87<br \/>\nGylis (cm): 52<\/p>","protected":false},"featured_media":158855,"comment_status":"open","ping_status":"open","template":"","meta":[],"product_brand":[],"product_cat":[9436,4106],"product_tag":[],"class_list":{"0":"post-158854","1":"product","2":"type-product","3":"status-publish","4":"has-post-thumbnail","6":"product_cat-kitchen-system-sorento","7":"product_cat-gala-meble","9":"first","10":"instock","11":"purchasable","12":"product-type-simple"},"_links":{"self":[{"href":"https:\/\/baldumarket.lt\/lt\/wp-json\/wp\/v2\/product\/158854","targetHints":{"allow":["GET"]}}],"collection":[{"href":"https:\/\/baldumarket.lt\/lt\/wp-json\/wp\/v2\/product"}],"about":[{"href":"https:\/\/baldumarket.lt\/lt\/wp-json\/wp\/v2\/types\/product"}],"replies":[{"embeddable":true,"href":"https:\/\/baldumarket.lt\/lt\/wp-json\/wp\/v2\/comments?post=158854"}],"wp:featuredmedia":[{"embeddable":true,"href":"https:\/\/baldumarket.lt\/lt\/wp-json\/wp\/v2\/media\/158855"}],"wp:attachment":[{"href":"https:\/\/baldumarket.lt\/lt\/wp-json\/wp\/v2\/media?parent=158854"}],"wp:term":[{"taxonomy":"product_brand","embeddable":true,"href":"https:\/\/baldumarket.lt\/lt\/wp-json\/wp\/v2\/product_brand?post=158854"},{"taxonomy":"product_cat","embeddable":true,"href":"https:\/\/baldumarket.lt\/lt\/wp-json\/wp\/v2\/product_cat?post=158854"},{"taxonomy":"product_tag","embeddable":true,"href":"https:\/\/baldumarket.lt\/lt\/wp-json\/wp\/v2\/product_tag?post=158854"}],"curies":[{"name":"wp","href":"https:\/\/api.w.org\/{rel}","templated":true}]}}