{"id":158849,"date":"2025-12-19T00:16:26","date_gmt":"2025-12-18T21:16:26","guid":{"rendered":"https:\/\/baldumarket.lt\/product\/szafka-kuchenna-dolna-2s-sorento-d60rwn-p-l-bialy-mat-puccini\/"},"modified":"2026-02-18T11:12:39","modified_gmt":"2026-02-18T08:12:39","slug":"szafka-kuchenna-dolna-2s-sorento-d60rwn-p-l-bialy-mat-puccini","status":"publish","type":"product","link":"https:\/\/baldumarket.lt\/lt\/product\/szafka-kuchenna-dolna-2s-sorento-d60rwn-p-l-bialy-mat-puccini\/","title":{"rendered":"Apatin\u0117 virtuv\u0117s spintel\u0117 2S Sorento D60RWN P\/L matin\u0117s baltos spalvos Puccini"},"content":{"rendered":"<p>Atraskite i\u0161skirtin\u012f \u201eSorento D60RWN\u201c virtuv\u0117s spintel\u0117s su matin\u0117s baltos spalvos \u201ePuccini\u201c spalvos korpusu elegancij\u0105 ir funkcionalum\u0105. \u0160i stilinga spintel\u0117 puikiai dera bet kurioje virtuv\u0117je, derindama modern\u0173 dizain\u0105 su prakti\u0161kumu. Subtilus spalv\u0173 derinys suteiks j\u016bs\u0173 interjerui lengvumo ir gaivumo, pabr\u0117\u0161 rafinuot\u0105 j\u016bs\u0173 virtuv\u0117s erdv\u0117s charakter\u012f. \u201eSorento\u201c spintel\u0117 pasi\u017eymi ne tik gra\u017eia i\u0161vaizda, bet ir i\u0161skirtiniu funkcionalumu. Reguliuojamos kojel\u0117s leid\u017eia lengvai reguliuoti auk\u0161t\u012f pagal j\u016bs\u0173 virtuv\u0117s poreikius, u\u017etikrinant komfort\u0105 ir ergonomik\u0105. \u0160velnaus u\u017edarymo vyriai yra papildomas privalumas, tod\u0117l kasdien naudotis \u0161iuo baldu yra malonu. Nesenstanti juoda metalin\u0117 rankena suteikia spintelei modern\u0173 charakter\u012f ir u\u017etikrina patog\u0173 naudojim\u0105. Laminuotas pavir\u0161ius yra atsparus pa\u017eeidimams, tod\u0117l spintel\u0117 tarnaus jums ilgus metus, i\u0161laikydama nepriekai\u0161ting\u0105 i\u0161vaizd\u0105. Optimalus lentyn\u0173 ilgis ir atstumas leid\u017eia tvarkingai laikyti visus svarbiausius virtuv\u0117s reikmenis.<\/p>","protected":false},"excerpt":{"rendered":"<p>Plotis (cm): 60<br \/>\n\u016agis (cm): 247<br \/>\nGylis (cm): 58<\/p>","protected":false},"featured_media":158850,"comment_status":"open","ping_status":"open","template":"","meta":[],"product_brand":[],"product_cat":[9436,4106],"product_tag":[],"class_list":{"0":"post-158849","1":"product","2":"type-product","3":"status-publish","4":"has-post-thumbnail","6":"product_cat-kitchen-system-sorento","7":"product_cat-gala-meble","9":"first","10":"instock","11":"purchasable","12":"product-type-simple"},"_links":{"self":[{"href":"https:\/\/baldumarket.lt\/lt\/wp-json\/wp\/v2\/product\/158849","targetHints":{"allow":["GET"]}}],"collection":[{"href":"https:\/\/baldumarket.lt\/lt\/wp-json\/wp\/v2\/product"}],"about":[{"href":"https:\/\/baldumarket.lt\/lt\/wp-json\/wp\/v2\/types\/product"}],"replies":[{"embeddable":true,"href":"https:\/\/baldumarket.lt\/lt\/wp-json\/wp\/v2\/comments?post=158849"}],"wp:featuredmedia":[{"embeddable":true,"href":"https:\/\/baldumarket.lt\/lt\/wp-json\/wp\/v2\/media\/158850"}],"wp:attachment":[{"href":"https:\/\/baldumarket.lt\/lt\/wp-json\/wp\/v2\/media?parent=158849"}],"wp:term":[{"taxonomy":"product_brand","embeddable":true,"href":"https:\/\/baldumarket.lt\/lt\/wp-json\/wp\/v2\/product_brand?post=158849"},{"taxonomy":"product_cat","embeddable":true,"href":"https:\/\/baldumarket.lt\/lt\/wp-json\/wp\/v2\/product_cat?post=158849"},{"taxonomy":"product_tag","embeddable":true,"href":"https:\/\/baldumarket.lt\/lt\/wp-json\/wp\/v2\/product_tag?post=158849"}],"curies":[{"name":"wp","href":"https:\/\/api.w.org\/{rel}","templated":true}]}}