{"id":158845,"date":"2025-12-19T00:16:19","date_gmt":"2025-12-18T21:16:19","guid":{"rendered":"https:\/\/baldumarket.lt\/product\/szafka-kuchenna-dolna-2s-sorento-d60s2-ax-baltic-storm\/"},"modified":"2026-02-18T11:12:39","modified_gmt":"2026-02-18T08:12:39","slug":"szafka-kuchenna-dolna-2s-sorento-d60s2-ax-baltic-storm","status":"publish","type":"product","link":"https:\/\/baldumarket.lt\/lt\/product\/szafka-kuchenna-dolna-2s-sorento-d60s2-ax-baltic-storm\/","title":{"rendered":"Apatin\u0117 virtuv\u0117s spintel\u0117 2S Sorento D60S2 AX Baltic Storm"},"content":{"rendered":"<p>\u201eLower 2S Sorento D60S2 AX Baltic Storm\u201c virtuv\u0117s spintel\u0117 \u2013 puikus sprendimas tiems, kurie siekia suderinti funkcionalum\u0105 ir modern\u0173 dizain\u0105. Eleganti\u0161ka \u201eBaltic Storm\u201c spalva suteikia virtuvei gaivumo ir stiliaus, sukurdama erdv\u0119, kurioje maisto gaminimas ir valgymas yra malonumas. D\u0117l kruop\u0161taus meistri\u0161kumo ir universalios i\u0161vaizdos \u0161is baldas puikiai der\u0117s prie \u012fvairi\u0173 interjero dizain\u0173 \u2013 nuo klasikinio iki modernaus.<\/p>\n<p>60 cm plo\u010dio, 87 cm auk\u0161\u010dio ir 52 cm gylio spintel\u0117 sukurta atsi\u017evelgiant \u012f maksimal\u0173 prakti\u0161kum\u0105. Ji turi du prakti\u0161kus stal\u010dius, tod\u0117l suteikia daug vietos virtuv\u0117s priedams susid\u0117ti. Auk\u0161tos kojel\u0117s, kuri\u0173 auk\u0161tis reguliuojamas iki 15 cm, ne tik suteikia lengvumo, bet ir palengvina valym\u0105, tod\u0117l kasdienis virtuv\u0117s naudojimas tampa dar patogesnis.<\/p>\n<p>Tylus veikimas ir \u0161velniai u\u017esidarantys stal\u010diai yra pagrindin\u0117s savyb\u0117s, prisidedan\u010dios prie patogumo. Stal\u010diai su pilnai i\u0161traukiamais b\u0117geliais suteikia lengv\u0105 prieig\u0105 prie vis\u0173 laikom\u0173 daikt\u0173, o tvirta metalin\u0117 rankena u\u017etikrina patog\u0173 naudojim\u0105. Galite b\u016bti tikri, kad tiek vaikai, tiek suaugusieji, naudodamiesi \u0161ia spintele, negird\u0117s nemaloni\u0173 gars\u0173.<\/p>\n<p>Spintel\u0117 pagaminta i\u0161 auk\u0161tos kokyb\u0117s, atsparios pa\u017eeidimams laminuotos plok\u0161t\u0117s, u\u017etikrinan\u010dios jos ilgaam\u017ei\u0161kum\u0105. Surinkimas paprastas ir nesud\u0117tingas, tod\u0117l j\u0105 lengvai valdys kiekvienas. \u201eLower 2S Sorento D60S2 AX Baltic Storm\u201c virtuv\u0117s spintel\u0117 ne tik pagerina estetin\u012f j\u016bs\u0173 virtuv\u0117s patrauklum\u0105, bet ir tampa nepakei\u010diamu kasdienio naudojimo elementu.<\/p>\n<p>Pasirinkdami \u0161i\u0105 spintel\u0119, j\u016bs renkat\u0117s daugiau nei tiesiog spintel\u0119 \u2013 investuojate \u012f komfort\u0105 ir elegancij\u0105, kuri pagyvins j\u016bs\u0173 virtuv\u0119. Paverskite savo maisto ruo\u0161imo erdv\u0119 vieta, kuri d\u017eiugins savo klase ir funkcionalumu. \u201eLower 2S Sorento\u201c spintel\u0117 \u2013 tai \u017eingsnis modernumo link, d\u0117l kurio nesigail\u0117site.<\/p>","protected":false},"excerpt":{"rendered":"<p>Plotis (cm): 60<br \/>\n\u016agis (cm): 87<br \/>\nGylis (cm): 52<\/p>","protected":false},"featured_media":158846,"comment_status":"open","ping_status":"open","template":"","meta":[],"product_brand":[],"product_cat":[9436,4106],"product_tag":[],"class_list":{"0":"post-158845","1":"product","2":"type-product","3":"status-publish","4":"has-post-thumbnail","6":"product_cat-kitchen-system-sorento","7":"product_cat-gala-meble","9":"first","10":"instock","11":"purchasable","12":"product-type-simple"},"_links":{"self":[{"href":"https:\/\/baldumarket.lt\/lt\/wp-json\/wp\/v2\/product\/158845","targetHints":{"allow":["GET"]}}],"collection":[{"href":"https:\/\/baldumarket.lt\/lt\/wp-json\/wp\/v2\/product"}],"about":[{"href":"https:\/\/baldumarket.lt\/lt\/wp-json\/wp\/v2\/types\/product"}],"replies":[{"embeddable":true,"href":"https:\/\/baldumarket.lt\/lt\/wp-json\/wp\/v2\/comments?post=158845"}],"wp:featuredmedia":[{"embeddable":true,"href":"https:\/\/baldumarket.lt\/lt\/wp-json\/wp\/v2\/media\/158846"}],"wp:attachment":[{"href":"https:\/\/baldumarket.lt\/lt\/wp-json\/wp\/v2\/media?parent=158845"}],"wp:term":[{"taxonomy":"product_brand","embeddable":true,"href":"https:\/\/baldumarket.lt\/lt\/wp-json\/wp\/v2\/product_brand?post=158845"},{"taxonomy":"product_cat","embeddable":true,"href":"https:\/\/baldumarket.lt\/lt\/wp-json\/wp\/v2\/product_cat?post=158845"},{"taxonomy":"product_tag","embeddable":true,"href":"https:\/\/baldumarket.lt\/lt\/wp-json\/wp\/v2\/product_tag?post=158845"}],"curies":[{"name":"wp","href":"https:\/\/api.w.org\/{rel}","templated":true}]}}