{"id":158840,"date":"2025-12-19T00:16:09","date_gmt":"2025-12-18T21:16:09","guid":{"rendered":"https:\/\/baldumarket.lt\/product\/szafka-kuchenna-dolna-2s-sorento-d60s2-ax-baltic-storm-bezowy-mat\/"},"modified":"2026-02-18T11:12:39","modified_gmt":"2026-02-18T08:12:39","slug":"szafka-kuchenna-dolna-2s-sorento-d60s2-ax-baltic-storm-bezowy-mat","status":"publish","type":"product","link":"https:\/\/baldumarket.lt\/lt\/product\/szafka-kuchenna-dolna-2s-sorento-d60s2-ax-baltic-storm-bezowy-mat\/","title":{"rendered":"Apatin\u0117 virtuv\u0117s spintel\u0117 2S Sorento D60S2 AX Baltic Storm Beige Matte"},"content":{"rendered":"<p>Atraskite unikali\u0105 elegancij\u0105 ir modern\u0173 charakter\u012f, kur\u012f j\u016bs\u0173 virtuvei suteiks apatin\u0117 \u201eSorento 2S\u201c virtuv\u0117s spintel\u0117. Jos matin\u0117s sm\u0117lio spalvos priekis puikiai dera su unikaliu \u201eBaltic Storm\u201c atspalviu, sukurdamas harmoning\u0105 spalv\u0173 gam\u0105, kuri papuo\u0161 bet kok\u012f interjer\u0105. \u0160i spintel\u0117 yra ne tik madingas aksesuaras, bet ir prakti\u0161kas sprendimas i\u0161rankiems vartotojams. Kurdama \u0161i\u0105 spintel\u0119, \u201eGa\u0142a Meble\u201c ypating\u0105 d\u0117mes\u012f skyr\u0117 auk\u0161tam funkcionalumui, neaukodama estetikos. Jos modern\u0173 dizain\u0105 pabr\u0117\u017eia juoda metalin\u0117 rankena, kuri yra ne tik dekoratyvi, bet ir ergonomi\u0161kas sprendimas, u\u017etikrinantis patogum\u0105 kasdien naudojant. Spintel\u0117 turi du erdvius stal\u010dius, kurie leid\u017eia efektyviai i\u0161naudoti erdv\u0119 ir i\u0161laikyti tvark\u0105 j\u016bs\u0173 virtuv\u0117je. D\u0117l pilno i\u0161traukimo b\u0117geli\u0173 pasiekti kiekvien\u0105 spintel\u0117s kamp\u0105 tampa ne\u012ftik\u0117tinai lengva. Stal\u010diai u\u017esidaro \u0161velniai ir tyliai, tod\u0117l \u0161is baldas yra idealus pasirinkimas tiems, kurie vertina komfort\u0105 ir patogum\u0105. Med\u017eiag\u0173, toki\u0173 kaip laminuota plok\u0161t\u0117, pasirinkimas garantuoja ne tik estetin\u0119 i\u0161vaizd\u0105, bet ir patvarum\u0105 bei atsparum\u0105 pa\u017eeidimams, o tai labai svarbu virtuv\u0117s aplinkoje.<\/p>","protected":false},"excerpt":{"rendered":"<p>Plotis (cm): 60<br \/>\n\u016agis (cm): 87<br \/>\nGylis (cm): 52<\/p>","protected":false},"featured_media":158841,"comment_status":"open","ping_status":"open","template":"","meta":[],"product_brand":[],"product_cat":[9436,4106],"product_tag":[],"class_list":{"0":"post-158840","1":"product","2":"type-product","3":"status-publish","4":"has-post-thumbnail","6":"product_cat-kitchen-system-sorento","7":"product_cat-gala-meble","9":"first","10":"instock","11":"purchasable","12":"product-type-simple"},"_links":{"self":[{"href":"https:\/\/baldumarket.lt\/lt\/wp-json\/wp\/v2\/product\/158840","targetHints":{"allow":["GET"]}}],"collection":[{"href":"https:\/\/baldumarket.lt\/lt\/wp-json\/wp\/v2\/product"}],"about":[{"href":"https:\/\/baldumarket.lt\/lt\/wp-json\/wp\/v2\/types\/product"}],"replies":[{"embeddable":true,"href":"https:\/\/baldumarket.lt\/lt\/wp-json\/wp\/v2\/comments?post=158840"}],"wp:featuredmedia":[{"embeddable":true,"href":"https:\/\/baldumarket.lt\/lt\/wp-json\/wp\/v2\/media\/158841"}],"wp:attachment":[{"href":"https:\/\/baldumarket.lt\/lt\/wp-json\/wp\/v2\/media?parent=158840"}],"wp:term":[{"taxonomy":"product_brand","embeddable":true,"href":"https:\/\/baldumarket.lt\/lt\/wp-json\/wp\/v2\/product_brand?post=158840"},{"taxonomy":"product_cat","embeddable":true,"href":"https:\/\/baldumarket.lt\/lt\/wp-json\/wp\/v2\/product_cat?post=158840"},{"taxonomy":"product_tag","embeddable":true,"href":"https:\/\/baldumarket.lt\/lt\/wp-json\/wp\/v2\/product_tag?post=158840"}],"curies":[{"name":"wp","href":"https:\/\/api.w.org\/{rel}","templated":true}]}}