{"id":158835,"date":"2025-12-19T00:15:58","date_gmt":"2025-12-18T21:15:58","guid":{"rendered":"https:\/\/baldumarket.lt\/product\/szafka-kuchenna-dolna-2s-sorento-d60s2-ax-baltic-storm-green\/"},"modified":"2026-02-18T11:12:39","modified_gmt":"2026-02-18T08:12:39","slug":"szafka-kuchenna-dolna-2s-sorento-d60s2-ax-baltic-storm-green","status":"publish","type":"product","link":"https:\/\/baldumarket.lt\/lt\/product\/szafka-kuchenna-dolna-2s-sorento-d60s2-ax-baltic-storm-green\/","title":{"rendered":"Apatin\u0117 virtuv\u0117s spintel\u0117 2S Sorento D60S2 AX Baltic Storm Green"},"content":{"rendered":"<p>\u201eSorento D60S2 AX Baltic Storm Green\u201c apatin\u0117 virtuv\u0117s spintel\u0117 \u2013 tai tobulas stiliaus ir funkcionalumo derinys, suteikiantis bet kuriai virtuvei modernumo. Eleganti\u0161kas, matin\u0117s \u017ealios spalvos fasadas paver\u010dia \u0161\u012f bald\u0105 ne tik prakti\u0161ku baldu, bet ir dekoratyviniu elementu. \u201eBaltic Storm Green\u201c spalv\u0173 ir juod\u0173 metalini\u0173 ranken\u0173 derinys suteikia spintelei rafinuot\u0105, ak\u012f traukiant\u012f charakter\u012f. \u0160i tvirtos konstrukcijos spintel\u0117 ne tik maloni akiai, bet ir patogi naudoti. D\u0117l kruop\u0161\u010diai parinkt\u0173 matmen\u0173 ir itin patvarios laminuotos plok\u0161t\u0117s naudojimo ji yra atspari kasdieniams pa\u017eeidimams. Reguliuojamo auk\u0161\u010dio kojel\u0117s suteikia stabilumo, o galimyb\u0117 pritaikyti auk\u0161t\u012f leid\u017eia spintelei tilpti ant \u012fvairi\u0173 pavir\u0161i\u0173 \u2013 tai didelis privalumas \u0161iuolaikiniame virtuv\u0117s dizaine. Erdv\u016bs ir funkcional\u016bs stal\u010diai yra labai svarb\u016bs norint palaikyti tvark\u0105 ruo\u0161iant maist\u0105. Viso i\u0161traukimo ir \u0161velnaus u\u017edarymo mechanizmai leid\u017eia patogiai pasiekti vis\u0105 stal\u010di\u0173 erdv\u0119, o tai \u017eymiai supaprastina b\u016btiniausi\u0173 virtuv\u0117s pried\u0173 organizavim\u0105 ir laikym\u0105. Tai puikus sprendimas tiems, kurie vertina apgalvotas detales ir paprast\u0105 naudojim\u0105 virtuv\u0117je.<\/p>","protected":false},"excerpt":{"rendered":"<p>Plotis (cm): 60<br \/>\n\u016agis (cm): 87<br \/>\nGylis (cm): 52<\/p>","protected":false},"featured_media":158836,"comment_status":"open","ping_status":"open","template":"","meta":[],"product_brand":[],"product_cat":[9436,4106],"product_tag":[],"class_list":{"0":"post-158835","1":"product","2":"type-product","3":"status-publish","4":"has-post-thumbnail","6":"product_cat-kitchen-system-sorento","7":"product_cat-gala-meble","9":"first","10":"instock","11":"purchasable","12":"product-type-simple"},"_links":{"self":[{"href":"https:\/\/baldumarket.lt\/lt\/wp-json\/wp\/v2\/product\/158835","targetHints":{"allow":["GET"]}}],"collection":[{"href":"https:\/\/baldumarket.lt\/lt\/wp-json\/wp\/v2\/product"}],"about":[{"href":"https:\/\/baldumarket.lt\/lt\/wp-json\/wp\/v2\/types\/product"}],"replies":[{"embeddable":true,"href":"https:\/\/baldumarket.lt\/lt\/wp-json\/wp\/v2\/comments?post=158835"}],"wp:featuredmedia":[{"embeddable":true,"href":"https:\/\/baldumarket.lt\/lt\/wp-json\/wp\/v2\/media\/158836"}],"wp:attachment":[{"href":"https:\/\/baldumarket.lt\/lt\/wp-json\/wp\/v2\/media?parent=158835"}],"wp:term":[{"taxonomy":"product_brand","embeddable":true,"href":"https:\/\/baldumarket.lt\/lt\/wp-json\/wp\/v2\/product_brand?post=158835"},{"taxonomy":"product_cat","embeddable":true,"href":"https:\/\/baldumarket.lt\/lt\/wp-json\/wp\/v2\/product_cat?post=158835"},{"taxonomy":"product_tag","embeddable":true,"href":"https:\/\/baldumarket.lt\/lt\/wp-json\/wp\/v2\/product_tag?post=158835"}],"curies":[{"name":"wp","href":"https:\/\/api.w.org\/{rel}","templated":true}]}}