{"id":158830,"date":"2025-12-19T00:15:48","date_gmt":"2025-12-18T21:15:48","guid":{"rendered":"https:\/\/baldumarket.lt\/product\/szafka-kuchenna-dolna-2s-sorento-d60s2-ax-bialy-green\/"},"modified":"2026-02-18T11:12:39","modified_gmt":"2026-02-18T08:12:39","slug":"szafka-kuchenna-dolna-2s-sorento-d60s2-ax-bialy-green","status":"publish","type":"product","link":"https:\/\/baldumarket.lt\/lt\/product\/szafka-kuchenna-dolna-2s-sorento-d60s2-ax-bialy-green\/","title":{"rendered":"Apatin\u0117 virtuv\u0117s spintel\u0117 2S Sorento D60S2 AX Balta \u017dalia"},"content":{"rendered":"<p>Su \u201eSorento D60S2 AX 2S\u201c apatine virtuv\u0117s spintele suteikite savo virtuvei elegancijos ir modernumo. Gra\u017eus matinis \u017ealias priekis kartu su baltu korpusu \u2013 tai tobulas derinys, kuris pakeis bet kok\u012f interjer\u0105. \u0160i spintel\u0117 ne tik traukia ak\u012f, bet ir suteikia gaivumo bei stiliaus, sukurdama erdv\u0119, kurioje maisto gaminimas tampa tikru malonumu. Prakti\u0161kumas \u2013 antrasis \u0161ios spintel\u0117s vardas. Su dviem erdviais stal\u010diais ji idealiai tinka kasdieniam naudojimui, nes suteikia pakankamai vietos visiems svarbiausiems virtuv\u0117s priedams ir \u012frankiams. Reguliuojamos, auk\u0161tos 15 cm kojel\u0117s suteikia stabilumo ir stilingos i\u0161vaizdos, o po ja yra didesnis valymo plotas, tod\u0117l lengviau palaikyti tvark\u0105 virtuv\u0117je. Kiekviena \u0161ios spintel\u0117s detal\u0117 buvo kruop\u0161\u010diai apgalvota. Madingos juodos spalvos metalin\u0117 rankena yra ne tik esteti\u0161kai patraukli, bet ir u\u017etikrina patog\u0173 su\u0117mim\u0105 bei ilgalaik\u012f naudojim\u0105. Be to, pilno i\u0161traukimo b\u0117geliai ir \u0161velnaus u\u017edarymo mechanizmas leid\u017eia stal\u010dius naudoti itin patogiai ir tyliai, o tai \u012fvertins visi, vertinantys harmonij\u0105 virtuv\u0117je.<\/p>","protected":false},"excerpt":{"rendered":"<p>Plotis (cm): 60<br \/>\n\u016agis (cm): 87<br \/>\nGylis (cm): 52<\/p>","protected":false},"featured_media":158831,"comment_status":"open","ping_status":"open","template":"","meta":[],"product_brand":[],"product_cat":[9436,4106],"product_tag":[],"class_list":{"0":"post-158830","1":"product","2":"type-product","3":"status-publish","4":"has-post-thumbnail","6":"product_cat-kitchen-system-sorento","7":"product_cat-gala-meble","9":"first","10":"instock","11":"purchasable","12":"product-type-simple"},"_links":{"self":[{"href":"https:\/\/baldumarket.lt\/lt\/wp-json\/wp\/v2\/product\/158830","targetHints":{"allow":["GET"]}}],"collection":[{"href":"https:\/\/baldumarket.lt\/lt\/wp-json\/wp\/v2\/product"}],"about":[{"href":"https:\/\/baldumarket.lt\/lt\/wp-json\/wp\/v2\/types\/product"}],"replies":[{"embeddable":true,"href":"https:\/\/baldumarket.lt\/lt\/wp-json\/wp\/v2\/comments?post=158830"}],"wp:featuredmedia":[{"embeddable":true,"href":"https:\/\/baldumarket.lt\/lt\/wp-json\/wp\/v2\/media\/158831"}],"wp:attachment":[{"href":"https:\/\/baldumarket.lt\/lt\/wp-json\/wp\/v2\/media?parent=158830"}],"wp:term":[{"taxonomy":"product_brand","embeddable":true,"href":"https:\/\/baldumarket.lt\/lt\/wp-json\/wp\/v2\/product_brand?post=158830"},{"taxonomy":"product_cat","embeddable":true,"href":"https:\/\/baldumarket.lt\/lt\/wp-json\/wp\/v2\/product_cat?post=158830"},{"taxonomy":"product_tag","embeddable":true,"href":"https:\/\/baldumarket.lt\/lt\/wp-json\/wp\/v2\/product_tag?post=158830"}],"curies":[{"name":"wp","href":"https:\/\/api.w.org\/{rel}","templated":true}]}}