{"id":158824,"date":"2025-12-19T00:15:35","date_gmt":"2025-12-18T21:15:35","guid":{"rendered":"https:\/\/baldumarket.lt\/product\/szafka-kuchenna-dolna-2s-sorento-d60s2-ax-bialy-mat\/"},"modified":"2026-02-18T11:12:39","modified_gmt":"2026-02-18T08:12:39","slug":"szafka-kuchenna-dolna-2s-sorento-d60s2-ax-bialy-mat","status":"publish","type":"product","link":"https:\/\/baldumarket.lt\/lt\/product\/szafka-kuchenna-dolna-2s-sorento-d60s2-ax-bialy-mat\/","title":{"rendered":"Apatin\u0117 virtuv\u0117s spintel\u0117 2S Sorento D60S2 AX matin\u0117s baltos spalvos"},"content":{"rendered":"<p>Atraskite elegancijos \u017eaves\u012f savo virtuv\u0117je su matin\u0117s baltos spalvos \u201eSorento D60S2\u201c virtuv\u0117s spintele. Jos modernus dizainas suteiks j\u016bs\u0173 interjerui unikal\u0173 stili\u0173, derindamas paprastum\u0105 su rafinuotumu. Matin\u0117s baltos spalvos pavir\u0161ius yra ne tik vizualiai patrauklus, bet ir lengvai pri\u017ei\u016brimas \u2013 jis puikiai dera tiek su klasikiniu, tiek su \u0161iuolaikiniu dizainu, suteikdamas interjerui lengvumo ir erdvumo poj\u016bt\u012f. \u0160i virtuv\u0117s spintel\u0117 yra puikus sprendimas tiems, kurie vertina funkcionalum\u0105 ir estetik\u0105. Du erdv\u016bs stal\u010diai suteikia lengv\u0105 prieig\u0105 prie laikom\u0173 daikt\u0173, o pilno i\u0161traukimo b\u0117geliai leid\u017eia lengvai naudoti spintel\u0119. Kiekviena diena virtuv\u0117je tampa patogesn\u0117 su \u201eSorento\u201c virtuv\u0117s spintele, o erdv\u0117s organizavimas tampa efektyvesnis. Korpusas pagamintas i\u0161 patvarios laminuotos plok\u0161t\u0117s, o priekin\u0117 panel\u0117 \u2013 i\u0161 atsparios pa\u017eeidimams MDF, u\u017etikrinan\u010dios patvarum\u0105 ir ilgaam\u017ei\u0161kum\u0105. Auksin\u0117s metalin\u0117s rankenos suteikia prabangos, tod\u0117l \u0161i spintel\u0117 yra idealus dekoratyvinis elementas bet kokiame interjere. Reguliuojamos kojel\u0117s leid\u017eia puikiai reguliuoti spintel\u0117s auk\u0161t\u012f pagal savo poreikius.<\/p>","protected":false},"excerpt":{"rendered":"<p>Plotis (cm): 60<br \/>\n\u016agis (cm): 87<br \/>\nGylis (cm): 52<\/p>","protected":false},"featured_media":158825,"comment_status":"open","ping_status":"open","template":"","meta":[],"product_brand":[],"product_cat":[9436,4106],"product_tag":[],"class_list":{"0":"post-158824","1":"product","2":"type-product","3":"status-publish","4":"has-post-thumbnail","6":"product_cat-kitchen-system-sorento","7":"product_cat-gala-meble","9":"first","10":"instock","11":"purchasable","12":"product-type-simple"},"_links":{"self":[{"href":"https:\/\/baldumarket.lt\/lt\/wp-json\/wp\/v2\/product\/158824","targetHints":{"allow":["GET"]}}],"collection":[{"href":"https:\/\/baldumarket.lt\/lt\/wp-json\/wp\/v2\/product"}],"about":[{"href":"https:\/\/baldumarket.lt\/lt\/wp-json\/wp\/v2\/types\/product"}],"replies":[{"embeddable":true,"href":"https:\/\/baldumarket.lt\/lt\/wp-json\/wp\/v2\/comments?post=158824"}],"wp:featuredmedia":[{"embeddable":true,"href":"https:\/\/baldumarket.lt\/lt\/wp-json\/wp\/v2\/media\/158825"}],"wp:attachment":[{"href":"https:\/\/baldumarket.lt\/lt\/wp-json\/wp\/v2\/media?parent=158824"}],"wp:term":[{"taxonomy":"product_brand","embeddable":true,"href":"https:\/\/baldumarket.lt\/lt\/wp-json\/wp\/v2\/product_brand?post=158824"},{"taxonomy":"product_cat","embeddable":true,"href":"https:\/\/baldumarket.lt\/lt\/wp-json\/wp\/v2\/product_cat?post=158824"},{"taxonomy":"product_tag","embeddable":true,"href":"https:\/\/baldumarket.lt\/lt\/wp-json\/wp\/v2\/product_tag?post=158824"}],"curies":[{"name":"wp","href":"https:\/\/api.w.org\/{rel}","templated":true}]}}