{"id":158819,"date":"2025-12-19T00:15:25","date_gmt":"2025-12-18T21:15:25","guid":{"rendered":"https:\/\/baldumarket.lt\/product\/szafka-kuchenna-dolna-2s-sorento-d60s2-ax-bialy-mat-bezowy-mat\/"},"modified":"2026-02-18T11:12:39","modified_gmt":"2026-02-18T08:12:39","slug":"szafka-kuchenna-dolna-2s-sorento-d60s2-ax-bialy-mat-bezowy-mat","status":"publish","type":"product","link":"https:\/\/baldumarket.lt\/lt\/product\/szafka-kuchenna-dolna-2s-sorento-d60s2-ax-bialy-mat-bezowy-mat\/","title":{"rendered":"Apatin\u0117 virtuv\u0117s spintel\u0117 2S Sorento D60S2 AX matin\u0117s baltos matin\u0117s sm\u0117lio spalvos"},"content":{"rendered":"<p>Atraskite \u201eGa\u0142a Meble\u201c \u201eDolna 2S Sorento D60S2 AX\u201c virtuv\u0117s spintel\u0117s elegancij\u0105 ir funkcionalum\u0105. \u0160is unikalus baldas \u2013 tobulas stiliaus ir \u0161iuolaikinio funkcionalumo derinys. Sm\u0117lio spalvos priekio su matiniu pavir\u0161iumi ir balto korpuso derinys sukuria subtil\u0173 ir eleganti\u0161k\u0105 vaizd\u0105, kuris lengvai der\u0117s prie bet kokio virtuv\u0117s dizaino, suteikdamas lengvumo ir modernumo. \u201eSorento\u201c spintel\u0117 puikiai tinka virtuv\u0117ms, kuriose pabr\u0117\u017eiamas minimalizmas ir modernumas. Matin\u0117 apdaila u\u017etikrina atsparum\u0105 pir\u0161t\u0173 atspaudams ir lengv\u0105 valym\u0105, o tai labai svarbu virtuv\u0117s erdv\u0117se. Klasikin\u0117s juodos spalvos metalin\u0117s rankenos suteikia unikal\u0173 charakter\u012f ir pabr\u0117\u017eia modern\u0173 stili\u0173. \u0160i\u0105 spintel\u0119 unikali daro ne tik i\u0161vaizda \u2013 didelis funkcionalumas paver\u010dia j\u0105 nepakei\u010diamu kasdienio virtuv\u0117s elementu. Du erdv\u016bs stal\u010diai su visi\u0161kai i\u0161traukiamais b\u0117geliais palengvina daikt\u0173 laikym\u0105 ir greit\u0105 prieig\u0105 prie b\u016btiniausi\u0173 pried\u0173 ar maisto produkt\u0173. \u0160velnaus u\u017edarymo sistema u\u017etikrina patog\u0173 naudojim\u0105 ir suteikia papildomos vert\u0117s kasdieniam gyvenimui.<\/p>","protected":false},"excerpt":{"rendered":"<p>Plotis (cm): 60<br \/>\n\u016agis (cm): 87<br \/>\nGylis (cm): 52<\/p>","protected":false},"featured_media":158820,"comment_status":"open","ping_status":"open","template":"","meta":[],"product_brand":[],"product_cat":[9436,4106],"product_tag":[],"class_list":{"0":"post-158819","1":"product","2":"type-product","3":"status-publish","4":"has-post-thumbnail","6":"product_cat-kitchen-system-sorento","7":"product_cat-gala-meble","9":"first","10":"instock","11":"purchasable","12":"product-type-simple"},"_links":{"self":[{"href":"https:\/\/baldumarket.lt\/lt\/wp-json\/wp\/v2\/product\/158819","targetHints":{"allow":["GET"]}}],"collection":[{"href":"https:\/\/baldumarket.lt\/lt\/wp-json\/wp\/v2\/product"}],"about":[{"href":"https:\/\/baldumarket.lt\/lt\/wp-json\/wp\/v2\/types\/product"}],"replies":[{"embeddable":true,"href":"https:\/\/baldumarket.lt\/lt\/wp-json\/wp\/v2\/comments?post=158819"}],"wp:featuredmedia":[{"embeddable":true,"href":"https:\/\/baldumarket.lt\/lt\/wp-json\/wp\/v2\/media\/158820"}],"wp:attachment":[{"href":"https:\/\/baldumarket.lt\/lt\/wp-json\/wp\/v2\/media?parent=158819"}],"wp:term":[{"taxonomy":"product_brand","embeddable":true,"href":"https:\/\/baldumarket.lt\/lt\/wp-json\/wp\/v2\/product_brand?post=158819"},{"taxonomy":"product_cat","embeddable":true,"href":"https:\/\/baldumarket.lt\/lt\/wp-json\/wp\/v2\/product_cat?post=158819"},{"taxonomy":"product_tag","embeddable":true,"href":"https:\/\/baldumarket.lt\/lt\/wp-json\/wp\/v2\/product_tag?post=158819"}],"curies":[{"name":"wp","href":"https:\/\/api.w.org\/{rel}","templated":true}]}}