{"id":158814,"date":"2025-12-19T00:15:16","date_gmt":"2025-12-18T21:15:16","guid":{"rendered":"https:\/\/baldumarket.lt\/product\/szafka-kuchenna-dolna-2s-sorento-d60s2-ax-puccini\/"},"modified":"2026-02-18T11:12:39","modified_gmt":"2026-02-18T08:12:39","slug":"szafka-kuchenna-dolna-2s-sorento-d60s2-ax-puccini","status":"publish","type":"product","link":"https:\/\/baldumarket.lt\/lt\/product\/szafka-kuchenna-dolna-2s-sorento-d60s2-ax-puccini\/","title":{"rendered":"Apatin\u0117 virtuv\u0117s spintel\u0117 2S Sorento D60S2 AX Puccini"},"content":{"rendered":"<p>\u201ePuccini Sorento D60S2 AX\u201c apatin\u0117 virtuv\u0117s spintel\u0117 (2S) \u2013 puikus sprendimas tiems, kurie savo virtuv\u0117je vertina ir stili\u0173, ir funkcionalum\u0105. D\u0117l \u201ePuccini\u201c laminato \u0161is baldas interjerui suteikia elegancijos ir modernumo, lengvai \u012fsilieja \u012f bet koki\u0105 aplink\u0105. Juodos metalin\u0117s rankenos suteikia spintelei industrin\u012f charakter\u012f, tod\u0117l ji puikiai dera prie lofto stiliaus interjero. Spintel\u0117 turi du erdvius stal\u010dius, kurie leid\u017eia efektyviai i\u0161naudoti virtuv\u0117s erdv\u0119. Viso i\u0161traukimo b\u0117geliai suteikia lengv\u0105 prieig\u0105 prie laikom\u0173 daikt\u0173, o tai ne\u012fkainojama kasdieniam naudojimui. Tylus veikimas ir \u0161velnaus u\u017edarymo mechanizmas garantuoja komfort\u0105, u\u017etikrindami rami\u0105 atmosfer\u0105 virtuv\u0117je. Lengvas \u0161ios spintel\u0117s surinkimas daro j\u0105 dar patrauklesn\u0119. Savaranki\u0161kas surinkimas leid\u017eia tiksliai pritaikyti j\u0105 prie asmenini\u0173 poreiki\u0173 ir pageidavim\u0173. Reguliuojamos 15 cm kojel\u0117s leid\u017eia prisitaikyti prie nelygi\u0173 grind\u0173, tod\u0117l spintel\u0117 \u017eymiai padid\u0117ja d\u0117l stabilumo ir patogumo.<\/p>","protected":false},"excerpt":{"rendered":"<p>Plotis (cm): 60<br \/>\n\u016agis (cm): 87<br \/>\nGylis (cm): 52<\/p>","protected":false},"featured_media":158815,"comment_status":"open","ping_status":"open","template":"","meta":[],"product_brand":[],"product_cat":[9436,4106],"product_tag":[],"class_list":{"0":"post-158814","1":"product","2":"type-product","3":"status-publish","4":"has-post-thumbnail","6":"product_cat-kitchen-system-sorento","7":"product_cat-gala-meble","9":"first","10":"instock","11":"purchasable","12":"product-type-simple"},"_links":{"self":[{"href":"https:\/\/baldumarket.lt\/lt\/wp-json\/wp\/v2\/product\/158814","targetHints":{"allow":["GET"]}}],"collection":[{"href":"https:\/\/baldumarket.lt\/lt\/wp-json\/wp\/v2\/product"}],"about":[{"href":"https:\/\/baldumarket.lt\/lt\/wp-json\/wp\/v2\/types\/product"}],"replies":[{"embeddable":true,"href":"https:\/\/baldumarket.lt\/lt\/wp-json\/wp\/v2\/comments?post=158814"}],"wp:featuredmedia":[{"embeddable":true,"href":"https:\/\/baldumarket.lt\/lt\/wp-json\/wp\/v2\/media\/158815"}],"wp:attachment":[{"href":"https:\/\/baldumarket.lt\/lt\/wp-json\/wp\/v2\/media?parent=158814"}],"wp:term":[{"taxonomy":"product_brand","embeddable":true,"href":"https:\/\/baldumarket.lt\/lt\/wp-json\/wp\/v2\/product_brand?post=158814"},{"taxonomy":"product_cat","embeddable":true,"href":"https:\/\/baldumarket.lt\/lt\/wp-json\/wp\/v2\/product_cat?post=158814"},{"taxonomy":"product_tag","embeddable":true,"href":"https:\/\/baldumarket.lt\/lt\/wp-json\/wp\/v2\/product_tag?post=158814"}],"curies":[{"name":"wp","href":"https:\/\/api.w.org\/{rel}","templated":true}]}}