{"id":158809,"date":"2025-12-19T00:15:05","date_gmt":"2025-12-18T21:15:05","guid":{"rendered":"https:\/\/baldumarket.lt\/product\/szafka-kuchenna-dolna-2s-sorento-d60s2-ax-puccini-bezowy-mat\/"},"modified":"2026-02-18T11:12:23","modified_gmt":"2026-02-18T08:12:23","slug":"szafka-kuchenna-dolna-2s-sorento-d60s2-ax-puccini-bezowy-mat","status":"publish","type":"product","link":"https:\/\/baldumarket.lt\/lt\/product\/szafka-kuchenna-dolna-2s-sorento-d60s2-ax-puccini-bezowy-mat\/","title":{"rendered":"Apatin\u0117 virtuv\u0117s spintel\u0117 2S Sorento D60S2 AX Puccini matin\u0117s sm\u0117lio spalvos"},"content":{"rendered":"<p>\u201eSorento D60S2 AX\u201c virtuv\u0117s spintel\u0117 \u2013 puikus pasirinkimas tiems, kurie vertina ir estetik\u0105, ir funkcionalum\u0105. Eleganti\u0161ka matin\u0117 sm\u0117lio spalvos priekin\u0117 dalis kartu su \u201ePuccini\u201c spalv\u0173 gama sukuria subtil\u0173, ta\u010diau stiling\u0105 bet kurios virtuv\u0117s \u012fvaizd\u012f. D\u0117l to ji puikiai tinka tiek moderniam, tiek klasikiniam interjerui, suteikdama lengvumo ir rafinuotumo. \u0160i virtuv\u0117s spintel\u0117 ne tik traukia ak\u012f, bet ir suteikia funkcionali\u0173 sprendim\u0173 kasdieniams poreikiams. Dviej\u0173 erdvi\u0173 stal\u010di\u0173 d\u0117ka vartotojas gali efektyviai laikyti \u012fvairius virtuv\u0117s reikmenis. Viso i\u0161traukimo stal\u010diai palengvina prieig\u0105 prie turinio, o tylus j\u0173 u\u017edarymas pagerina komfort\u0105, tod\u0117l \u0161is baldas yra idealus pasirinkimas tiems, kurie vertina patogum\u0105 ir prakti\u0161kum\u0105. Juodos metalin\u0117s rankenos ne tik pabr\u0117\u017eia modern\u0173 spintel\u0117s dizain\u0105, bet ir suteikia patvarumo bei patogumo kasdieniam naudojimui. Tvirta konstrukcija, pagaminta i\u0161 laminuotos plok\u0161t\u0117s, u\u017etikrina atsparum\u0105 pa\u017eeidimams ir ilgalaik\u012f tarnavim\u0105. Reguliuojam\u0173 kojeli\u0173 d\u0117ka spintel\u0117s surinkimas ir pad\u0117ties nustatymas yra ne\u012ftik\u0117tinai paprastas, tod\u0117l j\u0105 galima puikiai pritaikyti individualiems vartotojo poreikiams.<\/p>","protected":false},"excerpt":{"rendered":"<p>Plotis (cm): 60<br \/>\n\u016agis (cm): 87<br \/>\nGylis (cm): 52<\/p>","protected":false},"featured_media":158810,"comment_status":"open","ping_status":"open","template":"","meta":[],"product_brand":[],"product_cat":[9436,4106],"product_tag":[],"class_list":{"0":"post-158809","1":"product","2":"type-product","3":"status-publish","4":"has-post-thumbnail","6":"product_cat-kitchen-system-sorento","7":"product_cat-gala-meble","9":"first","10":"instock","11":"purchasable","12":"product-type-simple"},"_links":{"self":[{"href":"https:\/\/baldumarket.lt\/lt\/wp-json\/wp\/v2\/product\/158809","targetHints":{"allow":["GET"]}}],"collection":[{"href":"https:\/\/baldumarket.lt\/lt\/wp-json\/wp\/v2\/product"}],"about":[{"href":"https:\/\/baldumarket.lt\/lt\/wp-json\/wp\/v2\/types\/product"}],"replies":[{"embeddable":true,"href":"https:\/\/baldumarket.lt\/lt\/wp-json\/wp\/v2\/comments?post=158809"}],"wp:featuredmedia":[{"embeddable":true,"href":"https:\/\/baldumarket.lt\/lt\/wp-json\/wp\/v2\/media\/158810"}],"wp:attachment":[{"href":"https:\/\/baldumarket.lt\/lt\/wp-json\/wp\/v2\/media?parent=158809"}],"wp:term":[{"taxonomy":"product_brand","embeddable":true,"href":"https:\/\/baldumarket.lt\/lt\/wp-json\/wp\/v2\/product_brand?post=158809"},{"taxonomy":"product_cat","embeddable":true,"href":"https:\/\/baldumarket.lt\/lt\/wp-json\/wp\/v2\/product_cat?post=158809"},{"taxonomy":"product_tag","embeddable":true,"href":"https:\/\/baldumarket.lt\/lt\/wp-json\/wp\/v2\/product_tag?post=158809"}],"curies":[{"name":"wp","href":"https:\/\/api.w.org\/{rel}","templated":true}]}}