{"id":158799,"date":"2025-12-19T00:14:43","date_gmt":"2025-12-18T21:14:43","guid":{"rendered":"https:\/\/baldumarket.lt\/product\/szafka-kuchenna-dolna-2s-sorento-d60s2-ax-puccini-green\/"},"modified":"2026-02-18T11:12:23","modified_gmt":"2026-02-18T08:12:23","slug":"szafka-kuchenna-dolna-2s-sorento-d60s2-ax-puccini-green","status":"publish","type":"product","link":"https:\/\/baldumarket.lt\/lt\/product\/szafka-kuchenna-dolna-2s-sorento-d60s2-ax-puccini-green\/","title":{"rendered":"Apatin\u0117 virtuv\u0117s spintel\u0117 2S Sorento D60S2 AX Puccini Green"},"content":{"rendered":"<p>Atraskite elegancij\u0105 ir funkcionalum\u0105 savo virtuv\u0117je su \u201eSorento D60S2 AX 2S\u201c apatine spintele, pasi\u017eymin\u010dia \u017eaviu \u201ePuccini Green\u201c atspalviu i\u0161 garsaus \u201eGa\u0142a Meble\u201c prek\u0117s \u017eenklo. \u0160is unikalus baldas harmoningai derina modern\u0173 dizain\u0105 su prakti\u0161kais sprendimais, kurie supaprastins virtuv\u0117s organizavim\u0105. Unikali \u017ealia fasad\u0173 spalva suteikia interjerui gaivumo ir individualumo, tod\u0117l \u0161i spintel\u0117 idealiai tinka tiek klasikiniam, tiek moderniam interjerui. \u010cia funkcionalumas dera su estetika auk\u0161\u010diausiu lygiu. D\u0117l dviej\u0173 erdvi\u0173 stal\u010di\u0173 su tyliu, pilno i\u0161traukimo veikimu virtuv\u0117s pried\u0173 laikymas tampa paprastesnis ir efektyvesnis. \u201eSorento\u201c spintel\u0117 puikiai patenkina t\u0173, kurie vertina komfort\u0105 ir gerai apgalvot\u0105 prietais\u0173 i\u0161d\u0117stym\u0105, poreikius. Eleganti\u0161kos juodos spalvos metalin\u0117s ranken\u0117l\u0117s suteikia modernumo ir rafinuotumo, puikiai papildydamos bendr\u0105 vaizd\u0105. \u201eSorento D60S2 AX\u201c virtuv\u0117s spintel\u0117 \u017eavi ne tik savo i\u0161vaizda, bet ir patvarumu. Pagaminta i\u0161 laminuotos plok\u0161t\u0117s, ji yra atspari pa\u017eeidimams, tod\u0117l idealiai tinka intensyviam naudojimui virtuv\u0117je. Stabilumas ir ilgaam\u017ei\u0161kumas n\u0117ra vieninteliai \u0161io modelio privalumai \u2013 reguliuojamos kojel\u0117s leid\u017eia lengvai pritaikyti auk\u0161t\u012f pagal individualius poreikius, u\u017etikrinant puik\u0173 der\u0117jim\u0105 su kitais virtuv\u0117s dekoro elementais.<\/p>","protected":false},"excerpt":{"rendered":"<p>Plotis (cm): 60<br \/>\n\u016agis (cm): 87<br \/>\nGylis (cm): 52<\/p>","protected":false},"featured_media":158800,"comment_status":"open","ping_status":"open","template":"","meta":[],"product_brand":[],"product_cat":[9436,4106],"product_tag":[],"class_list":{"0":"post-158799","1":"product","2":"type-product","3":"status-publish","4":"has-post-thumbnail","6":"product_cat-kitchen-system-sorento","7":"product_cat-gala-meble","9":"first","10":"instock","11":"purchasable","12":"product-type-simple"},"_links":{"self":[{"href":"https:\/\/baldumarket.lt\/lt\/wp-json\/wp\/v2\/product\/158799","targetHints":{"allow":["GET"]}}],"collection":[{"href":"https:\/\/baldumarket.lt\/lt\/wp-json\/wp\/v2\/product"}],"about":[{"href":"https:\/\/baldumarket.lt\/lt\/wp-json\/wp\/v2\/types\/product"}],"replies":[{"embeddable":true,"href":"https:\/\/baldumarket.lt\/lt\/wp-json\/wp\/v2\/comments?post=158799"}],"wp:featuredmedia":[{"embeddable":true,"href":"https:\/\/baldumarket.lt\/lt\/wp-json\/wp\/v2\/media\/158800"}],"wp:attachment":[{"href":"https:\/\/baldumarket.lt\/lt\/wp-json\/wp\/v2\/media?parent=158799"}],"wp:term":[{"taxonomy":"product_brand","embeddable":true,"href":"https:\/\/baldumarket.lt\/lt\/wp-json\/wp\/v2\/product_brand?post=158799"},{"taxonomy":"product_cat","embeddable":true,"href":"https:\/\/baldumarket.lt\/lt\/wp-json\/wp\/v2\/product_cat?post=158799"},{"taxonomy":"product_tag","embeddable":true,"href":"https:\/\/baldumarket.lt\/lt\/wp-json\/wp\/v2\/product_tag?post=158799"}],"curies":[{"name":"wp","href":"https:\/\/api.w.org\/{rel}","templated":true}]}}