{"id":158794,"date":"2025-12-19T00:14:32","date_gmt":"2025-12-18T21:14:32","guid":{"rendered":"https:\/\/baldumarket.lt\/product\/szafka-kuchenna-dolna-2s-z-wkladem-do-segregacji-sorento-d60zs-ax-bialy-mat-puccini\/"},"modified":"2026-02-18T11:12:23","modified_gmt":"2026-02-18T08:12:23","slug":"szafka-kuchenna-dolna-2s-z-wkladem-do-segregacji-sorento-d60zs-ax-bialy-mat-puccini","status":"publish","type":"product","link":"https:\/\/baldumarket.lt\/lt\/product\/szafka-kuchenna-dolna-2s-z-wkladem-do-segregacji-sorento-d60zs-ax-bialy-mat-puccini\/","title":{"rendered":"2S apatin\u0117 virtuv\u0117s spintel\u0117 su r\u016b\u0161iavimo \u012fd\u0117klu Sorento D60ZS AX matin\u0117s baltos spalvos Puccini"},"content":{"rendered":"<p>Atraskite nauj\u0105 kokyb\u0117s lyg\u012f su modernia \u201eGa\u0142a Meble\u201c 2S apatine virtuv\u0117s spintele, kurioje dera elegancija ir funkcionalumas. Gra\u017eios Puccini spalvos ir matin\u0117s baltos spalvos korpusas puikiai dera prie minimalistinio interjero dizaino. \u0160is neprilygstamas spalv\u0173 derinys daro spintel\u0119 ne\u012ftik\u0117tinai universali\u0105, tinkan\u010di\u0105 tiek klasikinei, tiek moderniai virtuvei. M\u0117gaukit\u0117s kasdieniu prakti\u0161kumu d\u0117l 30 litr\u0173 talpos atliek\u0173 r\u016b\u0161iavimo konteinerio. \u0160is elementas ne tik palengvina tvarkos palaikym\u0105, bet ir palaiko ekologi\u0161k\u0105 po\u017ei\u016br\u012f, kuris tampa vis da\u017enesnis \u0161iuolaikiniuose namuose. Intuityv\u016bs techniniai sprendimai, tokie kaip pilno i\u0161traukimo b\u0117geliai ir \u0161velniai u\u017esidarantis \u201eClip-On\u201c vyris, u\u017etikrina i\u0161skirtin\u012f komfort\u0105. Atkreipkite d\u0117mes\u012f \u012f auk\u0161tas, reguliuojamas kojeles, kurios suteikia spintelei lengvumo ir leid\u017eia reguliuoti jos auk\u0161t\u012f pagal individualius poreikius. Juodos metalin\u0117s rankenos \u2013 tai detal\u0117, suteikianti visai konstrukcijai modern\u0173 charakter\u012f ir pabr\u0117\u017eianti rafinuot\u0105 dizain\u0105. Unikalus med\u017eiag\u0173 ir spalv\u0173 derinys paver\u010dia \u0161i\u0105 spintel\u0119 tikru brangakmeniu bet kurioje virtuv\u0117je.<\/p>","protected":false},"excerpt":{"rendered":"<p>Plotis (cm): 60<br \/>\n\u016agis (cm): 87<br \/>\nGylis (cm): 52<\/p>","protected":false},"featured_media":158795,"comment_status":"open","ping_status":"open","template":"","meta":[],"product_brand":[],"product_cat":[9436,4106],"product_tag":[],"class_list":{"0":"post-158794","1":"product","2":"type-product","3":"status-publish","4":"has-post-thumbnail","6":"product_cat-kitchen-system-sorento","7":"product_cat-gala-meble","9":"first","10":"instock","11":"purchasable","12":"product-type-simple"},"_links":{"self":[{"href":"https:\/\/baldumarket.lt\/lt\/wp-json\/wp\/v2\/product\/158794","targetHints":{"allow":["GET"]}}],"collection":[{"href":"https:\/\/baldumarket.lt\/lt\/wp-json\/wp\/v2\/product"}],"about":[{"href":"https:\/\/baldumarket.lt\/lt\/wp-json\/wp\/v2\/types\/product"}],"replies":[{"embeddable":true,"href":"https:\/\/baldumarket.lt\/lt\/wp-json\/wp\/v2\/comments?post=158794"}],"wp:featuredmedia":[{"embeddable":true,"href":"https:\/\/baldumarket.lt\/lt\/wp-json\/wp\/v2\/media\/158795"}],"wp:attachment":[{"href":"https:\/\/baldumarket.lt\/lt\/wp-json\/wp\/v2\/media?parent=158794"}],"wp:term":[{"taxonomy":"product_brand","embeddable":true,"href":"https:\/\/baldumarket.lt\/lt\/wp-json\/wp\/v2\/product_brand?post=158794"},{"taxonomy":"product_cat","embeddable":true,"href":"https:\/\/baldumarket.lt\/lt\/wp-json\/wp\/v2\/product_cat?post=158794"},{"taxonomy":"product_tag","embeddable":true,"href":"https:\/\/baldumarket.lt\/lt\/wp-json\/wp\/v2\/product_tag?post=158794"}],"curies":[{"name":"wp","href":"https:\/\/api.w.org\/{rel}","templated":true}]}}