{"id":158789,"date":"2025-12-19T00:14:22","date_gmt":"2025-12-18T21:14:22","guid":{"rendered":"https:\/\/baldumarket.lt\/product\/szafka-kuchenna-dolna-2s-z-wkladem-na-sztucce-sorento-d60s21-ax-baltic-storm-bezowy-mat\/"},"modified":"2026-02-18T11:12:23","modified_gmt":"2026-02-18T08:12:23","slug":"szafka-kuchenna-dolna-2s-z-wkladem-na-sztucce-sorento-d60s21-ax-baltic-storm-bezowy-mat","status":"publish","type":"product","link":"https:\/\/baldumarket.lt\/lt\/product\/szafka-kuchenna-dolna-2s-z-wkladem-na-sztucce-sorento-d60s21-ax-baltic-storm-bezowy-mat\/","title":{"rendered":"Apatin\u0117 virtuv\u0117s spintel\u0117 2S su stalo \u012franki\u0173 \u012fd\u0117klu Sorento D60S2+1 AX Baltic Storm matin\u0117s sm\u0117lio spalvos"},"content":{"rendered":"<p>Atraskite virtuv\u0117s dizaino magij\u0105 su m\u016bs\u0173 unikalia apatine virtuv\u0117s spintele \u201eSorento 2S\u201c su stalo \u012franki\u0173 \u012fd\u0117klu. Tai ne tik prakti\u0161kas daikt\u0173 laikymo sprendimas, bet ir tikras akcentas bet kurioje virtuv\u0117je. Matin\u0117s sm\u0117lio spalvos priekin\u0117 dalis harmoningai dera su \u201eBaltic Storm\u201c korpusu, sukurdama eleganti\u0161k\u0105 ir modern\u0173 vaizd\u0105, kuris suteiks gaivumo bet kokiam interjerui. Kiekviena akimirka, praleista virtuv\u0117je su \u0161ia spintele, tampa malonesn\u0117 d\u0117l funkcionalaus dizaino. Naudojimo paprastumas kyla i\u0161 dviej\u0173 erdvi\u0173 i\u0161orini\u0173 stal\u010di\u0173, leid\u017eian\u010di\u0173 efektyviai valdyti erdv\u0119. Juodos metalin\u0117s rankenos suteikia rafinuotumo ir prabangos, o pilno i\u0161traukimo b\u0117geliai u\u017etikrina tyl\u0173 ir skland\u0173 veikim\u0105, ne\u012fkainojam\u0105 dinami\u0161koje virtuv\u0117je. \u010cia estetika dera su prakti\u0161kumu, nes \u012f vidin\u012f stal\u010di\u0173 integruotas stalo \u012franki\u0173 \u012fd\u0117klas leid\u017eia efektyviai organizuoti daiktus. Stumdomi elementai veikia skland\u017eiai, o spintel\u0117 i\u0161lieka patikimu partneriu virtuv\u0117s i\u0161\u0161\u016bkiuose, pasiruo\u0161usiu sutalpinti visus j\u016bs\u0173 b\u016btiniausius priedus. Tai ne tik baldas, bet ir tikras pagalbininkas kasdien\u0117se kulinarin\u0117se kelion\u0117se.<\/p>","protected":false},"excerpt":{"rendered":"<p>Plotis (cm): 60<br \/>\n\u016agis (cm): 87<br \/>\nGylis (cm): 52<\/p>","protected":false},"featured_media":158790,"comment_status":"open","ping_status":"open","template":"","meta":[],"product_brand":[],"product_cat":[9436,4106],"product_tag":[],"class_list":{"0":"post-158789","1":"product","2":"type-product","3":"status-publish","4":"has-post-thumbnail","6":"product_cat-kitchen-system-sorento","7":"product_cat-gala-meble","9":"first","10":"instock","11":"purchasable","12":"product-type-simple"},"_links":{"self":[{"href":"https:\/\/baldumarket.lt\/lt\/wp-json\/wp\/v2\/product\/158789","targetHints":{"allow":["GET"]}}],"collection":[{"href":"https:\/\/baldumarket.lt\/lt\/wp-json\/wp\/v2\/product"}],"about":[{"href":"https:\/\/baldumarket.lt\/lt\/wp-json\/wp\/v2\/types\/product"}],"replies":[{"embeddable":true,"href":"https:\/\/baldumarket.lt\/lt\/wp-json\/wp\/v2\/comments?post=158789"}],"wp:featuredmedia":[{"embeddable":true,"href":"https:\/\/baldumarket.lt\/lt\/wp-json\/wp\/v2\/media\/158790"}],"wp:attachment":[{"href":"https:\/\/baldumarket.lt\/lt\/wp-json\/wp\/v2\/media?parent=158789"}],"wp:term":[{"taxonomy":"product_brand","embeddable":true,"href":"https:\/\/baldumarket.lt\/lt\/wp-json\/wp\/v2\/product_brand?post=158789"},{"taxonomy":"product_cat","embeddable":true,"href":"https:\/\/baldumarket.lt\/lt\/wp-json\/wp\/v2\/product_cat?post=158789"},{"taxonomy":"product_tag","embeddable":true,"href":"https:\/\/baldumarket.lt\/lt\/wp-json\/wp\/v2\/product_tag?post=158789"}],"curies":[{"name":"wp","href":"https:\/\/api.w.org\/{rel}","templated":true}]}}