{"id":158784,"date":"2025-12-19T00:14:13","date_gmt":"2025-12-18T21:14:13","guid":{"rendered":"https:\/\/baldumarket.lt\/product\/szafka-kuchenna-dolna-2s-z-wkladem-na-sztucce-sorento-d60s21-ax-baltic-storm-green\/"},"modified":"2026-02-18T11:12:23","modified_gmt":"2026-02-18T08:12:23","slug":"szafka-kuchenna-dolna-2s-z-wkladem-na-sztucce-sorento-d60s21-ax-baltic-storm-green","status":"publish","type":"product","link":"https:\/\/baldumarket.lt\/lt\/product\/szafka-kuchenna-dolna-2s-z-wkladem-na-sztucce-sorento-d60s21-ax-baltic-storm-green\/","title":{"rendered":"Apatin\u0117 virtuv\u0117s spintel\u0117 2S su stalo \u012franki\u0173 \u012fd\u0117klu Sorento D60S2+1 AX Baltic Storm Green"},"content":{"rendered":"<p>Atraskite gro\u017e\u012f ir funkcionalum\u0105 viename su \u201eGa\u0142a Meble\u201c \u201eSorento\u201c serijos 2S apatine virtuv\u0117s spintele. \u0160is modelis yra modernaus dizaino sinonimas, puikiai tinkantis j\u016bs\u0173 virtuvei. Eleganti\u0161ka matin\u0117 \u017ealia priekin\u0117 dalis ir \u201eBaltic Storm\u201c apdaila suteikia spintelei gaivumo ir stiliaus j\u016bs\u0173 interjerui. Paprasta forma kartu su unikalia spalv\u0173 gama paver\u010dia j\u0105 ry\u0161kiu bet kurios virtuv\u0117s akcentu. Spintel\u0117s funkcionalumas yra toks pat \u012fsp\u016bdingas, kaip ir jos dizainas. Dviej\u0173 lygi\u0173 stal\u010diai u\u017etikrina puik\u0173 erdv\u0117s organizavim\u0105, o vidiniame stal\u010diuje esantis stalo \u012franki\u0173 d\u0117klas patenkins tuos, kurie vertina tvark\u0105. D\u0117l pilno i\u0161traukimo b\u0117geli\u0173 ir \u0161velnaus u\u017edarymo mechanizmo galite m\u0117gautis skland\u017eiu ir \u0161velniu veikimu kiekvien\u0105 dien\u0105. Spintel\u0117 sukurta taip, kad j\u0105 b\u016bt\u0173 galima surinkti savaranki\u0161kai, tod\u0117l j\u0105 lengva integruoti \u012f bet kok\u012f virtuv\u0117s dizain\u0105. Negalima nepasteb\u0117ti ir praktini\u0173 \u0161ios virtuv\u0117s spintel\u0117s naudojimo aspekt\u0173. Subtilios juodos spalvos metalin\u0117s rankenos puikiai papildo bendr\u0105 dizain\u0105, suteikdamos elegancijos ir patvarumo. Reguliuojamos kojel\u0117s leid\u017eia reguliuoti spintel\u0117s auk\u0161t\u012f pagal savo poreikius, tod\u0117l interjero dizainas tampa stabilesnis ir lankstesnis. Tai tikras malonumas tiems, kurie vertina individual\u0173 komfort\u0105.<\/p>","protected":false},"excerpt":{"rendered":"<p>Plotis (cm): 60<br \/>\n\u016agis (cm): 87<br \/>\nGylis (cm): 52<\/p>","protected":false},"featured_media":158785,"comment_status":"open","ping_status":"open","template":"","meta":[],"product_brand":[],"product_cat":[9436,4106],"product_tag":[],"class_list":{"0":"post-158784","1":"product","2":"type-product","3":"status-publish","4":"has-post-thumbnail","6":"product_cat-kitchen-system-sorento","7":"product_cat-gala-meble","9":"first","10":"instock","11":"purchasable","12":"product-type-simple"},"_links":{"self":[{"href":"https:\/\/baldumarket.lt\/lt\/wp-json\/wp\/v2\/product\/158784","targetHints":{"allow":["GET"]}}],"collection":[{"href":"https:\/\/baldumarket.lt\/lt\/wp-json\/wp\/v2\/product"}],"about":[{"href":"https:\/\/baldumarket.lt\/lt\/wp-json\/wp\/v2\/types\/product"}],"replies":[{"embeddable":true,"href":"https:\/\/baldumarket.lt\/lt\/wp-json\/wp\/v2\/comments?post=158784"}],"wp:featuredmedia":[{"embeddable":true,"href":"https:\/\/baldumarket.lt\/lt\/wp-json\/wp\/v2\/media\/158785"}],"wp:attachment":[{"href":"https:\/\/baldumarket.lt\/lt\/wp-json\/wp\/v2\/media?parent=158784"}],"wp:term":[{"taxonomy":"product_brand","embeddable":true,"href":"https:\/\/baldumarket.lt\/lt\/wp-json\/wp\/v2\/product_brand?post=158784"},{"taxonomy":"product_cat","embeddable":true,"href":"https:\/\/baldumarket.lt\/lt\/wp-json\/wp\/v2\/product_cat?post=158784"},{"taxonomy":"product_tag","embeddable":true,"href":"https:\/\/baldumarket.lt\/lt\/wp-json\/wp\/v2\/product_tag?post=158784"}],"curies":[{"name":"wp","href":"https:\/\/api.w.org\/{rel}","templated":true}]}}