{"id":158779,"date":"2025-12-19T00:14:03","date_gmt":"2025-12-18T21:14:03","guid":{"rendered":"https:\/\/baldumarket.lt\/product\/szafka-kuchenna-dolna-2s-z-wkladem-na-sztucce-sorento-d60s21-ax-bialy-green\/"},"modified":"2026-02-18T11:12:23","modified_gmt":"2026-02-18T08:12:23","slug":"szafka-kuchenna-dolna-2s-z-wkladem-na-sztucce-sorento-d60s21-ax-bialy-green","status":"publish","type":"product","link":"https:\/\/baldumarket.lt\/lt\/product\/szafka-kuchenna-dolna-2s-z-wkladem-na-sztucce-sorento-d60s21-ax-bialy-green\/","title":{"rendered":"Apatin\u0117 virtuv\u0117s spintel\u0117 2S su stalo \u012franki\u0173 \u012fd\u0117klu Sorento D60S2+1 AX balta \u017ealia"},"content":{"rendered":"<p>\u201eSorento 2S\u201c apatin\u0117 virtuv\u0117s spintel\u0117 su stalo \u012franki\u0173 \u012fd\u0117klu \u2013 tai tobulas elegancijos ir funkcionalumo derinys, kuris pagyvins j\u016bs\u0173 virtuv\u0119. Stilingas matin\u0117s \u017ealios spalvos priekis ir matin\u0117s baltos spalvos korpusas puikiai dera su naujausiomis interjero dizaino tendencijomis, suteikdamas erdvei gaivumo ir harmonijos. \u0160i spintel\u0117 puikiai der\u0117s tiek prie modernaus, tiek prie klasikinio virtuv\u0117s dizaino, suteikdama jai unikalaus charakterio. Prakti\u0161kumas yra vienas i\u0161 pagrindini\u0173 \u201eSorento\u201c spintel\u0117s privalum\u0173. Tur\u0117dami du i\u0161orinius ir vien\u0105 vidin\u012f stal\u010dius su stalo \u012franki\u0173 \u012fd\u0117klu, galite lengvai susid\u0117ti visus b\u016btiniausius virtuv\u0117s reikmenis. Sukurti efektyviai i\u0161naudoti erdv\u0119, stal\u010diai gali atlaikyti iki 40 kg svor\u012f, u\u017etikrinant j\u0173 talpum\u0105 net ir esant dideliam naudojimui. Kiekvienas atidarymas turi \u0161velnaus u\u017edarymo mechanizm\u0105, u\u017etikrinant\u012f komfort\u0105 gaminant maist\u0105 ir valant. Auk\u0161tos kojel\u0117s suteikia estetin\u0119 vert\u0119 ir palengvina kasdien\u012f naudojim\u0105. \u0160ios 15 cm reguliuojamos kojel\u0117s leid\u017eia pritaikyti spintel\u0119 pagal savo poreikius, o tai ne\u012fkainojama namuose, kur skirtingi grind\u0173 lygiai gali b\u016bti i\u0161\u0161\u016bkis. Be to, juodos metalin\u0117s rankenos sustiprina modern\u0173 spintel\u0117s charakter\u012f ir suteikia rafinuotumo.<\/p>","protected":false},"excerpt":{"rendered":"<p>Plotis (cm): 60<br \/>\n\u016agis (cm): 87<br \/>\nGylis (cm): 52<\/p>","protected":false},"featured_media":158780,"comment_status":"open","ping_status":"open","template":"","meta":[],"product_brand":[],"product_cat":[9436,4106],"product_tag":[],"class_list":{"0":"post-158779","1":"product","2":"type-product","3":"status-publish","4":"has-post-thumbnail","6":"product_cat-kitchen-system-sorento","7":"product_cat-gala-meble","9":"first","10":"instock","11":"purchasable","12":"product-type-simple"},"_links":{"self":[{"href":"https:\/\/baldumarket.lt\/lt\/wp-json\/wp\/v2\/product\/158779","targetHints":{"allow":["GET"]}}],"collection":[{"href":"https:\/\/baldumarket.lt\/lt\/wp-json\/wp\/v2\/product"}],"about":[{"href":"https:\/\/baldumarket.lt\/lt\/wp-json\/wp\/v2\/types\/product"}],"replies":[{"embeddable":true,"href":"https:\/\/baldumarket.lt\/lt\/wp-json\/wp\/v2\/comments?post=158779"}],"wp:featuredmedia":[{"embeddable":true,"href":"https:\/\/baldumarket.lt\/lt\/wp-json\/wp\/v2\/media\/158780"}],"wp:attachment":[{"href":"https:\/\/baldumarket.lt\/lt\/wp-json\/wp\/v2\/media?parent=158779"}],"wp:term":[{"taxonomy":"product_brand","embeddable":true,"href":"https:\/\/baldumarket.lt\/lt\/wp-json\/wp\/v2\/product_brand?post=158779"},{"taxonomy":"product_cat","embeddable":true,"href":"https:\/\/baldumarket.lt\/lt\/wp-json\/wp\/v2\/product_cat?post=158779"},{"taxonomy":"product_tag","embeddable":true,"href":"https:\/\/baldumarket.lt\/lt\/wp-json\/wp\/v2\/product_tag?post=158779"}],"curies":[{"name":"wp","href":"https:\/\/api.w.org\/{rel}","templated":true}]}}