{"id":158773,"date":"2025-12-19T00:13:50","date_gmt":"2025-12-18T21:13:50","guid":{"rendered":"https:\/\/baldumarket.lt\/product\/szafka-kuchenna-dolna-2s-z-wkladem-na-sztucce-sorento-d60s21-ax-bialy-mat\/"},"modified":"2026-02-18T11:12:23","modified_gmt":"2026-02-18T08:12:23","slug":"szafka-kuchenna-dolna-2s-z-wkladem-na-sztucce-sorento-d60s21-ax-bialy-mat","status":"publish","type":"product","link":"https:\/\/baldumarket.lt\/lt\/product\/szafka-kuchenna-dolna-2s-z-wkladem-na-sztucce-sorento-d60s21-ax-bialy-mat\/","title":{"rendered":"Apatin\u0117 virtuv\u0117s spintel\u0117 2S su stalo \u012franki\u0173 \u012fd\u0117klu Sorento D60S2+1 AX matin\u0117s baltos spalvos"},"content":{"rendered":"<p>\u201eSorento D60S2+1 AX 2-S\u201c virtuv\u0117s spintel\u0117 su stalo \u012franki\u0173 \u012fd\u0117klu \u2013 tai elegancijos ir funkcionalumo derinys, patenkinsiantis net ir i\u0161rankiausius kulinarijos entuziastus. Subtilus matin\u0117s baltos spalvos priekis ir korpusas puikiai dera prie modernios virtuv\u0117s, suteikdamas lengvumo ir modernaus stiliaus. Tai pasirinkimas tiems, kurie vertina paprastum\u0105 ir elegancij\u0105. \u201eSorento D60S2+1 AX\u201c spintel\u0117s estetinis patrauklumas derinamas su praktiniais privalumais. 15 cm auk\u0161\u010dio reguliuojamo auk\u0161\u010dio kojel\u0117s u\u017etikrina stabilum\u0105 ir leid\u017eia reguliuoti auk\u0161t\u012f prie \u012fvairi\u0173 pavir\u0161i\u0173, o tai ypa\u010d svarbu dinami\u0161kose virtuv\u0117s erdv\u0117se. Spintel\u0117 taip pat turi prakti\u0161kus i\u0161orinius stal\u010dius ir vidin\u012f stal\u010di\u0173 su stalo \u012franki\u0173 \u012fd\u0117klu, leid\u017eian\u010dius efektyviai organizuoti virtuv\u0119 be nereikalingos netvarkos. Aukso spalvos metalin\u0117 rankena suteikia spintelei rafinuotumo, o kartu su visi\u0161kai i\u0161traukiamais b\u0117geliais ja naudotis lengva ir patogu. Stal\u010diai u\u017esidaro tyliai ir \u0161velniai d\u0117l \u0161velnaus u\u017edarymo sistemos, tod\u0117l kasdien naudojantis \u0161ia unikalia spintele yra patogiau. Pamir\u0161kite bald\u0173 u\u017edarymo triuk\u0161m\u0105 \u2013 dabar kiekviena akimirka virtuv\u0117je bus nepalyginamai maloni.<\/p>","protected":false},"excerpt":{"rendered":"<p>Plotis (cm): 60<br \/>\n\u016agis (cm): 87<br \/>\nGylis (cm): 52<\/p>","protected":false},"featured_media":158774,"comment_status":"open","ping_status":"open","template":"","meta":[],"product_brand":[],"product_cat":[9436,4106],"product_tag":[],"class_list":{"0":"post-158773","1":"product","2":"type-product","3":"status-publish","4":"has-post-thumbnail","6":"product_cat-kitchen-system-sorento","7":"product_cat-gala-meble","9":"first","10":"instock","11":"purchasable","12":"product-type-simple"},"_links":{"self":[{"href":"https:\/\/baldumarket.lt\/lt\/wp-json\/wp\/v2\/product\/158773","targetHints":{"allow":["GET"]}}],"collection":[{"href":"https:\/\/baldumarket.lt\/lt\/wp-json\/wp\/v2\/product"}],"about":[{"href":"https:\/\/baldumarket.lt\/lt\/wp-json\/wp\/v2\/types\/product"}],"replies":[{"embeddable":true,"href":"https:\/\/baldumarket.lt\/lt\/wp-json\/wp\/v2\/comments?post=158773"}],"wp:featuredmedia":[{"embeddable":true,"href":"https:\/\/baldumarket.lt\/lt\/wp-json\/wp\/v2\/media\/158774"}],"wp:attachment":[{"href":"https:\/\/baldumarket.lt\/lt\/wp-json\/wp\/v2\/media?parent=158773"}],"wp:term":[{"taxonomy":"product_brand","embeddable":true,"href":"https:\/\/baldumarket.lt\/lt\/wp-json\/wp\/v2\/product_brand?post=158773"},{"taxonomy":"product_cat","embeddable":true,"href":"https:\/\/baldumarket.lt\/lt\/wp-json\/wp\/v2\/product_cat?post=158773"},{"taxonomy":"product_tag","embeddable":true,"href":"https:\/\/baldumarket.lt\/lt\/wp-json\/wp\/v2\/product_tag?post=158773"}],"curies":[{"name":"wp","href":"https:\/\/api.w.org\/{rel}","templated":true}]}}