{"id":158768,"date":"2025-12-19T00:13:39","date_gmt":"2025-12-18T21:13:39","guid":{"rendered":"https:\/\/baldumarket.lt\/product\/szafka-kuchenna-dolna-2s-z-wkladem-na-sztucce-sorento-d60s21-ax-bialy-mat-bezowy-mat\/"},"modified":"2026-02-18T11:12:07","modified_gmt":"2026-02-18T08:12:07","slug":"szafka-kuchenna-dolna-2s-z-wkladem-na-sztucce-sorento-d60s21-ax-bialy-mat-bezowy-mat","status":"publish","type":"product","link":"https:\/\/baldumarket.lt\/lt\/product\/szafka-kuchenna-dolna-2s-z-wkladem-na-sztucce-sorento-d60s21-ax-bialy-mat-bezowy-mat\/","title":{"rendered":"Apatin\u0117 virtuv\u0117s spintel\u0117 2S su stalo \u012franki\u0173 \u012fd\u0117klu Sorento D60S2+1 AX matin\u0117s baltos matin\u0117s sm\u0117lio spalvos"},"content":{"rendered":"<p>Atraskite nauj\u0105 virtuv\u0117s organizavimo dimensij\u0105 su \u201eSorento 2-S\u201c virtuv\u0117s spintele su stalo \u012franki\u0173 \u012fd\u0117klu \u2013 matin\u0117s baltos ir matin\u0117s sm\u0117lio spalvos. \u0160is eleganti\u0161kas baldas ne tik suteikia j\u016bs\u0173 virtuvei stiliaus, bet ir u\u017etikrina auk\u0161\u010diausio lygio funkcionalum\u0105. Subtili\u0173 atspalvi\u0173 derinys leid\u017eia spintelei puikiai dera prie bet kokio interjero, suteikiant jai modern\u0173 ir jauk\u0173 charakter\u012f. Pasirinkus \u201eGa\u0142a Meble\u201c, garantuojamas patvarumas ir tvirtumas. Spintel\u0117s gamybai naudojama laminuota med\u017eiaga yra atspari pa\u017eeidimams, tod\u0117l ji daugel\u012f met\u0173 i\u0161laikys nepriekai\u0161ting\u0105 i\u0161vaizd\u0105. Spintel\u0117s prakti\u0161kum\u0105 padidina du i\u0161oriniai ir vienas vidinis stal\u010diai su stalo \u012franki\u0173 \u012fd\u0117klu, kurie padeda optimizuoti erdv\u0119 ir supaprastinti kasdienes virtuv\u0117s u\u017eduotis. Spintel\u0117s apgalvotas dizainas taip pat apima juodas metalines rankenas, kurios ne tik suteikia modernumo, bet ir yra patogios naudoti. Reguliuojamos 15 cm kojel\u0117s leid\u017eia lengvai pritaikyti spintel\u0119 prie individuali\u0173 poreiki\u0173, u\u017etikrinant stabilum\u0105 ir naudojimo patogum\u0105 net ir ant nelygi\u0173 pavir\u0161i\u0173.<\/p>","protected":false},"excerpt":{"rendered":"<p>Plotis (cm): 60<br \/>\n\u016agis (cm): 87<br \/>\nGylis (cm): 52<\/p>","protected":false},"featured_media":158769,"comment_status":"open","ping_status":"open","template":"","meta":[],"product_brand":[],"product_cat":[9436,4106],"product_tag":[],"class_list":{"0":"post-158768","1":"product","2":"type-product","3":"status-publish","4":"has-post-thumbnail","6":"product_cat-kitchen-system-sorento","7":"product_cat-gala-meble","9":"first","10":"instock","11":"purchasable","12":"product-type-simple"},"_links":{"self":[{"href":"https:\/\/baldumarket.lt\/lt\/wp-json\/wp\/v2\/product\/158768","targetHints":{"allow":["GET"]}}],"collection":[{"href":"https:\/\/baldumarket.lt\/lt\/wp-json\/wp\/v2\/product"}],"about":[{"href":"https:\/\/baldumarket.lt\/lt\/wp-json\/wp\/v2\/types\/product"}],"replies":[{"embeddable":true,"href":"https:\/\/baldumarket.lt\/lt\/wp-json\/wp\/v2\/comments?post=158768"}],"wp:featuredmedia":[{"embeddable":true,"href":"https:\/\/baldumarket.lt\/lt\/wp-json\/wp\/v2\/media\/158769"}],"wp:attachment":[{"href":"https:\/\/baldumarket.lt\/lt\/wp-json\/wp\/v2\/media?parent=158768"}],"wp:term":[{"taxonomy":"product_brand","embeddable":true,"href":"https:\/\/baldumarket.lt\/lt\/wp-json\/wp\/v2\/product_brand?post=158768"},{"taxonomy":"product_cat","embeddable":true,"href":"https:\/\/baldumarket.lt\/lt\/wp-json\/wp\/v2\/product_cat?post=158768"},{"taxonomy":"product_tag","embeddable":true,"href":"https:\/\/baldumarket.lt\/lt\/wp-json\/wp\/v2\/product_tag?post=158768"}],"curies":[{"name":"wp","href":"https:\/\/api.w.org\/{rel}","templated":true}]}}