{"id":158763,"date":"2025-12-19T00:13:29","date_gmt":"2025-12-18T21:13:29","guid":{"rendered":"https:\/\/baldumarket.lt\/product\/szafka-kuchenna-dolna-2s-z-wkladem-na-sztucce-sorento-d60s21-ax-bialy-mat-puccini\/"},"modified":"2026-02-18T11:12:07","modified_gmt":"2026-02-18T08:12:07","slug":"szafka-kuchenna-dolna-2s-z-wkladem-na-sztucce-sorento-d60s21-ax-bialy-mat-puccini","status":"publish","type":"product","link":"https:\/\/baldumarket.lt\/lt\/product\/szafka-kuchenna-dolna-2s-z-wkladem-na-sztucce-sorento-d60s21-ax-bialy-mat-puccini\/","title":{"rendered":"Apatin\u0117 virtuv\u0117s spintel\u0117 2S su stalo \u012franki\u0173 \u012fd\u0117klu Sorento D60S2+1 AX matin\u0117s baltos spalvos Puccini"},"content":{"rendered":"<p>Pristatome \u201eSorento 2S\u201c pagrindin\u0119 virtuv\u0117s spintel\u0119 su stalo \u012franki\u0173 \u012fd\u0117klu, kuri j\u016bs\u0173 virtuvei suteiks modernumo ir elegancijos. Rafinuotas \u201ePuccini\u201c spalvos ir matin\u0117s baltos spalvos korpuso derinys paver\u010dia \u0161i\u0105 spintel\u0119 ne tik funkcionaliu \u012frenginiu, bet ir dekoratyviniu elementu. Klasikinis, ta\u010diau rafinuotas dizainas puikiai tiks \u012fvairiuose virtuv\u0117s i\u0161d\u0117stymuose. D\u0117l savo konstrukcijos spintel\u0117 pasi\u017eymi i\u0161skirtiniu prakti\u0161kumu ir naudojimo patogumu. Joje lengvai tilps visi b\u016btini virtuv\u0117s reikmenys, o stalo \u012franki\u0173 \u012fd\u0117klas u\u017etikrins tvark\u0105 ir lengv\u0105 prieig\u0105 prie da\u017enai naudojam\u0173 daikt\u0173. Juodos metalin\u0117s rankenos suteikia modernumo, o pilno i\u0161traukimo stal\u010diai suteikia lengv\u0105 prieig\u0105 prie viso j\u0173 turinio. Auk\u0161tos, reguliuojamo auk\u0161\u010dio kojel\u0117s garantuoja stabilum\u0105, o galimyb\u0117 jas pritaikyti pagal savo poreikius yra papildomas privalumas. Tai leid\u017eia spintelei idealiai priderinti prie j\u016bs\u0173 virtuv\u0117s stalvir\u0161io auk\u0161\u010dio, u\u017etikrinant darni\u0105 viso baldo i\u0161vaizd\u0105. Savaranki\u0161kas surinkimas yra paprastas ir intuityvus, tod\u0117l galite greitai ir be vargo sumontuoti savo virtuv\u0117je.<\/p>","protected":false},"excerpt":{"rendered":"<p>Plotis (cm): 60<br \/>\n\u016agis (cm): 87<br \/>\nGylis (cm): 52<\/p>","protected":false},"featured_media":158764,"comment_status":"open","ping_status":"open","template":"","meta":[],"product_brand":[],"product_cat":[9436,4106],"product_tag":[],"class_list":{"0":"post-158763","1":"product","2":"type-product","3":"status-publish","4":"has-post-thumbnail","6":"product_cat-kitchen-system-sorento","7":"product_cat-gala-meble","9":"first","10":"instock","11":"purchasable","12":"product-type-simple"},"_links":{"self":[{"href":"https:\/\/baldumarket.lt\/lt\/wp-json\/wp\/v2\/product\/158763","targetHints":{"allow":["GET"]}}],"collection":[{"href":"https:\/\/baldumarket.lt\/lt\/wp-json\/wp\/v2\/product"}],"about":[{"href":"https:\/\/baldumarket.lt\/lt\/wp-json\/wp\/v2\/types\/product"}],"replies":[{"embeddable":true,"href":"https:\/\/baldumarket.lt\/lt\/wp-json\/wp\/v2\/comments?post=158763"}],"wp:featuredmedia":[{"embeddable":true,"href":"https:\/\/baldumarket.lt\/lt\/wp-json\/wp\/v2\/media\/158764"}],"wp:attachment":[{"href":"https:\/\/baldumarket.lt\/lt\/wp-json\/wp\/v2\/media?parent=158763"}],"wp:term":[{"taxonomy":"product_brand","embeddable":true,"href":"https:\/\/baldumarket.lt\/lt\/wp-json\/wp\/v2\/product_brand?post=158763"},{"taxonomy":"product_cat","embeddable":true,"href":"https:\/\/baldumarket.lt\/lt\/wp-json\/wp\/v2\/product_cat?post=158763"},{"taxonomy":"product_tag","embeddable":true,"href":"https:\/\/baldumarket.lt\/lt\/wp-json\/wp\/v2\/product_tag?post=158763"}],"curies":[{"name":"wp","href":"https:\/\/api.w.org\/{rel}","templated":true}]}}