{"id":158756,"date":"2025-12-19T00:13:15","date_gmt":"2025-12-18T21:13:15","guid":{"rendered":"https:\/\/baldumarket.lt\/product\/szafka-kuchenna-dolna-2s-z-wkladem-na-sztucce-sorento-d60s21-ax-puccini\/"},"modified":"2026-02-18T11:12:07","modified_gmt":"2026-02-18T08:12:07","slug":"szafka-kuchenna-dolna-2s-z-wkladem-na-sztucce-sorento-d60s21-ax-puccini","status":"publish","type":"product","link":"https:\/\/baldumarket.lt\/lt\/product\/szafka-kuchenna-dolna-2s-z-wkladem-na-sztucce-sorento-d60s21-ax-puccini\/","title":{"rendered":"Apatin\u0117 virtuv\u0117s spintel\u0117 2S su stalo \u012franki\u0173 \u012fd\u0117klu Sorento D60S2+1 AX Puccini"},"content":{"rendered":"<p>Prakti\u0161kumas ir elegancija susitinka apatin\u0117je virtuv\u0117s spintel\u0117je i\u0161 \u201eGa\u0142a Meble\u201c \u201eSorento D60S2+1 AX Puccini\u201c kolekcijos. \u0160i unikali spintel\u0117 puikiai tinka tiems, kurie nori savo virtuvei suteikti modernumo ir klasikinio stiliaus. Pagaminta i\u0161 patvarios laminuotos plok\u0161t\u0117s, ji pasi\u017eymi rafinuotumu ir ilgaam\u017ei\u0161kumu eleganti\u0161kame \u201ePuccini\u201c atspalvyje, suteikian\u010diame interjerui rafinuoto charakterio. \u0160i\u0105 spintel\u0119 i\u0161 minios i\u0161skiria ne tik estetika. Gerai apgalvotas dizainas su juodomis metalin\u0117mis rankenomis daro j\u0105 ne tik gra\u017ei\u0105, bet ir prakti\u0161k\u0105. Reguliuojamos kojel\u0117s leid\u017eia reguliuoti auk\u0161t\u012f pagal individualius poreikius, tod\u0117l tai universalus pasirinkimas bet kuriai virtuvei. Tvirta konstrukcija u\u017etikrina stabilum\u0105, o pilno i\u0161traukimo b\u0117geliai garantuoja lengv\u0105 prieig\u0105 prie turinio. Spintel\u0117s vidus yra steb\u0117tinai funkcionalus. \u012erengtas vienas vidinis stal\u010dius su stalo \u012franki\u0173 \u012fd\u0117klu ir du prakti\u0161ki i\u0161oriniai stal\u010diai, leid\u017eia efektyviai valdyti erdv\u0119. Maksimali stal\u010diaus apkrova iki 40 kg rei\u0161kia, kad ji yra pakankamai tvirta, kad patenkint\u0173 visus j\u016bs\u0173 virtuv\u0117s poreikius.<\/p>","protected":false},"excerpt":{"rendered":"<p>Plotis (cm): 60<br \/>\n\u016agis (cm): 87<br \/>\nGylis (cm): 52<\/p>","protected":false},"featured_media":158757,"comment_status":"open","ping_status":"open","template":"","meta":[],"product_brand":[],"product_cat":[9436,4106],"product_tag":[],"class_list":{"0":"post-158756","1":"product","2":"type-product","3":"status-publish","4":"has-post-thumbnail","6":"product_cat-kitchen-system-sorento","7":"product_cat-gala-meble","9":"first","10":"instock","11":"purchasable","12":"product-type-simple"},"_links":{"self":[{"href":"https:\/\/baldumarket.lt\/lt\/wp-json\/wp\/v2\/product\/158756","targetHints":{"allow":["GET"]}}],"collection":[{"href":"https:\/\/baldumarket.lt\/lt\/wp-json\/wp\/v2\/product"}],"about":[{"href":"https:\/\/baldumarket.lt\/lt\/wp-json\/wp\/v2\/types\/product"}],"replies":[{"embeddable":true,"href":"https:\/\/baldumarket.lt\/lt\/wp-json\/wp\/v2\/comments?post=158756"}],"wp:featuredmedia":[{"embeddable":true,"href":"https:\/\/baldumarket.lt\/lt\/wp-json\/wp\/v2\/media\/158757"}],"wp:attachment":[{"href":"https:\/\/baldumarket.lt\/lt\/wp-json\/wp\/v2\/media?parent=158756"}],"wp:term":[{"taxonomy":"product_brand","embeddable":true,"href":"https:\/\/baldumarket.lt\/lt\/wp-json\/wp\/v2\/product_brand?post=158756"},{"taxonomy":"product_cat","embeddable":true,"href":"https:\/\/baldumarket.lt\/lt\/wp-json\/wp\/v2\/product_cat?post=158756"},{"taxonomy":"product_tag","embeddable":true,"href":"https:\/\/baldumarket.lt\/lt\/wp-json\/wp\/v2\/product_tag?post=158756"}],"curies":[{"name":"wp","href":"https:\/\/api.w.org\/{rel}","templated":true}]}}