{"id":158751,"date":"2025-12-19T00:13:05","date_gmt":"2025-12-18T21:13:05","guid":{"rendered":"https:\/\/baldumarket.lt\/product\/szafka-kuchenna-dolna-2s-z-wkladem-na-sztucce-sorento-d60s21-ax-puccini-bezowy-mat\/"},"modified":"2026-02-18T11:12:07","modified_gmt":"2026-02-18T08:12:07","slug":"szafka-kuchenna-dolna-2s-z-wkladem-na-sztucce-sorento-d60s21-ax-puccini-bezowy-mat","status":"publish","type":"product","link":"https:\/\/baldumarket.lt\/lt\/product\/szafka-kuchenna-dolna-2s-z-wkladem-na-sztucce-sorento-d60s21-ax-puccini-bezowy-mat\/","title":{"rendered":"Apatin\u0117 virtuv\u0117s spintel\u0117 2S su stalo \u012franki\u0173 \u012fd\u0117klu Sorento D60S2+1 AX Puccini sm\u0117lio spalvos matin\u0117"},"content":{"rendered":"<p>\u201eSorento Lower 2S\u201c virtuv\u0117s spintel\u0117 su stalo \u012franki\u0173 \u012fd\u0117klu \u2013 puikus pasirinkimas tiems, kurie vertina modern\u0173 dizain\u0105 ir funkcionalum\u0105. Jos matin\u0117s sm\u0117lio spalvos priekis, pagamintas i\u0161 patvarios laminuotos plok\u0161t\u0117s, harmoningai dera su Puccini spalv\u0173 strukt\u016bra, sukurdamas subtil\u0173, ta\u010diau eleganti\u0161k\u0105 vaizd\u0105. Juoda metalin\u0117 rankena suteikia stiling\u0105 akcent\u0105 ir leid\u017eia lengvai pasiekti vid\u0173. Virtuv\u0117s erdv\u0117 da\u017enai yra ribota, tod\u0117l svarbu j\u0105 i\u0161naudoti kuo efektyviau. \u0160i virtuv\u0117s spintel\u0117 si\u016blo ne tik gerai apgalvot\u0105 stal\u010di\u0173 i\u0161d\u0117stym\u0105, bet ir prakti\u0161k\u0105 stalo \u012franki\u0173 \u012fd\u0117kl\u0105, leid\u017eiant\u012f tvarkingai ir organizuotai laikyti daiktus. Tai suteiks bet kuriai virtuvei \u0161vari\u0105 ir moderni\u0105 i\u0161vaizd\u0105, o naudojim\u0105si ja pavers grynu malonumu. Vienas did\u017eiausi\u0173 spintel\u0117s privalum\u0173 \u2013 reguliuojamo auk\u0161\u010dio kojel\u0117s. Jos siekia 15 cm auk\u0161t\u012f, tod\u0117l jas lengva reguliuoti pagal pageidaujam\u0105 darbo auk\u0161t\u012f. Pilno i\u0161traukimo stal\u010diai suteikia greit\u0105 prieig\u0105 prie turinio, o j\u0173 tyl\u016bs b\u0117geliai su \u0161velnaus u\u017edarymo funkcija u\u017etikrina nam\u0173 \u016bkio komfort\u0105, pa\u0161alindami nemalon\u0173 girg\u017ed\u0117jim\u0105 ir triuk\u0161m\u0105 naudojimo metu.<\/p>","protected":false},"excerpt":{"rendered":"<p>Plotis (cm): 60<br \/>\n\u016agis (cm): 87<br \/>\nGylis (cm): 52<\/p>","protected":false},"featured_media":158752,"comment_status":"open","ping_status":"open","template":"","meta":[],"product_brand":[],"product_cat":[9436,4106],"product_tag":[],"class_list":{"0":"post-158751","1":"product","2":"type-product","3":"status-publish","4":"has-post-thumbnail","6":"product_cat-kitchen-system-sorento","7":"product_cat-gala-meble","9":"first","10":"instock","11":"purchasable","12":"product-type-simple"},"_links":{"self":[{"href":"https:\/\/baldumarket.lt\/lt\/wp-json\/wp\/v2\/product\/158751","targetHints":{"allow":["GET"]}}],"collection":[{"href":"https:\/\/baldumarket.lt\/lt\/wp-json\/wp\/v2\/product"}],"about":[{"href":"https:\/\/baldumarket.lt\/lt\/wp-json\/wp\/v2\/types\/product"}],"replies":[{"embeddable":true,"href":"https:\/\/baldumarket.lt\/lt\/wp-json\/wp\/v2\/comments?post=158751"}],"wp:featuredmedia":[{"embeddable":true,"href":"https:\/\/baldumarket.lt\/lt\/wp-json\/wp\/v2\/media\/158752"}],"wp:attachment":[{"href":"https:\/\/baldumarket.lt\/lt\/wp-json\/wp\/v2\/media?parent=158751"}],"wp:term":[{"taxonomy":"product_brand","embeddable":true,"href":"https:\/\/baldumarket.lt\/lt\/wp-json\/wp\/v2\/product_brand?post=158751"},{"taxonomy":"product_cat","embeddable":true,"href":"https:\/\/baldumarket.lt\/lt\/wp-json\/wp\/v2\/product_cat?post=158751"},{"taxonomy":"product_tag","embeddable":true,"href":"https:\/\/baldumarket.lt\/lt\/wp-json\/wp\/v2\/product_tag?post=158751"}],"curies":[{"name":"wp","href":"https:\/\/api.w.org\/{rel}","templated":true}]}}