{"id":158744,"date":"2025-12-19T00:12:50","date_gmt":"2025-12-18T21:12:50","guid":{"rendered":"https:\/\/baldumarket.lt\/product\/szafka-kuchenna-dolna-2s-z-wkladem-na-sztucce-sorento-d60s21-ax-puccini-bialy-mat-ramka\/"},"modified":"2026-02-18T11:12:07","modified_gmt":"2026-02-18T08:12:07","slug":"szafka-kuchenna-dolna-2s-z-wkladem-na-sztucce-sorento-d60s21-ax-puccini-bialy-mat-ramka","status":"publish","type":"product","link":"https:\/\/baldumarket.lt\/lt\/product\/szafka-kuchenna-dolna-2s-z-wkladem-na-sztucce-sorento-d60s21-ax-puccini-bialy-mat-ramka\/","title":{"rendered":"Apatin\u0117 virtuv\u0117s spintel\u0117 2S su stalo \u012franki\u0173 \u012fd\u0117klu Sorento D60S2+1 AX Puccini matin\u0117s baltos spalvos r\u0117meliu"},"content":{"rendered":"<p>\u012ene\u0161kite \u012f savo virtuv\u0119 modernumo ir stiliaus su eleganti\u0161ka \u201eDolna 2S Sorento\u201c virtuv\u0117s spintele su stalo \u012franki\u0173 \u012fd\u0117klu. \u0160i gra\u017eiai suprojektuota spintel\u0117, pagaminta garsaus prek\u0117s \u017eenklo \u201eGa\u0142a Meble\u201c, spinduliuoja matin\u0117s baltos spalvos gro\u017eiu, kuris puikiai dera su prabangiu Puccini spalv\u0173 korpusu. Apdailos akcent\u0105 suteikia auksin\u0117s metalin\u0117s rankenos, kurios ne tik d\u017eiugina, bet ir u\u017etikrina patog\u0173 naudojim\u0105. Lengvas ir subtilus \u0161ios spintel\u0117s dizainas daro j\u0105 idealiu pasirinkimu tiek ma\u017eesn\u0117ms, tiek didesn\u0117ms virtuv\u0117ms. Minimalistin\u0117 i\u0161vaizda ir universalios spalvos leid\u017eia lengvai integruoti j\u0105 \u012f \u012fvairius interjero dizainus. D\u0117l 15 cm reguliuojam\u0173 kojeli\u0173 galite pritaikyti spintel\u0119 pagal savo individualius poreikius, dar labiau pabr\u0117\u017edami jos prakti\u0161kum\u0105 ir lankstum\u0105. \u0160ios spintel\u0117s esm\u0117 \u2013 funkcionalumas \u2013 vidinis stal\u010dius su stalo \u012franki\u0173 \u012fd\u0117klu leid\u017eia intuityviai sutvarkyti smulkius virtuv\u0117s reikmenis, o du papildomi i\u0161oriniai stal\u010diai suteikia lengv\u0105 prieig\u0105 prie didesni\u0173 daikt\u0173. Visa tai palaiko pilno i\u0161traukimo sistema, garantuojanti tyl\u0173 ir skland\u0173 veikim\u0105. Tai u\u017etikrins kasdienio naudojimo patogum\u0105 ir gaminio ilgaam\u017ei\u0161kum\u0105.<\/p>","protected":false},"excerpt":{"rendered":"<p>Plotis (cm): 60<br \/>\n\u016agis (cm): 87<br \/>\nGylis (cm): 52<\/p>","protected":false},"featured_media":158745,"comment_status":"open","ping_status":"open","template":"","meta":[],"product_brand":[],"product_cat":[9436,4106],"product_tag":[],"class_list":{"0":"post-158744","1":"product","2":"type-product","3":"status-publish","4":"has-post-thumbnail","6":"product_cat-kitchen-system-sorento","7":"product_cat-gala-meble","9":"first","10":"instock","11":"purchasable","12":"product-type-simple"},"_links":{"self":[{"href":"https:\/\/baldumarket.lt\/lt\/wp-json\/wp\/v2\/product\/158744","targetHints":{"allow":["GET"]}}],"collection":[{"href":"https:\/\/baldumarket.lt\/lt\/wp-json\/wp\/v2\/product"}],"about":[{"href":"https:\/\/baldumarket.lt\/lt\/wp-json\/wp\/v2\/types\/product"}],"replies":[{"embeddable":true,"href":"https:\/\/baldumarket.lt\/lt\/wp-json\/wp\/v2\/comments?post=158744"}],"wp:featuredmedia":[{"embeddable":true,"href":"https:\/\/baldumarket.lt\/lt\/wp-json\/wp\/v2\/media\/158745"}],"wp:attachment":[{"href":"https:\/\/baldumarket.lt\/lt\/wp-json\/wp\/v2\/media?parent=158744"}],"wp:term":[{"taxonomy":"product_brand","embeddable":true,"href":"https:\/\/baldumarket.lt\/lt\/wp-json\/wp\/v2\/product_brand?post=158744"},{"taxonomy":"product_cat","embeddable":true,"href":"https:\/\/baldumarket.lt\/lt\/wp-json\/wp\/v2\/product_cat?post=158744"},{"taxonomy":"product_tag","embeddable":true,"href":"https:\/\/baldumarket.lt\/lt\/wp-json\/wp\/v2\/product_tag?post=158744"}],"curies":[{"name":"wp","href":"https:\/\/api.w.org\/{rel}","templated":true}]}}