{"id":158737,"date":"2025-12-19T00:12:35","date_gmt":"2025-12-18T21:12:35","guid":{"rendered":"https:\/\/baldumarket.lt\/product\/szafka-kuchenna-dolna-2s-z-wkladem-na-sztucce-sorento-d60s21-ax-puccini-green\/"},"modified":"2026-02-18T11:12:07","modified_gmt":"2026-02-18T08:12:07","slug":"szafka-kuchenna-dolna-2s-z-wkladem-na-sztucce-sorento-d60s21-ax-puccini-green","status":"publish","type":"product","link":"https:\/\/baldumarket.lt\/lt\/product\/szafka-kuchenna-dolna-2s-z-wkladem-na-sztucce-sorento-d60s21-ax-puccini-green\/","title":{"rendered":"Apatin\u0117 virtuv\u0117s spintel\u0117 2S su stalo \u012franki\u0173 \u012fd\u0117klu Sorento D60S2+1 AX Puccini \u017ealia"},"content":{"rendered":"<p>Tai puikus pasirinkimas visiems, norintiems savo interjerui suteikti modernumo ir elegancijos. \u201eSorento D60S2+1 AX Puccini\u201c \u017ealia apatin\u0117 virtuv\u0117s spintel\u0117 su stalo \u012franki\u0173 \u012fd\u0117klu \u2013 tai tikras stiliaus ir funkcionalumo esencija, puikiai papildanti \u012fvairius virtuv\u0117s dizainus. Eleganti\u0161kas \u017ealias atspalvis priekin\u0117je pus\u0117je, derantis su \u201ePuccini\u201c korpuso spalva, traukia d\u0117mes\u012f ir suteikia virtuvei unikal\u0173 charakter\u012f. D\u0117l novatori\u0161k\u0173 sprendim\u0173 \u201eSorento\u201c spintel\u0117 taps nepakei\u010diamu j\u016bs\u0173 virtuv\u0117s elementu. Du prakti\u0161ki stal\u010diai suteikia erdv\u0117s, leid\u017eian\u010dios puikiai i\u0161naudoti kiekvien\u0105 centimetr\u0105. Komplekte yra ir stalo \u012franki\u0173 \u012fd\u0117klas, tod\u0117l daikt\u0173 laikymas tampa dar efektyvesnis. Tai puikus sprendimas visiems, kurie vertina tvark\u0105 ir elegancij\u0105 kasdieniame naudojime. Pagaminta i\u0161 auk\u0161tos kokyb\u0117s laminuotos plok\u0161t\u0117s, \u201eSorento\u201c spintel\u0117 garantuoja patvarum\u0105 ir atsparum\u0105 kasdieniams i\u0161\u0161\u016bkiams. Metalin\u0117s juodos rankenos suteikia charakterio, sukurdamos subtil\u0173 kontrast\u0105 su subtiliomis \u017ealios spalvos linijomis. Savo ruo\u017etu, reguliuojamo auk\u0161\u010dio 15 cm auk\u0161\u010dio kojel\u0117s u\u017etikrina stabilum\u0105 ir komfort\u0105, o tai itin svarbu dinami\u0161kame virtuv\u0117s gyvenimo ritme.<\/p>","protected":false},"excerpt":{"rendered":"<p>Plotis (cm): 60<br \/>\n\u016agis (cm): 87<br \/>\nGylis (cm): 52<\/p>","protected":false},"featured_media":158738,"comment_status":"open","ping_status":"open","template":"","meta":[],"product_brand":[],"product_cat":[9436,4106],"product_tag":[],"class_list":{"0":"post-158737","1":"product","2":"type-product","3":"status-publish","4":"has-post-thumbnail","6":"product_cat-kitchen-system-sorento","7":"product_cat-gala-meble","9":"first","10":"instock","11":"purchasable","12":"product-type-simple"},"_links":{"self":[{"href":"https:\/\/baldumarket.lt\/lt\/wp-json\/wp\/v2\/product\/158737","targetHints":{"allow":["GET"]}}],"collection":[{"href":"https:\/\/baldumarket.lt\/lt\/wp-json\/wp\/v2\/product"}],"about":[{"href":"https:\/\/baldumarket.lt\/lt\/wp-json\/wp\/v2\/types\/product"}],"replies":[{"embeddable":true,"href":"https:\/\/baldumarket.lt\/lt\/wp-json\/wp\/v2\/comments?post=158737"}],"wp:featuredmedia":[{"embeddable":true,"href":"https:\/\/baldumarket.lt\/lt\/wp-json\/wp\/v2\/media\/158738"}],"wp:attachment":[{"href":"https:\/\/baldumarket.lt\/lt\/wp-json\/wp\/v2\/media?parent=158737"}],"wp:term":[{"taxonomy":"product_brand","embeddable":true,"href":"https:\/\/baldumarket.lt\/lt\/wp-json\/wp\/v2\/product_brand?post=158737"},{"taxonomy":"product_cat","embeddable":true,"href":"https:\/\/baldumarket.lt\/lt\/wp-json\/wp\/v2\/product_cat?post=158737"},{"taxonomy":"product_tag","embeddable":true,"href":"https:\/\/baldumarket.lt\/lt\/wp-json\/wp\/v2\/product_tag?post=158737"}],"curies":[{"name":"wp","href":"https:\/\/api.w.org\/{rel}","templated":true}]}}