{"id":158732,"date":"2025-12-19T00:12:25","date_gmt":"2025-12-18T21:12:25","guid":{"rendered":"https:\/\/baldumarket.lt\/product\/szafka-kuchenna-dolna-2s-zabudowa-kuchenki-sorento-d60in-ax-bialy-green\/"},"modified":"2026-02-18T11:12:07","modified_gmt":"2026-02-18T08:12:07","slug":"szafka-kuchenna-dolna-2s-zabudowa-kuchenki-sorento-d60in-ax-bialy-green","status":"publish","type":"product","link":"https:\/\/baldumarket.lt\/lt\/product\/szafka-kuchenna-dolna-2s-zabudowa-kuchenki-sorento-d60in-ax-bialy-green\/","title":{"rendered":"Apatin\u0117 virtuv\u0117s spintel\u0117 2S \u012fmontuojama virykl\u0117 Sorento D60IN AX balta \u017ealia"},"content":{"rendered":"<p>Atraskite elegancij\u0105 ir prakti\u0161kum\u0105 bet kurioje virtuv\u0117je su \u201eSorento D60IN AX\u201c apatine spintele. \u0160is unikalus baldas derina modern\u0173 dizain\u0105 ir funkcionalum\u0105, tapdamas puikiu j\u016bs\u0173 virtuv\u0117s papildymu. Matin\u0117s \u017ealios spalvos priekio, balto korpuso ir juod\u0173 plastikini\u0173 kojeli\u0173 derinys ne tik traukia ak\u012f, bet ir suteikia harmonijos bet kokiam interjerui. D\u0117l auk\u0161t\u0173, reguliuojam\u0173 kojeli\u0173 galite lengvai pritaikyti spintel\u0119 pagal savo poreikius, pabr\u0117\u017edami jos universalum\u0105. Spintel\u0117s apgalvotas dizainas apima du prakti\u0161kus stal\u010dius, kurie yra puikus sprendimas \u012fvairiems virtuv\u0117s priedams laikyti. Maksimali stal\u010diaus apkrova \u2013 iki 40 kg, tod\u0117l galite b\u016bti tikri, kad net ir didesni daiktai bus saugiai laikomi. Tylus veikimas ir \u0161velnaus u\u017edarymo mechanizmas u\u017etikrina komfort\u0105, o pilno i\u0161traukimo b\u0117geliai leid\u017eia lengvai pasiekti laikomus daiktus. Spintel\u0117 buvo sukurta atsi\u017evelgiant \u012f kasdien\u012f naudojim\u0105, tod\u0117l ji yra ne tik esteti\u0161kai patrauklus, bet ir funkcionalus virtuv\u0117s aksesuaras. Pagaminta i\u0161 laminuotos plok\u0161t\u0117s, spintel\u0117 yra atspari pa\u017eeidimams ir lengvai valoma, tod\u0117l tai idealus sprendimas da\u017enai naudojamai virtuvei. Naudotos med\u017eiagos ir kruop\u0161ti apdaila u\u017etikrina, kad baldas i\u0161laikys estetin\u012f patrauklum\u0105 ilgus metus. Be to, juoda metalin\u0117 rankena puikiai papildo minimalistin\u012f stili\u0173, suteikdama \u012fvairov\u0117s ir elegancijos.<\/p>","protected":false},"excerpt":{"rendered":"<p>Plotis (cm): 60<br \/>\n\u016agis (cm): 87<br \/>\nGylis (cm): 52<\/p>","protected":false},"featured_media":158733,"comment_status":"open","ping_status":"open","template":"","meta":[],"product_brand":[],"product_cat":[9436,4106],"product_tag":[],"class_list":{"0":"post-158732","1":"product","2":"type-product","3":"status-publish","4":"has-post-thumbnail","6":"product_cat-kitchen-system-sorento","7":"product_cat-gala-meble","9":"first","10":"instock","11":"purchasable","12":"product-type-simple"},"_links":{"self":[{"href":"https:\/\/baldumarket.lt\/lt\/wp-json\/wp\/v2\/product\/158732","targetHints":{"allow":["GET"]}}],"collection":[{"href":"https:\/\/baldumarket.lt\/lt\/wp-json\/wp\/v2\/product"}],"about":[{"href":"https:\/\/baldumarket.lt\/lt\/wp-json\/wp\/v2\/types\/product"}],"replies":[{"embeddable":true,"href":"https:\/\/baldumarket.lt\/lt\/wp-json\/wp\/v2\/comments?post=158732"}],"wp:featuredmedia":[{"embeddable":true,"href":"https:\/\/baldumarket.lt\/lt\/wp-json\/wp\/v2\/media\/158733"}],"wp:attachment":[{"href":"https:\/\/baldumarket.lt\/lt\/wp-json\/wp\/v2\/media?parent=158732"}],"wp:term":[{"taxonomy":"product_brand","embeddable":true,"href":"https:\/\/baldumarket.lt\/lt\/wp-json\/wp\/v2\/product_brand?post=158732"},{"taxonomy":"product_cat","embeddable":true,"href":"https:\/\/baldumarket.lt\/lt\/wp-json\/wp\/v2\/product_cat?post=158732"},{"taxonomy":"product_tag","embeddable":true,"href":"https:\/\/baldumarket.lt\/lt\/wp-json\/wp\/v2\/product_tag?post=158732"}],"curies":[{"name":"wp","href":"https:\/\/api.w.org\/{rel}","templated":true}]}}