{"id":158727,"date":"2025-12-19T00:12:15","date_gmt":"2025-12-18T21:12:15","guid":{"rendered":"https:\/\/baldumarket.lt\/product\/szafka-kuchenna-dolna-3-szuflady-d40s3-aspen-grey-szary-polysk\/"},"modified":"2026-02-06T19:54:39","modified_gmt":"2026-02-06T16:54:39","slug":"szafka-kuchenna-dolna-3-szuflady-d40s3-aspen-grey-szary-polysk","status":"publish","type":"product","link":"https:\/\/baldumarket.lt\/lt\/product\/szafka-kuchenna-dolna-3-szuflady-d40s3-aspen-grey-szary-polysk\/","title":{"rendered":"Apatin\u0117 virtuv\u0117s spintel\u0117, 3 stal\u010diai, D40S3, drebul\u0117s pilka, blizgi"},"content":{"rendered":"<p>Pakelkite savo virtuv\u0117s erdv\u0119 \u012f kit\u0105 lyg\u012f su eleganti\u0161ka ir modernia \u201eAspen Grey\u201c apatine spintele. \u0160i spintel\u0117, pasi\u017eyminti rafinuota blizgia pilka apdaila ir kontrastingu matiniu baltu korpusu, yra tobulas stiliaus ir funkcionalumo derinys. \u0160is subtilus spalv\u0173 derinys papildo bet kok\u012f interjer\u0105, suteikia modernumo ir traukia ak\u012f. \u0160i spintel\u0117 sukurta galvojant apie kasdien\u012f komfort\u0105. Trys prakti\u0161ki stal\u010diai suteikia vietos kiekvienam daiktui \u2013 nuo stalo \u012franki\u0173 iki didesni\u0173 virtuv\u0117s reikmen\u0173. Stal\u010diai su savaime u\u017esidaran\u010diomis b\u0117gel\u0117mis atsidaro skland\u017eiai ir tyliai, u\u017etikrindami patog\u0173 naudojim\u0105 ir \u017eav\u0117dami tiksliu meistri\u0161kumu. Minimalistinis spintel\u0117s dizainas atspindi naujausias tendencijas, suteikia virtuvei modern\u0173 vaizd\u0105 ir skatina organizuot\u0105 erdv\u0119. Auk\u0161\u010diausios kokyb\u0117s med\u017eiagos, tokios kaip MDF ir laminuota plok\u0161t\u0117, u\u017etikrina patvarum\u0105 ir lengv\u0105 prie\u017ei\u016br\u0105, tod\u0117l \u0161is baldas ir toliau \u017eav\u0117s daugel\u012f met\u0173.<\/p>","protected":false},"excerpt":{"rendered":"<p>Plotis (cm): 40<br \/>\n\u016agis (cm): 82<br \/>\nGylis (cm): 47<\/p>","protected":false},"featured_media":158728,"comment_status":"open","ping_status":"open","template":"","meta":[],"product_brand":[],"product_cat":[9451,4106,9118],"product_tag":[],"class_list":{"0":"post-158727","1":"product","2":"type-product","3":"status-publish","4":"has-post-thumbnail","6":"product_cat-kitchen-system-aspen-grey","7":"product_cat-gala-meble","8":"product_cat-kitchen-cabinets","10":"first","11":"instock","12":"purchasable","13":"product-type-simple"},"_links":{"self":[{"href":"https:\/\/baldumarket.lt\/lt\/wp-json\/wp\/v2\/product\/158727","targetHints":{"allow":["GET"]}}],"collection":[{"href":"https:\/\/baldumarket.lt\/lt\/wp-json\/wp\/v2\/product"}],"about":[{"href":"https:\/\/baldumarket.lt\/lt\/wp-json\/wp\/v2\/types\/product"}],"replies":[{"embeddable":true,"href":"https:\/\/baldumarket.lt\/lt\/wp-json\/wp\/v2\/comments?post=158727"}],"wp:featuredmedia":[{"embeddable":true,"href":"https:\/\/baldumarket.lt\/lt\/wp-json\/wp\/v2\/media\/158728"}],"wp:attachment":[{"href":"https:\/\/baldumarket.lt\/lt\/wp-json\/wp\/v2\/media?parent=158727"}],"wp:term":[{"taxonomy":"product_brand","embeddable":true,"href":"https:\/\/baldumarket.lt\/lt\/wp-json\/wp\/v2\/product_brand?post=158727"},{"taxonomy":"product_cat","embeddable":true,"href":"https:\/\/baldumarket.lt\/lt\/wp-json\/wp\/v2\/product_cat?post=158727"},{"taxonomy":"product_tag","embeddable":true,"href":"https:\/\/baldumarket.lt\/lt\/wp-json\/wp\/v2\/product_tag?post=158727"}],"curies":[{"name":"wp","href":"https:\/\/api.w.org\/{rel}","templated":true}]}}