{"id":158723,"date":"2025-12-19T00:12:08","date_gmt":"2025-12-18T21:12:08","guid":{"rendered":"https:\/\/baldumarket.lt\/product\/szafka-kuchenna-dolna-3-szuflady-d40s3-aspen-white-bialy-polysk\/"},"modified":"2026-02-06T13:20:20","modified_gmt":"2026-02-06T10:20:20","slug":"szafka-kuchenna-dolna-3-szuflady-d40s3-aspen-white-bialy-polysk","status":"publish","type":"product","link":"https:\/\/baldumarket.lt\/lt\/product\/szafka-kuchenna-dolna-3-szuflady-d40s3-aspen-white-bialy-polysk\/","title":{"rendered":"Apatin\u0117 virtuv\u0117s spintel\u0117, 3 stal\u010diai, D40S3, drebul\u0117s balta, blizgi"},"content":{"rendered":"<p>Atraskite nepriekai\u0161ting\u0105 stili\u0173 ir modern\u0173 elegancij\u0105, kuri\u0105 \u012f j\u016bs\u0173 virtuv\u0119 atne\u0161 \u201eAspen White\u201c apatin\u0117 spintel\u0117. Jos blizgi balta priekin\u0117 dalis ir matin\u0117 apdaila sukuria harmoning\u0105 kompozicij\u0105, kuri yra ne tik esteti\u0161kai patraukli, bet ir i\u0161skirtinai funkcionali. \u0160is subtilus modernumo ir klasikinio stiliaus balansas suteikia jai unikalaus \u017eavesio, pary\u0161kindamas unikal\u0173 j\u016bs\u0173 virtuv\u0117s charakter\u012f.<\/p>\n<p>\u0160i apatin\u0117 spintel\u0117 su trimis erdviais stal\u010diais suteikia daug vietos visiems svarbiausiems virtuv\u0117s priedams laikyti. Tai ne tik pad\u0117s j\u016bs\u0173 darbo vietai i\u0161likti tvarkingai, bet ir sukurs erdv\u0117s poj\u016bt\u012f. Kiekvienas stal\u010dius slysta skland\u017eiai, tod\u0117l kasdienis naudojimas yra daug lengvesnis.<\/p>\n<p>Spintel\u0117s geometrin\u0117s linijos ir minimalistinis dizainas suteikia modernumo, kuris puikiai dera tiek su tradiciniu, tiek su moderniu interjeru. Blizgus pavir\u0161ius praskaidrins bet kur\u012f kambar\u012f, nat\u016braliai atspind\u0117damas \u0161vies\u0105. Tai puikus sprendimas, jei norite vizualiai padidinti savo virtuv\u0119 ir suteikti jai eleganti\u0161k\u0105 charakter\u012f.<\/p>\n<p>Ne ma\u017eiau svarbios yra reguliuojamo auk\u0161\u010dio kojel\u0117s, kurios leid\u017eia reguliuoti spintel\u0117s auk\u0161t\u012f pagal individualius poreikius ir u\u017etikrina stabilum\u0105 ant bet kokio tipo grind\u0173. Be to, savaranki\u0161kas surinkimas leid\u017eia pritaikyti \u0161i\u0105 funkcionali\u0105 spintel\u0119 prie \u012fvairi\u0173 interjero dizain\u0173, suteikiant j\u016bs\u0173 virtuvei asmenin\u012f ir unikal\u0173 vaizd\u0105.<\/p>","protected":false},"excerpt":{"rendered":"<p>Plotis (cm): 40<br \/>\n\u016agis (cm): 82<br \/>\nGylis (cm): 47<\/p>","protected":false},"featured_media":158724,"comment_status":"open","ping_status":"open","template":"","meta":[],"product_brand":[],"product_cat":[9445,4106,9118],"product_tag":[],"class_list":{"0":"post-158723","1":"product","2":"type-product","3":"status-publish","4":"has-post-thumbnail","6":"product_cat-kitchen-system-aspen-white","7":"product_cat-gala-meble","8":"product_cat-kitchen-cabinets","10":"first","11":"instock","12":"purchasable","13":"product-type-simple"},"_links":{"self":[{"href":"https:\/\/baldumarket.lt\/lt\/wp-json\/wp\/v2\/product\/158723","targetHints":{"allow":["GET"]}}],"collection":[{"href":"https:\/\/baldumarket.lt\/lt\/wp-json\/wp\/v2\/product"}],"about":[{"href":"https:\/\/baldumarket.lt\/lt\/wp-json\/wp\/v2\/types\/product"}],"replies":[{"embeddable":true,"href":"https:\/\/baldumarket.lt\/lt\/wp-json\/wp\/v2\/comments?post=158723"}],"wp:featuredmedia":[{"embeddable":true,"href":"https:\/\/baldumarket.lt\/lt\/wp-json\/wp\/v2\/media\/158724"}],"wp:attachment":[{"href":"https:\/\/baldumarket.lt\/lt\/wp-json\/wp\/v2\/media?parent=158723"}],"wp:term":[{"taxonomy":"product_brand","embeddable":true,"href":"https:\/\/baldumarket.lt\/lt\/wp-json\/wp\/v2\/product_brand?post=158723"},{"taxonomy":"product_cat","embeddable":true,"href":"https:\/\/baldumarket.lt\/lt\/wp-json\/wp\/v2\/product_cat?post=158723"},{"taxonomy":"product_tag","embeddable":true,"href":"https:\/\/baldumarket.lt\/lt\/wp-json\/wp\/v2\/product_tag?post=158723"}],"curies":[{"name":"wp","href":"https:\/\/api.w.org\/{rel}","templated":true}]}}