{"id":158718,"date":"2025-12-19T00:11:57","date_gmt":"2025-12-18T21:11:57","guid":{"rendered":"https:\/\/baldumarket.lt\/product\/szafka-kuchenna-dolna-3-szuflady-d40s3-linea-grey-szary-mat\/"},"modified":"2026-02-18T11:34:34","modified_gmt":"2026-02-18T08:34:34","slug":"szafka-kuchenna-dolna-3-szuflady-d40s3-linea-grey-szary-mat","status":"publish","type":"product","link":"https:\/\/baldumarket.lt\/lt\/product\/szafka-kuchenna-dolna-3-szuflady-d40s3-linea-grey-szary-mat\/","title":{"rendered":"Apatin\u0117 virtuv\u0117s spintel\u0117 su 3 stal\u010diais, D40S3, \u201eLinea\u201c pilka matin\u0117"},"content":{"rendered":"<p>Sveiki atvyk\u0119 \u012f moderni\u0173 virtuv\u0117s sprendim\u0173 pasaul\u012f, kuriame eleganti\u0161ka \u201eLinea Grey\u201c apatin\u0117 spintel\u0117 \u012fne\u0161a harmonijos ir funkcionalumo \u012f j\u016bs\u0173 interjer\u0105. Jos matin\u0117 pilka priekin\u0117 dalis yra stiliaus kvintesencija, suteikianti kambariui subtilios elegancijos ir sukurianti tobul\u0105 fon\u0105 \u012fvairiems virtuv\u0117s dizainams. Puikiai tinka tiems, kurie vertina minimalistin\u012f, ta\u010diau rafinuot\u0105 interjer\u0105. \u0160iai spintelei svarbiausia yra prakti\u0161kumas. Su trimis erdviais stal\u010diais, ji suteikia vietos visiems j\u016bs\u0173 virtuv\u0117s reikmenims \u2013 nuo stalo \u012franki\u0173 iki virtuv\u0117s prietais\u0173. Reguliuojamos kojel\u0117s leid\u017eia lengvai reguliuoti auk\u0161t\u012f pagal j\u016bs\u0173 poreikius, tod\u0117l ji puikiai tinka net ir ma\u017eiau standartin\u0117se virtuv\u0117s erdv\u0117se. Blizgus MDF priekin\u0117 dalis ne tik \u017eavi savo i\u0161vaizda, bet ir yra ne\u012ftik\u0117tinai lengvai valoma. Baltas laminuotos plok\u0161t\u0117s korpusas pabr\u0117\u017eia modern\u0173 spintel\u0117s charakter\u012f, suteikdamas bet kokiam interjero dizainui gaivumo ir ry\u0161kumo. Tai pasiekiama d\u0117l tobulo korpuso ir priekin\u0117s dalies spalv\u0173 kontrasto.<\/p>","protected":false},"excerpt":{"rendered":"<p>Plotis (cm): 40<br \/>\n\u016agis (cm): 82<br \/>\nGylis (cm): 47<\/p>","protected":false},"featured_media":158719,"comment_status":"open","ping_status":"open","template":"","meta":[],"product_brand":[],"product_cat":[9446,4106],"product_tag":[],"class_list":{"0":"post-158718","1":"product","2":"type-product","3":"status-publish","4":"has-post-thumbnail","6":"product_cat-kitchen-system-linea-white","7":"product_cat-gala-meble","9":"first","10":"instock","11":"purchasable","12":"product-type-simple"},"_links":{"self":[{"href":"https:\/\/baldumarket.lt\/lt\/wp-json\/wp\/v2\/product\/158718","targetHints":{"allow":["GET"]}}],"collection":[{"href":"https:\/\/baldumarket.lt\/lt\/wp-json\/wp\/v2\/product"}],"about":[{"href":"https:\/\/baldumarket.lt\/lt\/wp-json\/wp\/v2\/types\/product"}],"replies":[{"embeddable":true,"href":"https:\/\/baldumarket.lt\/lt\/wp-json\/wp\/v2\/comments?post=158718"}],"wp:featuredmedia":[{"embeddable":true,"href":"https:\/\/baldumarket.lt\/lt\/wp-json\/wp\/v2\/media\/158719"}],"wp:attachment":[{"href":"https:\/\/baldumarket.lt\/lt\/wp-json\/wp\/v2\/media?parent=158718"}],"wp:term":[{"taxonomy":"product_brand","embeddable":true,"href":"https:\/\/baldumarket.lt\/lt\/wp-json\/wp\/v2\/product_brand?post=158718"},{"taxonomy":"product_cat","embeddable":true,"href":"https:\/\/baldumarket.lt\/lt\/wp-json\/wp\/v2\/product_cat?post=158718"},{"taxonomy":"product_tag","embeddable":true,"href":"https:\/\/baldumarket.lt\/lt\/wp-json\/wp\/v2\/product_tag?post=158718"}],"curies":[{"name":"wp","href":"https:\/\/api.w.org\/{rel}","templated":true}]}}