{"id":158713,"date":"2025-12-19T00:11:46","date_gmt":"2025-12-18T21:11:46","guid":{"rendered":"https:\/\/baldumarket.lt\/product\/szafka-kuchenna-dolna-3-szuflady-d40s3-linea-white-bialy-mat\/"},"modified":"2026-02-18T11:34:34","modified_gmt":"2026-02-18T08:34:34","slug":"szafka-kuchenna-dolna-3-szuflady-d40s3-linea-white-bialy-mat","status":"publish","type":"product","link":"https:\/\/baldumarket.lt\/lt\/product\/szafka-kuchenna-dolna-3-szuflady-d40s3-linea-white-bialy-mat\/","title":{"rendered":"Apatin\u0117 virtuv\u0117s spintel\u0117 su 3 stal\u010diais, D40S3, Linea balta, matin\u0117, balta"},"content":{"rendered":"<p>Kvie\u010diame atrasti trij\u0173 stal\u010di\u0173 apatin\u0119 virtuv\u0117s spintel\u0119 i\u0161 \u201eLinea White\u201c kolekcijos. \u0160i eleganti\u0161ka matin\u0117s baltos spalvos spintel\u0117 puikiai papildys modern\u0173 virtuv\u0117s dizain\u0105. Baltas korpusas ir fasadai sukuria darni\u0105 ir esteti\u0161kai patraukli\u0105 visum\u0105, kuri suteiks j\u016bs\u0173 virtuvei lengvumo ir erdv\u0117s poj\u016bt\u012f. Modernus \u201eLinea White\u201c spintel\u0117s dizainas yra ne tik prakti\u0161kas, bet ir dekoratyvus. Auksin\u0117s metalin\u0117s ranken\u0117l\u0117s suteikia prabangos, kontrastuojan\u010dios su matin\u0117s baltos spalvos apdaila. Tai puikus pasirinkimas tiems, kurie vertina elegancij\u0105 ir subtilum\u0105 interjero dizaine. \u201eLinea White\u201c virtuv\u0117s spintel\u0117 vis\u0173 pirma i\u0161siskiria savo funkcionalumu. Trys erdv\u016bs stal\u010diai suteikia daug vietos daiktams susid\u0117ti, tod\u0117l lengvai pasieksite laikomus daiktus. \u0160velnaus u\u017edarymo sistema leid\u017eia patogiai ir tyliai naudotis stal\u010diais, taip padidindama kasdien\u012f patogum\u0105.<\/p>","protected":false},"excerpt":{"rendered":"<p>Plotis (cm): 40<br \/>\n\u016agis (cm): 82<br \/>\nGylis (cm): 47<\/p>","protected":false},"featured_media":158714,"comment_status":"open","ping_status":"open","template":"","meta":[],"product_brand":[],"product_cat":[9446,4106],"product_tag":[],"class_list":{"0":"post-158713","1":"product","2":"type-product","3":"status-publish","4":"has-post-thumbnail","6":"product_cat-kitchen-system-linea-white","7":"product_cat-gala-meble","9":"first","10":"instock","11":"purchasable","12":"product-type-simple"},"_links":{"self":[{"href":"https:\/\/baldumarket.lt\/lt\/wp-json\/wp\/v2\/product\/158713","targetHints":{"allow":["GET"]}}],"collection":[{"href":"https:\/\/baldumarket.lt\/lt\/wp-json\/wp\/v2\/product"}],"about":[{"href":"https:\/\/baldumarket.lt\/lt\/wp-json\/wp\/v2\/types\/product"}],"replies":[{"embeddable":true,"href":"https:\/\/baldumarket.lt\/lt\/wp-json\/wp\/v2\/comments?post=158713"}],"wp:featuredmedia":[{"embeddable":true,"href":"https:\/\/baldumarket.lt\/lt\/wp-json\/wp\/v2\/media\/158714"}],"wp:attachment":[{"href":"https:\/\/baldumarket.lt\/lt\/wp-json\/wp\/v2\/media?parent=158713"}],"wp:term":[{"taxonomy":"product_brand","embeddable":true,"href":"https:\/\/baldumarket.lt\/lt\/wp-json\/wp\/v2\/product_brand?post=158713"},{"taxonomy":"product_cat","embeddable":true,"href":"https:\/\/baldumarket.lt\/lt\/wp-json\/wp\/v2\/product_cat?post=158713"},{"taxonomy":"product_tag","embeddable":true,"href":"https:\/\/baldumarket.lt\/lt\/wp-json\/wp\/v2\/product_tag?post=158713"}],"curies":[{"name":"wp","href":"https:\/\/api.w.org\/{rel}","templated":true}]}}