{"id":158707,"date":"2025-12-19T00:11:33","date_gmt":"2025-12-18T21:11:33","guid":{"rendered":"https:\/\/baldumarket.lt\/product\/szafka-kuchenna-dolna-3-szuflady-d40s3-prowansja-sosna-andersen-bialy-mat\/"},"modified":"2026-02-06T14:45:58","modified_gmt":"2026-02-06T11:45:58","slug":"szafka-kuchenna-dolna-3-szuflady-d40s3-prowansja-sosna-andersen-bialy-mat","status":"publish","type":"product","link":"https:\/\/baldumarket.lt\/lt\/product\/szafka-kuchenna-dolna-3-szuflady-d40s3-prowansja-sosna-andersen-bialy-mat\/","title":{"rendered":"Apatin\u0117 virtuv\u0117s spintel\u0117 su 3 stal\u010diais, D40S3, provanso pu\u0161is, Andersen balta matin\u0117"},"content":{"rendered":"<p>Apatin\u0117 virtuv\u0117s spintel\u0117 su trimis stal\u010diais i\u0161 \u201eProwansja\u201c kolekcijos \u2013 puikus pasirinkimas paprastumo ir elegancijos m\u0117g\u0117jams. I\u0161skirtinai esteti\u0161ka \u201eAndersen Pine\u201c apdaila traukia ak\u012f, suteikia lengvumo ir gaivumo poj\u016bt\u012f. Subtil\u016bs, matin\u0117s baltos spalvos fasadai dera su interjeru, sukurdami jauki\u0105, bet kartu ir moderni\u0105 atmosfer\u0105 bet kurioje virtuv\u0117je. \u0160ios spintel\u0117s funkcionalumas ne\u012fkainojamas. Trys erdv\u016bs stal\u010diai idealiai tinka \u012fvairiems virtuv\u0117s priedams, stalo \u012frankiams ir kitiems b\u016btiniausiems daiktams laikyti. Savaime u\u017esidarantys b\u0117geliai u\u017etikrina skland\u0173 ir patog\u0173 kasdien\u012f stal\u010di\u0173 atidarym\u0105 ir u\u017edarym\u0105, tod\u0117l patogu ruo\u0161ti maist\u0105. Vienas i\u0161 daugelio \u0161ios spintel\u0117s privalum\u0173 \u2013 tvirta konstrukcija. Pagaminta i\u0161 auk\u0161tos kokyb\u0117s MDF ir laminuotos plok\u0161t\u0117s, ji yra atspari \u012fbr\u0117\u017eimams ir kasdieniam naudojimui. Klasikin\u0117s juodos spalvos metalin\u0117s rankenos suteikia spintelei charakterio, o reguliuojamos kojel\u0117s leid\u017eia reguliuoti jos auk\u0161t\u012f pagal savo poreikius, o tai itin prakti\u0161ka ant nelygi\u0173 grind\u0173.<\/p>","protected":false},"excerpt":{"rendered":"<p>Plotis (cm): 40<br \/>\n\u016agis (cm): 82<br \/>\nGylis (cm): 47<\/p>","protected":false},"featured_media":158708,"comment_status":"open","ping_status":"open","template":"","meta":[],"product_brand":[],"product_cat":[9444,4106,9118],"product_tag":[],"class_list":{"0":"post-158707","1":"product","2":"type-product","3":"status-publish","4":"has-post-thumbnail","6":"product_cat-kitchen-system-prowansja-sosna-andersen","7":"product_cat-gala-meble","8":"product_cat-kitchen-cabinets","10":"first","11":"instock","12":"purchasable","13":"product-type-simple"},"_links":{"self":[{"href":"https:\/\/baldumarket.lt\/lt\/wp-json\/wp\/v2\/product\/158707","targetHints":{"allow":["GET"]}}],"collection":[{"href":"https:\/\/baldumarket.lt\/lt\/wp-json\/wp\/v2\/product"}],"about":[{"href":"https:\/\/baldumarket.lt\/lt\/wp-json\/wp\/v2\/types\/product"}],"replies":[{"embeddable":true,"href":"https:\/\/baldumarket.lt\/lt\/wp-json\/wp\/v2\/comments?post=158707"}],"wp:featuredmedia":[{"embeddable":true,"href":"https:\/\/baldumarket.lt\/lt\/wp-json\/wp\/v2\/media\/158708"}],"wp:attachment":[{"href":"https:\/\/baldumarket.lt\/lt\/wp-json\/wp\/v2\/media?parent=158707"}],"wp:term":[{"taxonomy":"product_brand","embeddable":true,"href":"https:\/\/baldumarket.lt\/lt\/wp-json\/wp\/v2\/product_brand?post=158707"},{"taxonomy":"product_cat","embeddable":true,"href":"https:\/\/baldumarket.lt\/lt\/wp-json\/wp\/v2\/product_cat?post=158707"},{"taxonomy":"product_tag","embeddable":true,"href":"https:\/\/baldumarket.lt\/lt\/wp-json\/wp\/v2\/product_tag?post=158707"}],"curies":[{"name":"wp","href":"https:\/\/api.w.org\/{rel}","templated":true}]}}