{"id":158703,"date":"2025-12-19T00:11:25","date_gmt":"2025-12-18T21:11:25","guid":{"rendered":"https:\/\/baldumarket.lt\/product\/szafka-kuchenna-dolna-3-szuflady-d40s3-push-open-langen-artisan\/"},"modified":"2026-02-18T11:26:32","modified_gmt":"2026-02-18T08:26:32","slug":"szafka-kuchenna-dolna-3-szuflady-d40s3-push-open-langen-artisan","status":"publish","type":"product","link":"https:\/\/baldumarket.lt\/lt\/product\/szafka-kuchenna-dolna-3-szuflady-d40s3-push-open-langen-artisan\/","title":{"rendered":"Apatin\u0117 virtuv\u0117s spintel\u0117 su 3 stal\u010diais, D40S3, atidarymas stumiant, Langen Artisan"},"content":{"rendered":"<p>Atraskite tobul\u0105 stiliaus ir funkcionalumo harmonij\u0105 su \u201eLangen Artisan\u201c trij\u0173 stal\u010di\u0173 pagrindine spintele. \u0160is baldas \u2013 elegancijos kvintesencija, tikras bet kurios virtuv\u0117s centrinis elementas. Subtilus \u201eArtisan\u201c \u0105\u017euolo dizainas perteikia nat\u016bral\u0173 med\u017eio \u0161ilum\u0105 ir pabr\u0117\u017eia modern\u0173 minimalizm\u0105. Jo universalumas puikiai dera tiek su klasikiniu, tiek su \u0161iuolaikiniu interjero dizainu.<\/p>\n<p>Su \u201eLangen Artisan\u201c j\u016bs\u0173 virtuv\u0117 bus ne tik esteti\u0161kai patraukli, bet ir funkcionaliai funkcionali. Spintel\u0117 pasi\u017eymi novatori\u0161ka atidarymo spustel\u0117jus sistema, tod\u0117l tradicini\u0173 ranken\u0173 nereikia. Paprastas prisilietimas leid\u017eia pasiekti tris erdvius stal\u010dius, kurie padidina naudojimo patogum\u0105 ir suteikia eleganti\u0161k\u0105 i\u0161vaizd\u0105 be ranken\u0117li\u0173. \u0160is stilingas dizainas puikiai dera prie dinami\u0161ko, modernaus gyvenimo b\u016bdo.<\/p>\n<p>Pagaminta i\u0161 patvarios laminuotos plok\u0161t\u0117s, spintel\u0117 yra atspari kasdieniams pa\u017eeidimams, i\u0161laikant lengv\u0105 ir moderni\u0105 i\u0161vaizd\u0105. Reguliuojamos kojel\u0117s leid\u017eia reguliuoti auk\u0161t\u012f pagal j\u016bs\u0173 poreikius, tod\u0117l spintel\u0117 puikiai integruosis \u012f likusi\u0105 virtuv\u0117s erdv\u0119. Nesvarbu, ar norite spintel\u0119 suderinti su kitais \u012frenginiais, ar suteikti jai auk\u0161tesn\u012f profil\u012f, galite b\u016bti tikri, kad ji pateisins visus j\u016bs\u0173 l\u016bkes\u010dius.<\/p>\n<p>\u201ePasidaryk pats\u201c surinkimo galimyb\u0117 suteikia jums visi\u0161k\u0105 erdv\u0117s i\u0161planavimo kontrol\u0119, nelaukiant specialist\u0173. Tai puikus sprendimas tiems, kurie nori \u012fgyvendinti savo virtuv\u0117s dizaino vizij\u0105. \u201eGa\u0142a Meble\u201c baldai atitinka \u0161iuolaikinio vartotojo poreikius, derindami estetik\u0105 su ekologi\u0161ku po\u017ei\u016briu ir funkcionalumu.<\/p>\n<p>\u201eLangen Artisan\u201c apatin\u0117 spintel\u0117 yra daugiau nei tiesiog baldas \u2013 tai investicija \u012f i\u0161skirtin\u012f stili\u0173 ir kasdien\u012f komfort\u0105. D\u0117l tobul\u0173 matmen\u0173 ir patraukli\u0173 spalv\u0173 ji neabejotinai taps j\u016bs\u0173 virtuv\u0117s pagrindiniu elementu, pritraukdama vis\u0173 j\u016bs\u0173 sve\u010di\u0173 d\u0117mes\u012f ir d\u017eiaugsm\u0105. Pasirinkite j\u0105 ir paverskite savo virtuv\u0119 erdve, kuri kasdien spinduliuoja stiliumi ir prakti\u0161kumu.<\/p>","protected":false},"excerpt":{"rendered":"<p>Plotis (cm): 40<br \/>\n\u016agis (cm): 82<br \/>\nGylis (cm): 47<\/p>","protected":false},"featured_media":158704,"comment_status":"open","ping_status":"open","template":"","meta":[],"product_brand":[],"product_cat":[9442,4106],"product_tag":[],"class_list":{"0":"post-158703","1":"product","2":"type-product","3":"status-publish","4":"has-post-thumbnail","6":"product_cat-kitchen-system-langen-dab-artisan","7":"product_cat-gala-meble","9":"first","10":"instock","11":"purchasable","12":"product-type-simple"},"_links":{"self":[{"href":"https:\/\/baldumarket.lt\/lt\/wp-json\/wp\/v2\/product\/158703","targetHints":{"allow":["GET"]}}],"collection":[{"href":"https:\/\/baldumarket.lt\/lt\/wp-json\/wp\/v2\/product"}],"about":[{"href":"https:\/\/baldumarket.lt\/lt\/wp-json\/wp\/v2\/types\/product"}],"replies":[{"embeddable":true,"href":"https:\/\/baldumarket.lt\/lt\/wp-json\/wp\/v2\/comments?post=158703"}],"wp:featuredmedia":[{"embeddable":true,"href":"https:\/\/baldumarket.lt\/lt\/wp-json\/wp\/v2\/media\/158704"}],"wp:attachment":[{"href":"https:\/\/baldumarket.lt\/lt\/wp-json\/wp\/v2\/media?parent=158703"}],"wp:term":[{"taxonomy":"product_brand","embeddable":true,"href":"https:\/\/baldumarket.lt\/lt\/wp-json\/wp\/v2\/product_brand?post=158703"},{"taxonomy":"product_cat","embeddable":true,"href":"https:\/\/baldumarket.lt\/lt\/wp-json\/wp\/v2\/product_cat?post=158703"},{"taxonomy":"product_tag","embeddable":true,"href":"https:\/\/baldumarket.lt\/lt\/wp-json\/wp\/v2\/product_tag?post=158703"}],"curies":[{"name":"wp","href":"https:\/\/api.w.org\/{rel}","templated":true}]}}