{"id":158698,"date":"2025-12-19T00:11:15","date_gmt":"2025-12-18T21:11:15","guid":{"rendered":"https:\/\/baldumarket.lt\/product\/szafka-kuchenna-dolna-3-szuflady-d40s3-push-open-langen-beige\/"},"modified":"2026-02-18T11:26:32","modified_gmt":"2026-02-18T08:26:32","slug":"szafka-kuchenna-dolna-3-szuflady-d40s3-push-open-langen-beige","status":"publish","type":"product","link":"https:\/\/baldumarket.lt\/lt\/product\/szafka-kuchenna-dolna-3-szuflady-d40s3-push-open-langen-beige\/","title":{"rendered":"Apatin\u0117 virtuv\u0117s spintel\u0117, 3 stal\u010diai, D40S3, atidarymas stumiant, Langen, sm\u0117lio spalvos"},"content":{"rendered":"<p>Su m\u016bs\u0173 sm\u0117lio spalvos \u201cLangen\u201d serijos apatine spintele suteikite savo virtuvei elegancijos ir funkcionalumo. Modernus dizainas, pary\u0161kintas matiniu priekin\u0117s dalies pavir\u0161iumi, puikiai tinka bet kokiai erdvei. Subtilus sm\u0117lio spalvos derinys su nat\u016braliu \u201eArtisan Oak\u201c \u0105\u017euolo atspalviu suteikia interjerui \u0161ilumos ir jaukumo. Spintel\u0117je yra trys erdv\u016bs stal\u010diai, u\u017etikrinantys lengv\u0105 prieig\u0105 prie vis\u0173 laikom\u0173 daikt\u0173. Novatori\u0161ka atidarymo sistema \u201ePush to Open\u201c leid\u017eia patogiai atidaryti spintel\u0119 be ranken\u0117li\u0173, suteikdama minimalistin\u012f akcent\u0105. Tai u\u017etikrins, kad j\u016bs\u0173 virtuv\u0117 visada atrodyt\u0173 \u0161vari ir esteti\u0161kai patraukli. Pagaminta i\u0161 patvarios MDF ir laminuotos plok\u0161t\u0117s, \u0161i spintel\u0117 yra itin patvari, ta\u010diau i\u0161laiko lengv\u0105 i\u0161vaizd\u0105. Reguliuojamos kojel\u0117s, kuri\u0173 ilgis nuo 10 iki 12,5 cm, leid\u017eia pritaikyti spintel\u0119 pagal individualius poreikius, o tai ne\u012fkainojama esant nelygioms grindims arba norint j\u0105 derinti su likusia virtuv\u0117s dalimi.<\/p>","protected":false},"excerpt":{"rendered":"<p>Plotis (cm): 40<br \/>\n\u016agis (cm): 82<br \/>\nGylis (cm): 47<\/p>","protected":false},"featured_media":158699,"comment_status":"open","ping_status":"open","template":"","meta":[],"product_brand":[],"product_cat":[9442,4106],"product_tag":[],"class_list":{"0":"post-158698","1":"product","2":"type-product","3":"status-publish","4":"has-post-thumbnail","6":"product_cat-kitchen-system-langen-dab-artisan","7":"product_cat-gala-meble","9":"first","10":"instock","11":"purchasable","12":"product-type-simple"},"_links":{"self":[{"href":"https:\/\/baldumarket.lt\/lt\/wp-json\/wp\/v2\/product\/158698","targetHints":{"allow":["GET"]}}],"collection":[{"href":"https:\/\/baldumarket.lt\/lt\/wp-json\/wp\/v2\/product"}],"about":[{"href":"https:\/\/baldumarket.lt\/lt\/wp-json\/wp\/v2\/types\/product"}],"replies":[{"embeddable":true,"href":"https:\/\/baldumarket.lt\/lt\/wp-json\/wp\/v2\/comments?post=158698"}],"wp:featuredmedia":[{"embeddable":true,"href":"https:\/\/baldumarket.lt\/lt\/wp-json\/wp\/v2\/media\/158699"}],"wp:attachment":[{"href":"https:\/\/baldumarket.lt\/lt\/wp-json\/wp\/v2\/media?parent=158698"}],"wp:term":[{"taxonomy":"product_brand","embeddable":true,"href":"https:\/\/baldumarket.lt\/lt\/wp-json\/wp\/v2\/product_brand?post=158698"},{"taxonomy":"product_cat","embeddable":true,"href":"https:\/\/baldumarket.lt\/lt\/wp-json\/wp\/v2\/product_cat?post=158698"},{"taxonomy":"product_tag","embeddable":true,"href":"https:\/\/baldumarket.lt\/lt\/wp-json\/wp\/v2\/product_tag?post=158698"}],"curies":[{"name":"wp","href":"https:\/\/api.w.org\/{rel}","templated":true}]}}