{"id":158694,"date":"2025-12-19T00:11:07","date_gmt":"2025-12-18T21:11:07","guid":{"rendered":"https:\/\/baldumarket.lt\/product\/szafka-kuchenna-dolna-3-szuflady-d40s3-push-open-langen-grey\/"},"modified":"2026-02-18T11:26:16","modified_gmt":"2026-02-18T08:26:16","slug":"szafka-kuchenna-dolna-3-szuflady-d40s3-push-open-langen-grey","status":"publish","type":"product","link":"https:\/\/baldumarket.lt\/lt\/product\/szafka-kuchenna-dolna-3-szuflady-d40s3-push-open-langen-grey\/","title":{"rendered":"Apatin\u0117 virtuv\u0117s spintel\u0117, 3 stal\u010diai, D40S3, atidaroma stumiant, pilka, Langen"},"content":{"rendered":"<p>Atraskite elegancij\u0105 ir modernum\u0105 savo virtuv\u0117je su apatine virtuv\u0117s spintele su trimis stal\u010diais, apdailinta stilinga matine pilka spalva. Spintel\u0117 pasi\u017eymi novatori\u0161ka atidarymo stumiant sistema, kuri panaikina ranken\u0173 poreik\u012f, suteikia minimalistinio \u017eavesio ir palengvina kasdien\u012f naudojim\u0105. Ji puikiai papildys bet kok\u012f modern\u0173 interjero dizain\u0105 ir bus funkcionalus virtuv\u0117s papildymas.<\/p>\n<p>I\u0161 auk\u0161tos kokyb\u0117s MDF pagamintos priekin\u0117s dalys garantuoja ilgaam\u017ei\u0161kum\u0105 ir atsparum\u0105 pa\u017eeidimams, o matin\u0117 pilka apdaila suteikia subtilios elegancijos. Laminuotos plok\u0161t\u0117s \u201eArtisan Oak\u201c korpusas dera su skandinavi\u0161ko ar industrinio stiliaus interjerais. \u0160is spalv\u0173 derinys paver\u010dia \u0161i\u0105 virtuv\u0117s spintel\u0119 \u012fsp\u016bdingu baldu.<\/p>\n<p>\u201ePush-to-Open\u201c sistema pabr\u0117\u017eia modern\u0173 spintel\u0117s charakter\u012f ir tuo pa\u010diu leid\u017eia lengvai atidaryti bei u\u017edaryti stal\u010dius. Reguliuojamos kojel\u0117s leid\u017eia spintelei puikiai prisitaikyti prie nelygi\u0173 grind\u0173, u\u017etikrinant stabilum\u0105 ir patvarum\u0105 ilgus metus. Pats montavimas yra toks paprastas, kad galite tai padaryti patys, tod\u0117l gal\u0117site m\u0117gautis savo svajoni\u0173 virtuve be jokio nereikalingo laukimo.<\/p>\n<p>Stilinga ir funkcionali \u201eLangen Grey\u201c apatin\u0117 virtuv\u0117s spintel\u0117 su trimis stal\u010diais yra ne tik prakti\u0161kas, bet ir esteti\u0161kai patrauklus j\u016bs\u0173 virtuv\u0117s papildymas, suteikiantis interjerui charakterio ir modernumo. Tai pasirinkimas tiems, kurie ie\u0161ko sprendim\u0173, kurie derina stili\u0173 ir funkcionalum\u0105, u\u017etikrindami tobul\u0105 tvark\u0105 nam\u0173 \u0161irdyje.<\/p>","protected":false},"excerpt":{"rendered":"<p>Plotis (cm): 40<br \/>\n\u016agis (cm): 82<br \/>\nGylis (cm): 47<\/p>","protected":false},"featured_media":158695,"comment_status":"open","ping_status":"open","template":"","meta":[],"product_brand":[],"product_cat":[9442,4106],"product_tag":[],"class_list":{"0":"post-158694","1":"product","2":"type-product","3":"status-publish","4":"has-post-thumbnail","6":"product_cat-kitchen-system-langen-dab-artisan","7":"product_cat-gala-meble","9":"first","10":"instock","11":"purchasable","12":"product-type-simple"},"_links":{"self":[{"href":"https:\/\/baldumarket.lt\/lt\/wp-json\/wp\/v2\/product\/158694","targetHints":{"allow":["GET"]}}],"collection":[{"href":"https:\/\/baldumarket.lt\/lt\/wp-json\/wp\/v2\/product"}],"about":[{"href":"https:\/\/baldumarket.lt\/lt\/wp-json\/wp\/v2\/types\/product"}],"replies":[{"embeddable":true,"href":"https:\/\/baldumarket.lt\/lt\/wp-json\/wp\/v2\/comments?post=158694"}],"wp:featuredmedia":[{"embeddable":true,"href":"https:\/\/baldumarket.lt\/lt\/wp-json\/wp\/v2\/media\/158695"}],"wp:attachment":[{"href":"https:\/\/baldumarket.lt\/lt\/wp-json\/wp\/v2\/media?parent=158694"}],"wp:term":[{"taxonomy":"product_brand","embeddable":true,"href":"https:\/\/baldumarket.lt\/lt\/wp-json\/wp\/v2\/product_brand?post=158694"},{"taxonomy":"product_cat","embeddable":true,"href":"https:\/\/baldumarket.lt\/lt\/wp-json\/wp\/v2\/product_cat?post=158694"},{"taxonomy":"product_tag","embeddable":true,"href":"https:\/\/baldumarket.lt\/lt\/wp-json\/wp\/v2\/product_tag?post=158694"}],"curies":[{"name":"wp","href":"https:\/\/api.w.org\/{rel}","templated":true}]}}