{"id":158689,"date":"2025-12-19T00:10:57","date_gmt":"2025-12-18T21:10:57","guid":{"rendered":"https:\/\/baldumarket.lt\/product\/szafka-kuchenna-dolna-3-szuflady-d40s3-uchwyt-klasyczny-langen-artisan\/"},"modified":"2026-02-18T11:26:16","modified_gmt":"2026-02-18T08:26:16","slug":"szafka-kuchenna-dolna-3-szuflady-d40s3-uchwyt-klasyczny-langen-artisan","status":"publish","type":"product","link":"https:\/\/baldumarket.lt\/lt\/product\/szafka-kuchenna-dolna-3-szuflady-d40s3-uchwyt-klasyczny-langen-artisan\/","title":{"rendered":"Apatin\u0117 virtuv\u0117s spintel\u0117, 3 stal\u010diai, D40S3, klasikin\u0117 rankena, Langen Artisan"},"content":{"rendered":"<p>Atraskite tobul\u0105 stiliaus ir funkcionalumo harmonij\u0105 su \u201eLangen Artisan\u201c trij\u0173 stal\u010di\u0173 pagrindine spintele. \u0160is baldas yra elegancijos kvintesencija, tikras bet kurios virtuv\u0117s centrinis elementas. Subtilus \u201eArtisan\u201c \u0105\u017euolo dizainas suteikia nat\u016bral\u0173 med\u017eio \u0161ilum\u0105 ir pabr\u0117\u017eia modern\u0173 minimalizm\u0105. Jo universalumas skland\u017eiai dera tiek klasikiniame, tiek \u0161iuolaikiniame interjere. Su \u201eLangen Artisan\u201c j\u016bs\u0173 virtuv\u0117 bus ne tik esteti\u0161kai, bet ir funkcionaliai \u012frengta. Spintel\u0117 pasi\u017eymi novatori\u0161ka atidarymo spustel\u0117jus sistema, tod\u0117l tradicini\u0173 ranken\u0117li\u0173 nereikia. Paprastas prisilietimas leid\u017eia pasiekti tris erdvius stal\u010dius, tod\u0117l patogu naudoti ir suteikia eleganti\u0161k\u0105, be ranken\u0117li\u0173 i\u0161vaizd\u0105. \u0160is stilingas dizainas puikiai papildo dinami\u0161k\u0105, modern\u0173 gyvenimo b\u016bd\u0105. Pagaminta i\u0161 patvarios laminuotos plok\u0161t\u0117s, spintel\u0117 yra atspari kasdieniams pa\u017eeidimams, kartu i\u0161laikant lengv\u0105 ir moderni\u0105 i\u0161vaizd\u0105. Reguliuojamos kojel\u0117s leid\u017eia reguliuoti auk\u0161t\u012f pagal j\u016bs\u0173 poreikius, tod\u0117l puikiai integruojasi \u012f likusi\u0105 virtuv\u0117s dal\u012f. Nesvarbu, ar norite suderinti savo spintel\u0119 su kitais baldais, ar suteikti jai auk\u0161tesnio profilio, galite b\u016bti tikri, kad ji atitiks visus j\u016bs\u0173 l\u016bkes\u010dius.<\/p>","protected":false},"excerpt":{"rendered":"<p>Plotis (cm): 40<br \/>\n\u016agis (cm): 82<br \/>\nGylis (cm): 47<\/p>","protected":false},"featured_media":158690,"comment_status":"open","ping_status":"open","template":"","meta":[],"product_brand":[],"product_cat":[9442,4106],"product_tag":[],"class_list":{"0":"post-158689","1":"product","2":"type-product","3":"status-publish","4":"has-post-thumbnail","6":"product_cat-kitchen-system-langen-dab-artisan","7":"product_cat-gala-meble","9":"first","10":"instock","11":"purchasable","12":"product-type-simple"},"_links":{"self":[{"href":"https:\/\/baldumarket.lt\/lt\/wp-json\/wp\/v2\/product\/158689","targetHints":{"allow":["GET"]}}],"collection":[{"href":"https:\/\/baldumarket.lt\/lt\/wp-json\/wp\/v2\/product"}],"about":[{"href":"https:\/\/baldumarket.lt\/lt\/wp-json\/wp\/v2\/types\/product"}],"replies":[{"embeddable":true,"href":"https:\/\/baldumarket.lt\/lt\/wp-json\/wp\/v2\/comments?post=158689"}],"wp:featuredmedia":[{"embeddable":true,"href":"https:\/\/baldumarket.lt\/lt\/wp-json\/wp\/v2\/media\/158690"}],"wp:attachment":[{"href":"https:\/\/baldumarket.lt\/lt\/wp-json\/wp\/v2\/media?parent=158689"}],"wp:term":[{"taxonomy":"product_brand","embeddable":true,"href":"https:\/\/baldumarket.lt\/lt\/wp-json\/wp\/v2\/product_brand?post=158689"},{"taxonomy":"product_cat","embeddable":true,"href":"https:\/\/baldumarket.lt\/lt\/wp-json\/wp\/v2\/product_cat?post=158689"},{"taxonomy":"product_tag","embeddable":true,"href":"https:\/\/baldumarket.lt\/lt\/wp-json\/wp\/v2\/product_tag?post=158689"}],"curies":[{"name":"wp","href":"https:\/\/api.w.org\/{rel}","templated":true}]}}