{"id":158683,"date":"2025-12-19T00:10:45","date_gmt":"2025-12-18T21:10:45","guid":{"rendered":"https:\/\/baldumarket.lt\/product\/szafka-kuchenna-dolna-3-szuflady-d40s3-uchwyt-klasyczny-langen-beige\/"},"modified":"2026-02-18T11:26:16","modified_gmt":"2026-02-18T08:26:16","slug":"szafka-kuchenna-dolna-3-szuflady-d40s3-uchwyt-klasyczny-langen-beige","status":"publish","type":"product","link":"https:\/\/baldumarket.lt\/lt\/product\/szafka-kuchenna-dolna-3-szuflady-d40s3-uchwyt-klasyczny-langen-beige\/","title":{"rendered":"Apatin\u0117 virtuv\u0117s spintel\u0117 su 3 stal\u010diais, D40S3, klasikin\u0117 rankena, Langen, sm\u0117lio spalvos"},"content":{"rendered":"<p>Atraskite elegancij\u0105 ir funkcionalum\u0105, kuris praturtins j\u016bs\u0173 virtuv\u0119 su \u201eGa\u0142a Meble\u201c \u201eLangen\u201c apatine spintele. Rafinuota estetika derina klasikin\u0119 juodo metalo ranken\u0105 su MDF priekiu ir subtilia, matine sm\u0117lio spalvos apdaila. \u0160i unikali spalv\u0173 schema suteikia j\u016bs\u0173 interjerui jaukumo, ta\u010diau modernumo poj\u016bt\u012f, skatindama jus kartu gaminti maist\u0105 ir leisti laik\u0105 savo nam\u0173 \u0161irdyje. Palengvinkite savo dien\u0105 su trimis prakti\u0161kais \u0161ios virtuv\u0117s spintel\u0117s stal\u010diais. J\u0173 apgalvotas dizainas leid\u017eia efektyviai laikyti \u012fvairius virtuv\u0117s \u012frankius, u\u017etikrinant tobul\u0105 tvark\u0105 ir greit\u0105 prieig\u0105 prie b\u016btiniausi\u0173 daikt\u0173. Rankena, esanti tiesiai po ranka, palengvina skland\u0173 atidarym\u0105, o minimalistinis dizainas suteikia elegancijos bendram dizainui. \u201eLangen\u201c apatin\u0117 spintel\u0117 taip pat yra puikus patvarumo ir estetikos derinys. Korpusas, pagamintas i\u0161 laminuotos medienos, meni\u0161ko \u0105\u017euolo spalvos, suteikia j\u016bs\u0173 interjerui \u0161ilumos ir nat\u016bralumo, puikiai papildydamas skandinavi\u0161k\u0105 ar modernistin\u012f virtuv\u0117s dizain\u0105. Reguliuojamos kojel\u0117s, leid\u017eian\u010dios reguliuoti spintel\u0117s auk\u0161t\u012f, suteikia papildomo patogumo kasdieniam naudojimui.<\/p>","protected":false},"excerpt":{"rendered":"<p>Plotis (cm): 40<br \/>\n\u016agis (cm): 82<br \/>\nGylis (cm): 47<\/p>","protected":false},"featured_media":158684,"comment_status":"open","ping_status":"open","template":"","meta":[],"product_brand":[],"product_cat":[9442,4106],"product_tag":[],"class_list":{"0":"post-158683","1":"product","2":"type-product","3":"status-publish","4":"has-post-thumbnail","6":"product_cat-kitchen-system-langen-dab-artisan","7":"product_cat-gala-meble","9":"first","10":"instock","11":"purchasable","12":"product-type-simple"},"_links":{"self":[{"href":"https:\/\/baldumarket.lt\/lt\/wp-json\/wp\/v2\/product\/158683","targetHints":{"allow":["GET"]}}],"collection":[{"href":"https:\/\/baldumarket.lt\/lt\/wp-json\/wp\/v2\/product"}],"about":[{"href":"https:\/\/baldumarket.lt\/lt\/wp-json\/wp\/v2\/types\/product"}],"replies":[{"embeddable":true,"href":"https:\/\/baldumarket.lt\/lt\/wp-json\/wp\/v2\/comments?post=158683"}],"wp:featuredmedia":[{"embeddable":true,"href":"https:\/\/baldumarket.lt\/lt\/wp-json\/wp\/v2\/media\/158684"}],"wp:attachment":[{"href":"https:\/\/baldumarket.lt\/lt\/wp-json\/wp\/v2\/media?parent=158683"}],"wp:term":[{"taxonomy":"product_brand","embeddable":true,"href":"https:\/\/baldumarket.lt\/lt\/wp-json\/wp\/v2\/product_brand?post=158683"},{"taxonomy":"product_cat","embeddable":true,"href":"https:\/\/baldumarket.lt\/lt\/wp-json\/wp\/v2\/product_cat?post=158683"},{"taxonomy":"product_tag","embeddable":true,"href":"https:\/\/baldumarket.lt\/lt\/wp-json\/wp\/v2\/product_tag?post=158683"}],"curies":[{"name":"wp","href":"https:\/\/api.w.org\/{rel}","templated":true}]}}