{"id":158678,"date":"2025-12-19T00:10:35","date_gmt":"2025-12-18T21:10:35","guid":{"rendered":"https:\/\/baldumarket.lt\/product\/szafka-kuchenna-dolna-3-szuflady-d40s3-uchwyt-klasyczny-langen-grey\/"},"modified":"2026-02-03T23:32:10","modified_gmt":"2026-02-03T20:32:10","slug":"szafka-kuchenna-dolna-3-szuflady-d40s3-uchwyt-klasyczny-langen-grey","status":"publish","type":"product","link":"https:\/\/baldumarket.lt\/lt\/product\/szafka-kuchenna-dolna-3-szuflady-d40s3-uchwyt-klasyczny-langen-grey\/","title":{"rendered":"Apatin\u0117 virtuv\u0117s spintel\u0117, 3 stal\u010diai, D40S3, klasikin\u0117 rankena, pilka"},"content":{"rendered":"<p>Moderni ir stilinga \u201eLangen Grey\u201c apatin\u0117 virtuv\u0117s spintel\u0117 \u2013 tai tobulas elegancijos ir funkcionalumo derinys, kur\u012f si\u016blo \u201eGa\u0142a Meble\u201c. Jos matin\u0117s pilkos spalvos fasadai suteiks j\u016bs\u0173 virtuvei minimalistinio \u017eavesio, puikiai papildydami populiar\u0173j\u012f skandinavi\u0161k\u0105 stili\u0173. Pagaminta i\u0161 auk\u0161tos kokyb\u0117s MDF, d\u0117l savo paprastumo ir subtilumo ji yra puikus pasirinkimas eleganti\u0161ko dekoro m\u0117g\u0117jams. Ne tik i\u0161vaizda, bet ir prakti\u0161kumas pavers \u0161i\u0105 spintel\u0119 puikiu bet kurios virtuv\u0117s papildymu. Trimis erdviais stal\u010diais ji leid\u017eia organizuoti erdv\u0119 pagal savo poreikius, kasdieniam naudojimui suteikiant tvarkos ir tvarkingumo. \u0160ie stal\u010diai idealiai tinka stalo \u012frankiams, indams ir smulkiems virtuv\u0117s prietaisams laikyti, u\u017etikrinant, kad viskas, ko jums reikia, b\u016bt\u0173 lengvai pasiekiama. \u201eArtisan Oak\u201c korpusas harmoningai papildo pilkus fasadus, suteikdamas visai erdvei \u0161ilt\u0105 ir jauk\u0173 poj\u016bt\u012f. Klasikin\u0117s juodos metalin\u0117s ranken\u0117l\u0117s suteikia charakterio ir padaro spintel\u0119 moderni\u0105 ir funkcionali\u0105. Reguliuojamos kojel\u0117s leid\u017eia reguliuoti auk\u0161t\u012f, o tai b\u016btina nelygioms grindims ir padidina kasdienio naudojimo patogum\u0105.<\/p>","protected":false},"excerpt":{"rendered":"<p>Plotis (cm): 40<br \/>\n\u016agis (cm): 82<br \/>\nGylis (cm): 47<\/p>","protected":false},"featured_media":158679,"comment_status":"open","ping_status":"open","template":"","meta":[],"product_brand":[],"product_cat":[4106,9118],"product_tag":[],"class_list":{"0":"post-158678","1":"product","2":"type-product","3":"status-publish","4":"has-post-thumbnail","6":"product_cat-gala-meble","7":"product_cat-kitchen-cabinets","9":"first","10":"instock","11":"purchasable","12":"product-type-simple"},"_links":{"self":[{"href":"https:\/\/baldumarket.lt\/lt\/wp-json\/wp\/v2\/product\/158678","targetHints":{"allow":["GET"]}}],"collection":[{"href":"https:\/\/baldumarket.lt\/lt\/wp-json\/wp\/v2\/product"}],"about":[{"href":"https:\/\/baldumarket.lt\/lt\/wp-json\/wp\/v2\/types\/product"}],"replies":[{"embeddable":true,"href":"https:\/\/baldumarket.lt\/lt\/wp-json\/wp\/v2\/comments?post=158678"}],"wp:featuredmedia":[{"embeddable":true,"href":"https:\/\/baldumarket.lt\/lt\/wp-json\/wp\/v2\/media\/158679"}],"wp:attachment":[{"href":"https:\/\/baldumarket.lt\/lt\/wp-json\/wp\/v2\/media?parent=158678"}],"wp:term":[{"taxonomy":"product_brand","embeddable":true,"href":"https:\/\/baldumarket.lt\/lt\/wp-json\/wp\/v2\/product_brand?post=158678"},{"taxonomy":"product_cat","embeddable":true,"href":"https:\/\/baldumarket.lt\/lt\/wp-json\/wp\/v2\/product_cat?post=158678"},{"taxonomy":"product_tag","embeddable":true,"href":"https:\/\/baldumarket.lt\/lt\/wp-json\/wp\/v2\/product_tag?post=158678"}],"curies":[{"name":"wp","href":"https:\/\/api.w.org\/{rel}","templated":true}]}}