{"id":158673,"date":"2025-12-19T00:10:25","date_gmt":"2025-12-18T21:10:25","guid":{"rendered":"https:\/\/baldumarket.lt\/product\/szafka-kuchenna-dolna-3-szuflady-d60s3-aspen-grey-szary-polysk\/"},"modified":"2026-02-06T19:54:39","modified_gmt":"2026-02-06T16:54:39","slug":"szafka-kuchenna-dolna-3-szuflady-d60s3-aspen-grey-szary-polysk","status":"publish","type":"product","link":"https:\/\/baldumarket.lt\/lt\/product\/szafka-kuchenna-dolna-3-szuflady-d60s3-aspen-grey-szary-polysk\/","title":{"rendered":"Apatin\u0117 virtuv\u0117s spintel\u0117, 3 stal\u010diai, D60S3, drebul\u0117s pilka, blizgi"},"content":{"rendered":"<p>Praskaidrinkite savo interjer\u0105 moderniu ir stilingu priedu: pilka \u201eAspen Grey\u201c apatine spintele. Eleganti\u0161kas, blizgus pilkas priekis sukuria unikali\u0105 prabangos ir modernumo atmosfer\u0105 j\u016bs\u0173 virtuv\u0117je. \u017davus derinys su matin\u0117s baltos spalvos korpusu puikiai der\u0117s tiek prie minimalistinio, tiek prie i\u0161rai\u0161kingesnio dizaino, pabr\u0117\u017edamas estetin\u0119 kambario harmonij\u0105. D\u0117l trij\u0173 erdvi\u0173 stal\u010di\u0173 pilka \u201eAspen Grey\u201c apatin\u0117 spintel\u0117 taps nepakei\u010diamu j\u016bs\u0173 virtuv\u0117s organizaciniu elementu. Joje tilps visi j\u016bs\u0173 virtuv\u0117s reikmenys, kurie visada bus po ranka. Unikalios savyb\u0117s, tokios kaip savaime u\u017esidarantys b\u0117geliai, u\u017etikrina patog\u0173 ir tyl\u0173 stal\u010di\u0173 veikim\u0105, leisdamos laisvai naudoti virtuv\u0117s erdv\u0119 be nereikalingo triuk\u0161mo. Ta\u010diau funkcionalumas n\u0117ra vienintelis \u0161ios apatin\u0117s spintel\u0117s privalumas. Ji buvo sukurta atsi\u017evelgiant \u012f kasdien\u012f patogum\u0105. Reguliuojamos kojel\u0117s leid\u017eia puikiai pritaikyti spintel\u0117s auk\u0161t\u012f pagal j\u016bs\u0173 poreikius, pagerinant virtuv\u0117s darbo ergonomik\u0105. Nepriklausomai nuo j\u016bs\u0173 virtuv\u0117s dyd\u017eio, pilka \u201eAspen Grey\u201c apatin\u0117 spintel\u0117 ras savo viet\u0105, pabr\u0117\u017edama jos modern\u0173 charakter\u012f.<\/p>","protected":false},"excerpt":{"rendered":"<p>Plotis (cm): 60<br \/>\n\u016agis (cm): 82<br \/>\nGylis (cm): 47<\/p>","protected":false},"featured_media":158674,"comment_status":"open","ping_status":"open","template":"","meta":[],"product_brand":[],"product_cat":[9451,4106,9118],"product_tag":[],"class_list":{"0":"post-158673","1":"product","2":"type-product","3":"status-publish","4":"has-post-thumbnail","6":"product_cat-kitchen-system-aspen-grey","7":"product_cat-gala-meble","8":"product_cat-kitchen-cabinets","10":"first","11":"instock","12":"purchasable","13":"product-type-simple"},"_links":{"self":[{"href":"https:\/\/baldumarket.lt\/lt\/wp-json\/wp\/v2\/product\/158673","targetHints":{"allow":["GET"]}}],"collection":[{"href":"https:\/\/baldumarket.lt\/lt\/wp-json\/wp\/v2\/product"}],"about":[{"href":"https:\/\/baldumarket.lt\/lt\/wp-json\/wp\/v2\/types\/product"}],"replies":[{"embeddable":true,"href":"https:\/\/baldumarket.lt\/lt\/wp-json\/wp\/v2\/comments?post=158673"}],"wp:featuredmedia":[{"embeddable":true,"href":"https:\/\/baldumarket.lt\/lt\/wp-json\/wp\/v2\/media\/158674"}],"wp:attachment":[{"href":"https:\/\/baldumarket.lt\/lt\/wp-json\/wp\/v2\/media?parent=158673"}],"wp:term":[{"taxonomy":"product_brand","embeddable":true,"href":"https:\/\/baldumarket.lt\/lt\/wp-json\/wp\/v2\/product_brand?post=158673"},{"taxonomy":"product_cat","embeddable":true,"href":"https:\/\/baldumarket.lt\/lt\/wp-json\/wp\/v2\/product_cat?post=158673"},{"taxonomy":"product_tag","embeddable":true,"href":"https:\/\/baldumarket.lt\/lt\/wp-json\/wp\/v2\/product_tag?post=158673"}],"curies":[{"name":"wp","href":"https:\/\/api.w.org\/{rel}","templated":true}]}}