{"id":158669,"date":"2025-12-19T00:10:17","date_gmt":"2025-12-18T21:10:17","guid":{"rendered":"https:\/\/baldumarket.lt\/product\/szafka-kuchenna-dolna-3-szuflady-d60s3-aspen-white-bialy-polysk\/"},"modified":"2026-02-06T13:20:29","modified_gmt":"2026-02-06T10:20:29","slug":"szafka-kuchenna-dolna-3-szuflady-d60s3-aspen-white-bialy-polysk","status":"publish","type":"product","link":"https:\/\/baldumarket.lt\/lt\/product\/szafka-kuchenna-dolna-3-szuflady-d60s3-aspen-white-bialy-polysk\/","title":{"rendered":"Apatin\u0117 virtuv\u0117s spintel\u0117, 3 stal\u010diai, D60S3, drebul\u0117s balta, blizgi"},"content":{"rendered":"<p>Atraskite i\u0161skirtin\u0119 elegancij\u0105 ir funkcionalum\u0105 su \u201eAspen White\u201c apatine spintele. Blizgi balta priekin\u0117 dalis kartu su matiniu korpusu sukuria harmoning\u0105 visum\u0105, kuri praskaidrins bet kuri\u0105 virtuv\u0119 ir suteiks jai modernumo. \u0160i spintel\u0117 ne tik traukia ak\u012f savo dizainu, bet ir suteikia interjerui gaivumo bei \u0161varos, b\u016btinos bet kurioje virtuv\u0117s erdv\u0117je.<\/p>\n<p>Su trimis stal\u010diais \u201eAspen White\u201c apatin\u0117 spintel\u0117 pasi\u017eymi i\u0161skirtiniu prakti\u0161kumu tvarkant virtuv\u0117s reikmenis. Intuityvi savaime u\u017esidaranti b\u0117geli\u0173 sistema u\u017etikrina tyl\u0173 ir skland\u0173 veikim\u0105, \u017eymiai pagerindama kasdien\u012f komfort\u0105. Tai puikus sprendimas tiems, kurie vertina tvark\u0105 ir patogum\u0105 virtuv\u0117je.<\/p>\n<p>Reguliuojamos kojel\u0117s (10\u201312,5 cm) leid\u017eia idealiai reguliuoti auk\u0161t\u012f ir u\u017etikrina stabilum\u0105 ant bet kokio pavir\u0161iaus. \u0160i spintel\u0117 pasi\u017eymi universalumu, tod\u0117l puikiai tinka \u012fvairiems interjero dizainams \u2013 nuo minimalistinio iki klasikinio. \u201eAspen White\u201c spalva sujungs j\u016bs\u0173 virtuv\u0119, suteikdama jai vientisumo ir vizualin\u0117s harmonijos.<\/p>\n<p>\u201eGa\u0142a Meble\u201c dizainas yra tvirtumo ir modernumo sinonimas, o tai atsispindi kiekvienoje naudojamoje MDF ir laminato plok\u0161t\u0117je. \u0160ios med\u017eiagos u\u017etikrina ilgaam\u017ei\u0161kum\u0105 ir atsparum\u0105 kasdieniams virtuv\u0117s i\u0161\u0161\u016bkiams. J\u0105 galite lengvai sumontuoti patys, tod\u0117l tur\u0117site visi\u0161k\u0105 savo virtuv\u0117s dizaino kontrol\u0119.<\/p>","protected":false},"excerpt":{"rendered":"<p>Plotis (cm): 60<br \/>\n\u016agis (cm): 82<br \/>\nGylis (cm): 47<\/p>","protected":false},"featured_media":158670,"comment_status":"open","ping_status":"open","template":"","meta":[],"product_brand":[],"product_cat":[9445,4106,9118],"product_tag":[],"class_list":{"0":"post-158669","1":"product","2":"type-product","3":"status-publish","4":"has-post-thumbnail","6":"product_cat-kitchen-system-aspen-white","7":"product_cat-gala-meble","8":"product_cat-kitchen-cabinets","10":"first","11":"instock","12":"purchasable","13":"product-type-simple"},"_links":{"self":[{"href":"https:\/\/baldumarket.lt\/lt\/wp-json\/wp\/v2\/product\/158669","targetHints":{"allow":["GET"]}}],"collection":[{"href":"https:\/\/baldumarket.lt\/lt\/wp-json\/wp\/v2\/product"}],"about":[{"href":"https:\/\/baldumarket.lt\/lt\/wp-json\/wp\/v2\/types\/product"}],"replies":[{"embeddable":true,"href":"https:\/\/baldumarket.lt\/lt\/wp-json\/wp\/v2\/comments?post=158669"}],"wp:featuredmedia":[{"embeddable":true,"href":"https:\/\/baldumarket.lt\/lt\/wp-json\/wp\/v2\/media\/158670"}],"wp:attachment":[{"href":"https:\/\/baldumarket.lt\/lt\/wp-json\/wp\/v2\/media?parent=158669"}],"wp:term":[{"taxonomy":"product_brand","embeddable":true,"href":"https:\/\/baldumarket.lt\/lt\/wp-json\/wp\/v2\/product_brand?post=158669"},{"taxonomy":"product_cat","embeddable":true,"href":"https:\/\/baldumarket.lt\/lt\/wp-json\/wp\/v2\/product_cat?post=158669"},{"taxonomy":"product_tag","embeddable":true,"href":"https:\/\/baldumarket.lt\/lt\/wp-json\/wp\/v2\/product_tag?post=158669"}],"curies":[{"name":"wp","href":"https:\/\/api.w.org\/{rel}","templated":true}]}}