{"id":158664,"date":"2025-12-19T00:10:08","date_gmt":"2025-12-18T21:10:08","guid":{"rendered":"https:\/\/baldumarket.lt\/product\/szafka-kuchenna-dolna-3-szuflady-d60s3-linea-grey-szary-mat\/"},"modified":"2026-02-18T11:34:34","modified_gmt":"2026-02-18T08:34:34","slug":"szafka-kuchenna-dolna-3-szuflady-d60s3-linea-grey-szary-mat","status":"publish","type":"product","link":"https:\/\/baldumarket.lt\/lt\/product\/szafka-kuchenna-dolna-3-szuflady-d60s3-linea-grey-szary-mat\/","title":{"rendered":"Apatin\u0117 virtuv\u0117s spintel\u0117 su 3 stal\u010diais, D60S3, \u201eLinea\u201c, pilka matin\u0117"},"content":{"rendered":"<p>Atraskite elegancij\u0105 ir funkcionalum\u0105 su stilinga trij\u0173 stal\u010di\u0173 virtuv\u0117s spintele i\u0161 \u201eLinea Grey\u201c kolekcijos. \u0160is unikalus baldas, padengtas blizgia pilka apdaila, yra ne tik estetinis akcentas bet kurioje virtuv\u0117je, bet ir prakti\u0161kas sprendimas kasdienei tvarkai ir organizavimui. Paremta moderniu dizainu, spintel\u0117 suteikia bet kokiam interjerui gaivumo, \u0161iuolaiki\u0161kumo. Kurdama \u201eLinea Grey\u201c, \u201eGa\u0142a Meble\u201c sutelk\u0117 d\u0117mes\u012f \u012f stiliaus ir prakti\u0161kumo derin\u012f. Matin\u0117s pilkos spalvos fasadai gra\u017eiai kontrastuoja su klasikiniu baltu korpusu, sukurdami subalansuot\u0105 kompozicij\u0105. \u0160i eleganti\u0161ka spalv\u0173 schema papildo \u012fvairius virtuv\u0117s dizainus \u2013 tiek klasikinius, tiek modernesnius, pabr\u0117\u017edama unikal\u0173 kiekvieno interjero charakter\u012f. Pagaminta i\u0161 MDF ir laminuotos plok\u0161t\u0117s, spintel\u0117 yra ne tik gra\u017ei, bet ir tvirta bei patvari, tod\u0117l tai idealus pasirinkimas tiems, kurie vertina kokyb\u0119 ir ilgaam\u017eius baldus. Trys erdv\u016bs stal\u010diai suteikia lengv\u0105 prieig\u0105 ir tvark\u0105, leid\u017eian\u010di\u0105 lengvai laikyti visus virtuv\u0117s reikmenis. Eleganti\u0161ki, savaime u\u017esidarantys stal\u010di\u0173 b\u0117geliai kiekvien\u0105 stal\u010diaus naudojim\u0105 paver\u010dia malonumu.<\/p>","protected":false},"excerpt":{"rendered":"<p>Plotis (cm): 60<br \/>\n\u016agis (cm): 82<br \/>\nGylis (cm): 47<\/p>","protected":false},"featured_media":158665,"comment_status":"open","ping_status":"open","template":"","meta":[],"product_brand":[],"product_cat":[9446,4106],"product_tag":[],"class_list":{"0":"post-158664","1":"product","2":"type-product","3":"status-publish","4":"has-post-thumbnail","6":"product_cat-kitchen-system-linea-white","7":"product_cat-gala-meble","9":"first","10":"instock","11":"purchasable","12":"product-type-simple"},"_links":{"self":[{"href":"https:\/\/baldumarket.lt\/lt\/wp-json\/wp\/v2\/product\/158664","targetHints":{"allow":["GET"]}}],"collection":[{"href":"https:\/\/baldumarket.lt\/lt\/wp-json\/wp\/v2\/product"}],"about":[{"href":"https:\/\/baldumarket.lt\/lt\/wp-json\/wp\/v2\/types\/product"}],"replies":[{"embeddable":true,"href":"https:\/\/baldumarket.lt\/lt\/wp-json\/wp\/v2\/comments?post=158664"}],"wp:featuredmedia":[{"embeddable":true,"href":"https:\/\/baldumarket.lt\/lt\/wp-json\/wp\/v2\/media\/158665"}],"wp:attachment":[{"href":"https:\/\/baldumarket.lt\/lt\/wp-json\/wp\/v2\/media?parent=158664"}],"wp:term":[{"taxonomy":"product_brand","embeddable":true,"href":"https:\/\/baldumarket.lt\/lt\/wp-json\/wp\/v2\/product_brand?post=158664"},{"taxonomy":"product_cat","embeddable":true,"href":"https:\/\/baldumarket.lt\/lt\/wp-json\/wp\/v2\/product_cat?post=158664"},{"taxonomy":"product_tag","embeddable":true,"href":"https:\/\/baldumarket.lt\/lt\/wp-json\/wp\/v2\/product_tag?post=158664"}],"curies":[{"name":"wp","href":"https:\/\/api.w.org\/{rel}","templated":true}]}}