{"id":158658,"date":"2025-12-19T00:09:55","date_gmt":"2025-12-18T21:09:55","guid":{"rendered":"https:\/\/baldumarket.lt\/product\/szafka-kuchenna-dolna-3-szuflady-d60s3-prowansja-sosna-andersen-bialy-mat\/"},"modified":"2026-02-06T14:45:58","modified_gmt":"2026-02-06T11:45:58","slug":"szafka-kuchenna-dolna-3-szuflady-d60s3-prowansja-sosna-andersen-bialy-mat","status":"publish","type":"product","link":"https:\/\/baldumarket.lt\/lt\/product\/szafka-kuchenna-dolna-3-szuflady-d60s3-prowansja-sosna-andersen-bialy-mat\/","title":{"rendered":"Apatin\u0117 virtuv\u0117s spintel\u0117 su 3 stal\u010diais, D60S3, provanso pu\u0161is, Andersen balta matin\u0117"},"content":{"rendered":"<p>Suteikite savo virtuvei unikalumo su \u201eGa\u0142a Meble\u201c \u201eProwansja\u201c serijos virtuv\u0117s spintele. \u0160i unikali spintel\u0117 \u017eavi matin\u0117s baltos spalvos gro\u017eiu ir Anderseno pu\u0161ies elegancija. Subtilus, Provanso stilius suteikia interjerui harmonijos ir ramyb\u0117s poj\u016bt\u012f, puikiai papildydamas bet kok\u012f modern\u0173 ar tradicin\u012f interjer\u0105. 60 cm plo\u010dio apatin\u0117 spintel\u0117 su trimis stal\u010diais suteikia funkcionali\u0105 daikt\u0173 laikymo erdv\u0119, kuri yra ne\u012fkainojama palaikant kasdien\u0119 tvark\u0105 virtuv\u0117je. Savaime u\u017esidarantys b\u0117geliai leid\u017eia kiekvienam stal\u010diui atsidaryti skland\u017eiai ir tyliai, tod\u0117l lengva pasiekti laikomus daiktus. Subtilios detal\u0117s, tokios kaip juodos metalin\u0117s ranken\u0117l\u0117s, suteikia charakterio ir modernumo. Spintel\u0117s konstrukcija, pagaminta i\u0161 auk\u0161tos kokyb\u0117s MDF ir laminuotos plok\u0161t\u0117s, garantuoja patvarum\u0105 ir atsparum\u0105 kasdieniam naudojimui. Reguliuojamos kojel\u0117s leid\u017eia reguliuoti auk\u0161t\u012f pagal individualius poreikius, tod\u0117l spintel\u0117 yra prakti\u0161ka ir puikiai dera prie j\u016bs\u0173 esamos virtuv\u0117s.<\/p>","protected":false},"excerpt":{"rendered":"<p>Plotis (cm): 60<br \/>\n\u016agis (cm): 82<br \/>\nGylis (cm): 47<\/p>","protected":false},"featured_media":158659,"comment_status":"open","ping_status":"open","template":"","meta":[],"product_brand":[],"product_cat":[9444,4106,9118],"product_tag":[],"class_list":{"0":"post-158658","1":"product","2":"type-product","3":"status-publish","4":"has-post-thumbnail","6":"product_cat-kitchen-system-prowansja-sosna-andersen","7":"product_cat-gala-meble","8":"product_cat-kitchen-cabinets","10":"first","11":"instock","12":"purchasable","13":"product-type-simple"},"_links":{"self":[{"href":"https:\/\/baldumarket.lt\/lt\/wp-json\/wp\/v2\/product\/158658","targetHints":{"allow":["GET"]}}],"collection":[{"href":"https:\/\/baldumarket.lt\/lt\/wp-json\/wp\/v2\/product"}],"about":[{"href":"https:\/\/baldumarket.lt\/lt\/wp-json\/wp\/v2\/types\/product"}],"replies":[{"embeddable":true,"href":"https:\/\/baldumarket.lt\/lt\/wp-json\/wp\/v2\/comments?post=158658"}],"wp:featuredmedia":[{"embeddable":true,"href":"https:\/\/baldumarket.lt\/lt\/wp-json\/wp\/v2\/media\/158659"}],"wp:attachment":[{"href":"https:\/\/baldumarket.lt\/lt\/wp-json\/wp\/v2\/media?parent=158658"}],"wp:term":[{"taxonomy":"product_brand","embeddable":true,"href":"https:\/\/baldumarket.lt\/lt\/wp-json\/wp\/v2\/product_brand?post=158658"},{"taxonomy":"product_cat","embeddable":true,"href":"https:\/\/baldumarket.lt\/lt\/wp-json\/wp\/v2\/product_cat?post=158658"},{"taxonomy":"product_tag","embeddable":true,"href":"https:\/\/baldumarket.lt\/lt\/wp-json\/wp\/v2\/product_tag?post=158658"}],"curies":[{"name":"wp","href":"https:\/\/api.w.org\/{rel}","templated":true}]}}