{"id":158654,"date":"2025-12-19T00:09:47","date_gmt":"2025-12-18T21:09:47","guid":{"rendered":"https:\/\/baldumarket.lt\/product\/szafka-kuchenna-dolna-3-szuflady-d60s3-push-open-langen-artisan\/"},"modified":"2026-02-18T11:26:16","modified_gmt":"2026-02-18T08:26:16","slug":"szafka-kuchenna-dolna-3-szuflady-d60s3-push-open-langen-artisan","status":"publish","type":"product","link":"https:\/\/baldumarket.lt\/lt\/product\/szafka-kuchenna-dolna-3-szuflady-d60s3-push-open-langen-artisan\/","title":{"rendered":"Apatin\u0117 virtuv\u0117s spintel\u0117 su 3 stal\u010diais, D60S3, atidaroma stumiant, Langen Artisan"},"content":{"rendered":"<p>Pristatome unikali\u0105 \u201eLangen Artisan\u201c kolekcijos D60S3 PUSH OPEN trij\u0173 stal\u010di\u0173 apatin\u0119 virtuv\u0117s spintel\u0119, \u012fkv\u0117pt\u0105 modernaus dizaino ir klasikinio \u017eavesio. Nat\u016brali \u201eArtisan Oak\u201c apdaila suteikia virtuvei \u0161ilumos ir elegancijos, u\u017etikrindama, kad bet koks interjeras b\u016bt\u0173 \u012fsimintinas. Tai puikus sprendimas tiems, kurie vertina estetik\u0105 ir funkcionalum\u0105.<\/p>\n<p>D\u0117l unikalios atidarymo sistemos \u201ePUSH OPEN\u201c naudotis \u0161ia spintele tampa tikru malonumu. Lengvas paspaudimas leid\u017eia greitai ir lengvai atidaryti stal\u010dius, o tai itin prakti\u0161ka atliekant kasdienes virtuv\u0117s u\u017eduotis. \u0160i technologija ne tik supaprastina gyvenim\u0105, bet ir suteikia bendram dizainui modernaus bei minimalistinio charakterio.<\/p>\n<p>Unikali \u201eArtisan Oak\u201c laminuotos priekin\u0117s ir korpuso versijos spalva ir tekst\u016bra ne tik vizualiai stulbina, bet ir yra atspari \u012fbr\u0117\u017eimams. \u0160is patvarumas u\u017etikrina, kad spintel\u0117 tarnaus ilgus metus, i\u0161laikydama nepriekai\u0161ting\u0105 i\u0161vaizd\u0105. Reguliuojamos kojel\u0117s leid\u017eia reguliuoti auk\u0161t\u012f pagal individualius poreikius, tod\u0117l \u0161is baldas tiks bet kurioje virtuv\u0117je, nepriklausomai nuo jos auk\u0161\u010dio.<\/p>\n<p>\u0160i \u201eLangen Artisan\u201c kolekcijos apatin\u0117 spintel\u0117 pasi\u017eymi paprastu surinkimu ir eleganti\u0161ku dizainu, tod\u0117l puikiai tinka bet kokiam interjero dizainui. Surinkimas yra greitas ir intuityvus, tod\u0117l ji greitai taps j\u016bs\u0173 svajoni\u0173 virtuv\u0117s dalimi. Tegul \u0161is baldas tampa j\u016bs\u0173 virtuv\u0117s erdv\u0117s traukos centru, derindamas stili\u0173 su komfortu ir prakti\u0161kumu.<\/p>","protected":false},"excerpt":{"rendered":"<p>Plotis (cm): 60<br \/>\n\u016agis (cm): 82<br \/>\nGylis (cm): 47<\/p>","protected":false},"featured_media":158655,"comment_status":"open","ping_status":"open","template":"","meta":[],"product_brand":[],"product_cat":[9442,4106],"product_tag":[],"class_list":{"0":"post-158654","1":"product","2":"type-product","3":"status-publish","4":"has-post-thumbnail","6":"product_cat-kitchen-system-langen-dab-artisan","7":"product_cat-gala-meble","9":"first","10":"instock","11":"purchasable","12":"product-type-simple"},"_links":{"self":[{"href":"https:\/\/baldumarket.lt\/lt\/wp-json\/wp\/v2\/product\/158654","targetHints":{"allow":["GET"]}}],"collection":[{"href":"https:\/\/baldumarket.lt\/lt\/wp-json\/wp\/v2\/product"}],"about":[{"href":"https:\/\/baldumarket.lt\/lt\/wp-json\/wp\/v2\/types\/product"}],"replies":[{"embeddable":true,"href":"https:\/\/baldumarket.lt\/lt\/wp-json\/wp\/v2\/comments?post=158654"}],"wp:featuredmedia":[{"embeddable":true,"href":"https:\/\/baldumarket.lt\/lt\/wp-json\/wp\/v2\/media\/158655"}],"wp:attachment":[{"href":"https:\/\/baldumarket.lt\/lt\/wp-json\/wp\/v2\/media?parent=158654"}],"wp:term":[{"taxonomy":"product_brand","embeddable":true,"href":"https:\/\/baldumarket.lt\/lt\/wp-json\/wp\/v2\/product_brand?post=158654"},{"taxonomy":"product_cat","embeddable":true,"href":"https:\/\/baldumarket.lt\/lt\/wp-json\/wp\/v2\/product_cat?post=158654"},{"taxonomy":"product_tag","embeddable":true,"href":"https:\/\/baldumarket.lt\/lt\/wp-json\/wp\/v2\/product_tag?post=158654"}],"curies":[{"name":"wp","href":"https:\/\/api.w.org\/{rel}","templated":true}]}}