{"id":158649,"date":"2025-12-19T00:09:38","date_gmt":"2025-12-18T21:09:38","guid":{"rendered":"https:\/\/baldumarket.lt\/product\/szafka-kuchenna-dolna-3-szuflady-d60s3-push-open-langen-beige\/"},"modified":"2026-02-18T11:26:16","modified_gmt":"2026-02-18T08:26:16","slug":"szafka-kuchenna-dolna-3-szuflady-d60s3-push-open-langen-beige","status":"publish","type":"product","link":"https:\/\/baldumarket.lt\/lt\/product\/szafka-kuchenna-dolna-3-szuflady-d60s3-push-open-langen-beige\/","title":{"rendered":"Apatin\u0117 virtuv\u0117s spintel\u0117, 3 stal\u010diai, D60S3, atidarymas stumiant, Langen, sm\u0117lio spalvos"},"content":{"rendered":"<p>Suteikite savo virtuvei elegancijos ir modernumo su \u201eGa\u0142a Meble\u201c trij\u0173 stal\u010di\u0173 pagrindine spintele D60S3 su PUSH-OPEN sistema. Subtil\u016bs sm\u0117lio spalvos matiniai fasadai ir \u201eArtisan Oak\u201c korpusas sukuria harmoning\u0105 kompozicij\u0105, kuri puikiai dera prie bet kokio interjero. \u0160i spintel\u0117 ne tik pagerins j\u016bs\u0173 virtuv\u0117s estetik\u0105, bet ir suteiks funkcionalumo, apie kur\u012f anks\u010diau gal\u0117jote tik pasvajoti. Minimalistinis dizainas, pary\u0161kintas inovatyvia \u201ePush-to-Open\u201c sistema, garantuoja patog\u0173 naudojim\u0105, o stal\u010di\u0173 atidarymas tampa tikru malonumu. Reguliuojamos kojel\u0117s leid\u017eia reguliuoti spintel\u0117s auk\u0161t\u012f pagal individualius poreikius, dar labiau padidinant j\u016bs\u0173 virtuv\u0117s erdv\u0117s komfort\u0105. \u0160i atidarymo sistema ne tik supaprastina kasdienyb\u0119, bet ir suteikia j\u016bs\u0173 interjerui modernumo. Spintel\u0117 D60S3 i\u0161siskiria ne tik eleganti\u0161ka i\u0161vaizda, bet ir geb\u0117jimu efektyviai i\u0161naudoti erdv\u0119. Trys prakti\u0161ki stal\u010diai suteikia daug vietos svarbiausiems virtuv\u0117s daiktams laikyti, u\u017etikrindami tvark\u0105 ir patogum\u0105 j\u016bs\u0173 nam\u0173 \u0161irdyje. Tai puikus sprendimas tiems, kurie vertina ir stili\u0173, ir funkcionalum\u0105.<\/p>","protected":false},"excerpt":{"rendered":"<p>Plotis (cm): 60<br \/>\n\u016agis (cm): 82<br \/>\nGylis (cm): 47<\/p>","protected":false},"featured_media":158650,"comment_status":"open","ping_status":"open","template":"","meta":[],"product_brand":[],"product_cat":[9442,4106],"product_tag":[],"class_list":{"0":"post-158649","1":"product","2":"type-product","3":"status-publish","4":"has-post-thumbnail","6":"product_cat-kitchen-system-langen-dab-artisan","7":"product_cat-gala-meble","9":"first","10":"instock","11":"purchasable","12":"product-type-simple"},"_links":{"self":[{"href":"https:\/\/baldumarket.lt\/lt\/wp-json\/wp\/v2\/product\/158649","targetHints":{"allow":["GET"]}}],"collection":[{"href":"https:\/\/baldumarket.lt\/lt\/wp-json\/wp\/v2\/product"}],"about":[{"href":"https:\/\/baldumarket.lt\/lt\/wp-json\/wp\/v2\/types\/product"}],"replies":[{"embeddable":true,"href":"https:\/\/baldumarket.lt\/lt\/wp-json\/wp\/v2\/comments?post=158649"}],"wp:featuredmedia":[{"embeddable":true,"href":"https:\/\/baldumarket.lt\/lt\/wp-json\/wp\/v2\/media\/158650"}],"wp:attachment":[{"href":"https:\/\/baldumarket.lt\/lt\/wp-json\/wp\/v2\/media?parent=158649"}],"wp:term":[{"taxonomy":"product_brand","embeddable":true,"href":"https:\/\/baldumarket.lt\/lt\/wp-json\/wp\/v2\/product_brand?post=158649"},{"taxonomy":"product_cat","embeddable":true,"href":"https:\/\/baldumarket.lt\/lt\/wp-json\/wp\/v2\/product_cat?post=158649"},{"taxonomy":"product_tag","embeddable":true,"href":"https:\/\/baldumarket.lt\/lt\/wp-json\/wp\/v2\/product_tag?post=158649"}],"curies":[{"name":"wp","href":"https:\/\/api.w.org\/{rel}","templated":true}]}}