{"id":158645,"date":"2025-12-19T00:09:30","date_gmt":"2025-12-18T21:09:30","guid":{"rendered":"https:\/\/baldumarket.lt\/product\/szafka-kuchenna-dolna-3-szuflady-d60s3-push-open-langen-grey\/"},"modified":"2026-02-18T11:26:16","modified_gmt":"2026-02-18T08:26:16","slug":"szafka-kuchenna-dolna-3-szuflady-d60s3-push-open-langen-grey","status":"publish","type":"product","link":"https:\/\/baldumarket.lt\/lt\/product\/szafka-kuchenna-dolna-3-szuflady-d60s3-push-open-langen-grey\/","title":{"rendered":"Apatin\u0117 virtuv\u0117s spintel\u0117, 3 stal\u010diai, D60S3, atidaroma stumiant, pilka, Langen"},"content":{"rendered":"<p>Atraskite modern\u0173 po\u017ei\u016br\u012f \u012f virtuv\u0117s dizain\u0105 su \u201eLangen Grey Base\u201c virtuv\u0117s spintele. \u0160i spintel\u0117 puikiai tinka tiems, kurie vertina minimalistin\u012f dizain\u0105 ir funkcionalum\u0105, \u012fne\u0161dama gaivos \u012f bet kok\u012f virtuv\u0117s interjer\u0105. Eleganti\u0161kas matinis pilkas priekis papildo \u201eArtisan Oak\u201c korpus\u0105, sukurdamas harmoning\u0105 visum\u0105, kuri lengvai dera prie \u012fvairi\u0173 dekoro stili\u0173.<\/p>\n<p>Prakti\u0161kumo vir\u0161\u016bn\u0117 \u2013 taip galima apib\u016bdinti spustel\u0117jus atidarom\u0105 spintel\u0119 be ranken\u0117li\u0173. Subtilumas ir paprastumas yra ne tik madingas sprendimas, bet ir patogus kasdieniam naudojimui. \u0160velnaus prisilietimo pakanka, kad atsidaryt\u0173 trys erdv\u016bs stal\u010diai, kuriuose tilps visi svarbiausi virtuv\u0117s reikmenys ir \u012frankiai, tod\u0117l daiktus bus lengviau tvarkyti.<\/p>\n<p>D\u0117l patvarios \u0161io novatori\u0161ko baldo konstrukcijos jis atsparus pa\u017eeidimams ir idealiai tinka kasdieniam naudojimui. MDF priekin\u0117 dalis ir laminuotos plok\u0161t\u0117s korpusas garantuoja ilgaam\u017ei\u0161kum\u0105 ir stabilum\u0105. Tokios detal\u0117s kaip reguliuojamo auk\u0161\u010dio kojel\u0117s suteikia papildomo komforto, leisdamos reguliuoti auk\u0161t\u012f pagal individualius poreikius ir pageidavimus.<\/p>\n<p>Surinkti pagrindin\u0119 spintel\u0119 dar niekada nebuvo taip paprasta. D\u0117l ai\u0161ki\u0173 instrukcij\u0173 kiekvienas gali surinkti \u0161\u012f stiling\u0105 bald\u0105 akimirksniu. Pilka \u201eLangen\u201c virtuv\u0117s spintel\u0117 yra funkcionalumo ir unikalaus stiliaus sinonimas, kuris tikrai pritrauks d\u0117mes\u012f ir patenkins net reikliausius klientus, ie\u0161kan\u010dius kokyb\u0117s ir estetikos viename.<\/p>","protected":false},"excerpt":{"rendered":"<p>Plotis (cm): 60<br \/>\n\u016agis (cm): 82<br \/>\nGylis (cm): 47<\/p>","protected":false},"featured_media":158646,"comment_status":"open","ping_status":"open","template":"","meta":[],"product_brand":[],"product_cat":[9442,4106],"product_tag":[],"class_list":{"0":"post-158645","1":"product","2":"type-product","3":"status-publish","4":"has-post-thumbnail","6":"product_cat-kitchen-system-langen-dab-artisan","7":"product_cat-gala-meble","9":"first","10":"instock","11":"purchasable","12":"product-type-simple"},"_links":{"self":[{"href":"https:\/\/baldumarket.lt\/lt\/wp-json\/wp\/v2\/product\/158645","targetHints":{"allow":["GET"]}}],"collection":[{"href":"https:\/\/baldumarket.lt\/lt\/wp-json\/wp\/v2\/product"}],"about":[{"href":"https:\/\/baldumarket.lt\/lt\/wp-json\/wp\/v2\/types\/product"}],"replies":[{"embeddable":true,"href":"https:\/\/baldumarket.lt\/lt\/wp-json\/wp\/v2\/comments?post=158645"}],"wp:featuredmedia":[{"embeddable":true,"href":"https:\/\/baldumarket.lt\/lt\/wp-json\/wp\/v2\/media\/158646"}],"wp:attachment":[{"href":"https:\/\/baldumarket.lt\/lt\/wp-json\/wp\/v2\/media?parent=158645"}],"wp:term":[{"taxonomy":"product_brand","embeddable":true,"href":"https:\/\/baldumarket.lt\/lt\/wp-json\/wp\/v2\/product_brand?post=158645"},{"taxonomy":"product_cat","embeddable":true,"href":"https:\/\/baldumarket.lt\/lt\/wp-json\/wp\/v2\/product_cat?post=158645"},{"taxonomy":"product_tag","embeddable":true,"href":"https:\/\/baldumarket.lt\/lt\/wp-json\/wp\/v2\/product_tag?post=158645"}],"curies":[{"name":"wp","href":"https:\/\/api.w.org\/{rel}","templated":true}]}}