{"id":158640,"date":"2025-12-19T00:09:19","date_gmt":"2025-12-18T21:09:19","guid":{"rendered":"https:\/\/baldumarket.lt\/product\/szafka-kuchenna-dolna-3-szuflady-d60s3-sycylia-andersen\/"},"modified":"2026-02-06T12:46:54","modified_gmt":"2026-02-06T09:46:54","slug":"szafka-kuchenna-dolna-3-szuflady-d60s3-sycylia-andersen","status":"publish","type":"product","link":"https:\/\/baldumarket.lt\/lt\/product\/szafka-kuchenna-dolna-3-szuflady-d60s3-sycylia-andersen\/","title":{"rendered":"Apatin\u0117 virtuv\u0117s spintel\u0117 su 3 stal\u010diais, D60S3, Sicily Andersen"},"content":{"rendered":"<p>M\u016bs\u0173 \u201eAndersen Sicily\u201c trij\u0173 stal\u010di\u0173 apatin\u0117 virtuv\u0117s spintel\u0117 \u2013 puikus sprendimas tiems, kurie vertina elegancij\u0105 ir prakti\u0161kum\u0105. Ry\u0161kios spalvos ir \u201eAndersen\u201c pu\u0161ies fasadas bet kurioje virtuv\u0117je sukuria gaiv\u0173 ir malon\u0173 poj\u016bt\u012f. Matinis baltas korpusas papildo subtil\u0173, modern\u0173 stili\u0173, kuris lengvai dera su kita virtuv\u0117s \u012franga. Esteti\u0161kas \u0161ios spintel\u0117s dizainas ne tik traukia ak\u012f, bet ir svarbiausia u\u017etikrina funkcionalum\u0105 kasdieniame naudojime. Trys erdv\u016bs stal\u010diai \u2013 puiki vieta laikyti b\u016btiniausius virtuv\u0117s reikmenis, prieskonius ir stalo \u012frankius, kad jie visada b\u016bt\u0173 po ranka. Prakti\u0161ka forma u\u017etikrina optimal\u0173 kiekvienos stal\u010diaus erdv\u0117s i\u0161naudojim\u0105, palengvindama virtuv\u0117s organizavim\u0105. Spintel\u0117s dizainas kruop\u0161\u010diai apgalvotas, kad harmoningai der\u0117t\u0173 prie \u012fvairi\u0173 interjero stili\u0173. Paprasta forma ir modernus \u017eavesys garantuoja, kad spintel\u0117 bus ne tik funkcionalus, bet ir stilingas j\u016bs\u0173 virtuv\u0117s papildymas. Sidabrin\u0117s plastikin\u0117s rankenos suteikia elegancijos, o ergonomi\u0161ka forma \u2013 patog\u0173 naudojim\u0105.<\/p>","protected":false},"excerpt":{"rendered":"<p>Plotis (cm): 60<br \/>\n\u016agis (cm): 82<br \/>\nGylis (cm): 47<\/p>","protected":false},"featured_media":158641,"comment_status":"open","ping_status":"open","template":"","meta":[],"product_brand":[],"product_cat":[9440,9441,4106,9118],"product_tag":[],"class_list":{"0":"post-158640","1":"product","2":"type-product","3":"status-publish","4":"has-post-thumbnail","6":"product_cat-kitchen-system-sycylia-sosna-andersen","7":"product_cat-white","8":"product_cat-gala-meble","9":"product_cat-kitchen-cabinets","11":"first","12":"instock","13":"purchasable","14":"product-type-simple"},"_links":{"self":[{"href":"https:\/\/baldumarket.lt\/lt\/wp-json\/wp\/v2\/product\/158640","targetHints":{"allow":["GET"]}}],"collection":[{"href":"https:\/\/baldumarket.lt\/lt\/wp-json\/wp\/v2\/product"}],"about":[{"href":"https:\/\/baldumarket.lt\/lt\/wp-json\/wp\/v2\/types\/product"}],"replies":[{"embeddable":true,"href":"https:\/\/baldumarket.lt\/lt\/wp-json\/wp\/v2\/comments?post=158640"}],"wp:featuredmedia":[{"embeddable":true,"href":"https:\/\/baldumarket.lt\/lt\/wp-json\/wp\/v2\/media\/158641"}],"wp:attachment":[{"href":"https:\/\/baldumarket.lt\/lt\/wp-json\/wp\/v2\/media?parent=158640"}],"wp:term":[{"taxonomy":"product_brand","embeddable":true,"href":"https:\/\/baldumarket.lt\/lt\/wp-json\/wp\/v2\/product_brand?post=158640"},{"taxonomy":"product_cat","embeddable":true,"href":"https:\/\/baldumarket.lt\/lt\/wp-json\/wp\/v2\/product_cat?post=158640"},{"taxonomy":"product_tag","embeddable":true,"href":"https:\/\/baldumarket.lt\/lt\/wp-json\/wp\/v2\/product_tag?post=158640"}],"curies":[{"name":"wp","href":"https:\/\/api.w.org\/{rel}","templated":true}]}}