{"id":158635,"date":"2025-12-19T00:09:09","date_gmt":"2025-12-18T21:09:09","guid":{"rendered":"https:\/\/baldumarket.lt\/product\/szafka-kuchenna-dolna-3-szuflady-d60s3-sycylia-orzech\/"},"modified":"2026-02-06T14:32:44","modified_gmt":"2026-02-06T11:32:44","slug":"szafka-kuchenna-dolna-3-szuflady-d60s3-sycylia-orzech","status":"publish","type":"product","link":"https:\/\/baldumarket.lt\/lt\/product\/szafka-kuchenna-dolna-3-szuflady-d60s3-sycylia-orzech\/","title":{"rendered":"Apatin\u0117 virtuv\u0117s spintel\u0117, 3 stal\u010diai, D60S3, Sicily Walnut"},"content":{"rendered":"<p>Pakelkite savo virtuv\u0119 \u012f kit\u0105 elegancijos lyg\u012f su \u201eGa\u0142a Meble\u201c Sicily Walnut apatine spintele. \u0160i gra\u017ei 60 cm plo\u010dio spintel\u0117 \u2013 puikus pasirinkimas tiems, kurie vertina estetik\u0105 ir funkcionalum\u0105 viename. Unikalus dizainas, \u012fkv\u0117ptas klasikinio itali\u0161ko interjero, suteikia bet kuriai erdvei prabangos ir jaukumo. I\u0161 MDF plok\u0161t\u0117s, pagamintos Milano Walnut spalvos, pagamintos i\u0161 fasado, atspindi naujausias interjero dizaino tendencijas. \u0160is \u0161iltas med\u017eio atspalvis leid\u017eia spintelei skland\u017eiai dera su \u012fvairiais interjero stiliais \u2013 nuo klasikinio iki modernaus. Tai paver\u010dia j\u0105 bet kurios virtuv\u0117s traukos centru, d\u017eiuginan\u010diu tiek \u0161eim\u0105, tiek sve\u010dius. Trys erdv\u016bs stal\u010diai si\u016blo prakti\u0161k\u0105 virtuv\u0117s reikmen\u0173 laikym\u0105, leid\u017eiant\u012f palaikyti tvark\u0105 ir lengvai pasiekti da\u017enai naudojamus daiktus. Laminuotos plok\u0161t\u0117s korpusas u\u017etikrina patvarum\u0105 ir atsparum\u0105 kasdieniam naudojimui. Tai puiki investicija \u012f virtuv\u0117s \u012frang\u0105, kuri tarnaus ilgus metus.<\/p>","protected":false},"excerpt":{"rendered":"<p>Plotis (cm): 60<br \/>\n\u016agis (cm): 82<br \/>\nGylis (cm): 47<\/p>","protected":false},"featured_media":158636,"comment_status":"open","ping_status":"open","template":"","meta":[],"product_brand":[],"product_cat":[9450,4106,9118],"product_tag":[],"class_list":{"0":"post-158635","1":"product","2":"type-product","3":"status-publish","4":"has-post-thumbnail","6":"product_cat-kitchen-system-sycylia-orzech-milano","7":"product_cat-gala-meble","8":"product_cat-kitchen-cabinets","10":"first","11":"instock","12":"purchasable","13":"product-type-simple"},"_links":{"self":[{"href":"https:\/\/baldumarket.lt\/lt\/wp-json\/wp\/v2\/product\/158635","targetHints":{"allow":["GET"]}}],"collection":[{"href":"https:\/\/baldumarket.lt\/lt\/wp-json\/wp\/v2\/product"}],"about":[{"href":"https:\/\/baldumarket.lt\/lt\/wp-json\/wp\/v2\/types\/product"}],"replies":[{"embeddable":true,"href":"https:\/\/baldumarket.lt\/lt\/wp-json\/wp\/v2\/comments?post=158635"}],"wp:featuredmedia":[{"embeddable":true,"href":"https:\/\/baldumarket.lt\/lt\/wp-json\/wp\/v2\/media\/158636"}],"wp:attachment":[{"href":"https:\/\/baldumarket.lt\/lt\/wp-json\/wp\/v2\/media?parent=158635"}],"wp:term":[{"taxonomy":"product_brand","embeddable":true,"href":"https:\/\/baldumarket.lt\/lt\/wp-json\/wp\/v2\/product_brand?post=158635"},{"taxonomy":"product_cat","embeddable":true,"href":"https:\/\/baldumarket.lt\/lt\/wp-json\/wp\/v2\/product_cat?post=158635"},{"taxonomy":"product_tag","embeddable":true,"href":"https:\/\/baldumarket.lt\/lt\/wp-json\/wp\/v2\/product_tag?post=158635"}],"curies":[{"name":"wp","href":"https:\/\/api.w.org\/{rel}","templated":true}]}}