{"id":158630,"date":"2025-12-19T00:08:58","date_gmt":"2025-12-18T21:08:58","guid":{"rendered":"https:\/\/baldumarket.lt\/product\/szafka-kuchenna-dolna-3-szuflady-d60s3-uchwyt-klasyczny-langen-artisan\/"},"modified":"2026-02-18T11:26:16","modified_gmt":"2026-02-18T08:26:16","slug":"szafka-kuchenna-dolna-3-szuflady-d60s3-uchwyt-klasyczny-langen-artisan","status":"publish","type":"product","link":"https:\/\/baldumarket.lt\/lt\/product\/szafka-kuchenna-dolna-3-szuflady-d60s3-uchwyt-klasyczny-langen-artisan\/","title":{"rendered":"Apatin\u0117 virtuv\u0117s spintel\u0117, 3 stal\u010diai, D60S3, klasikin\u0117 rankena, Langen Artisan"},"content":{"rendered":"<p>\u0160i trij\u0173 stal\u010di\u0173 apatin\u0117 virtuv\u0117s spintel\u0117 yra funkcionalumo ir elegancijos esm\u0117. \u201eGa\u0142a Meble\u201c dar kart\u0105 \u012frodo, kaip derinti prakti\u0161kus sprendimus su rafinuotu stiliumi. \u201eLangen Artisan\u201c modelis yra puikus pasirinkimas tiems, kurie vertina unikal\u0173 dizain\u0105 ir auk\u0161tos kokyb\u0117s apdirbim\u0105. Stilinga \u201eArtisan\u201c \u0105\u017euolo apdaila suteikia interjerui \u0161ilumos ir nat\u016bralumo gro\u017eio, kartu su idealiu fonu \u012fvairiems virtuv\u0117s i\u0161d\u0117stymams. Juodos metalin\u0117s ranken\u0117l\u0117s suteikia spintelei modernumo, sukurdamos derin\u012f, kuris yra ne tik ak\u012f traukiantis, bet ir madingas bei universalus. Trys stal\u010diai su savaime u\u017esidarymo sistema supaprastina erdv\u0117s organizavim\u0105 ir leid\u017eia lengvai pasiekti laikomus daiktus. \u0160is sprendimas tinka tiek didel\u0117ms, tiek ma\u017eoms virtuv\u0117ms, kur kiekvienas centimetras yra vertingas. Spintel\u0117 su reguliuojamomis kojel\u0117mis puikiai prisitaiko prie bet kokio stalvir\u0161io auk\u0161\u010dio, u\u017etikrindama stabilum\u0105 ir komfort\u0105.<\/p>","protected":false},"excerpt":{"rendered":"<p>Plotis (cm): 60<br \/>\n\u016agis (cm): 82<br \/>\nGylis (cm): 47<\/p>","protected":false},"featured_media":158631,"comment_status":"open","ping_status":"open","template":"","meta":[],"product_brand":[],"product_cat":[9442,4106],"product_tag":[],"class_list":{"0":"post-158630","1":"product","2":"type-product","3":"status-publish","4":"has-post-thumbnail","6":"product_cat-kitchen-system-langen-dab-artisan","7":"product_cat-gala-meble","9":"first","10":"instock","11":"purchasable","12":"product-type-simple"},"_links":{"self":[{"href":"https:\/\/baldumarket.lt\/lt\/wp-json\/wp\/v2\/product\/158630","targetHints":{"allow":["GET"]}}],"collection":[{"href":"https:\/\/baldumarket.lt\/lt\/wp-json\/wp\/v2\/product"}],"about":[{"href":"https:\/\/baldumarket.lt\/lt\/wp-json\/wp\/v2\/types\/product"}],"replies":[{"embeddable":true,"href":"https:\/\/baldumarket.lt\/lt\/wp-json\/wp\/v2\/comments?post=158630"}],"wp:featuredmedia":[{"embeddable":true,"href":"https:\/\/baldumarket.lt\/lt\/wp-json\/wp\/v2\/media\/158631"}],"wp:attachment":[{"href":"https:\/\/baldumarket.lt\/lt\/wp-json\/wp\/v2\/media?parent=158630"}],"wp:term":[{"taxonomy":"product_brand","embeddable":true,"href":"https:\/\/baldumarket.lt\/lt\/wp-json\/wp\/v2\/product_brand?post=158630"},{"taxonomy":"product_cat","embeddable":true,"href":"https:\/\/baldumarket.lt\/lt\/wp-json\/wp\/v2\/product_cat?post=158630"},{"taxonomy":"product_tag","embeddable":true,"href":"https:\/\/baldumarket.lt\/lt\/wp-json\/wp\/v2\/product_tag?post=158630"}],"curies":[{"name":"wp","href":"https:\/\/api.w.org\/{rel}","templated":true}]}}