{"id":158624,"date":"2025-12-19T00:08:47","date_gmt":"2025-12-18T21:08:47","guid":{"rendered":"https:\/\/baldumarket.lt\/product\/szafka-kuchenna-dolna-3-szuflady-d60s3-uchwyt-klasyczny-langen-beige\/"},"modified":"2026-02-18T11:26:16","modified_gmt":"2026-02-18T08:26:16","slug":"szafka-kuchenna-dolna-3-szuflady-d60s3-uchwyt-klasyczny-langen-beige","status":"publish","type":"product","link":"https:\/\/baldumarket.lt\/lt\/product\/szafka-kuchenna-dolna-3-szuflady-d60s3-uchwyt-klasyczny-langen-beige\/","title":{"rendered":"Apatin\u0117 virtuv\u0117s spintel\u0117 su 3 stal\u010diais, D60S3, klasikin\u0117 rankena, Langen, sm\u0117lio spalvos"},"content":{"rendered":"<p>Su \u201eGa\u0142a Meble\u201c \u201eLangen Beige\u201c apatine spintele suteikite savo virtuvei elegancijos ir funkcionalumo. Stilinga i\u0161vaizda ir subtil\u016bs sm\u0117lio spalvos matiniai fasadai puikiai dera su \u201eArtisan Oak\u201c korpusu, sukurdami prabang\u0173 interjero dizaino element\u0105. \u0160i spintel\u0117 yra ne tik daikt\u0173 laikymo sprendimas, bet ir ry\u0161kus papildymas, kuris bet kuriai virtuvei suteiks \u0161ilumos ir stiliaus. Trimis erdviais stal\u010diais apr\u016bpinta \u201eLangen Beige\u201c apatin\u0117 spintel\u0117 suteikia optimali\u0105 erdv\u0119 \u012fvairiems virtuv\u0117s priedams, tod\u0117l naudotis virtuve bus malonu. Klasikin\u0117s juodo metalo rankenos suteikia subtilaus \u017eavesio ir kontrasto, suteikdamos baldui nesenstan\u010dio elegancijos. Kiekviena virtuv\u0117je praleista akimirka bus dar \u012fkvepianti su tokiu esteti\u0161ku priedu. \u201eLangen\u201c apatin\u0117s spintel\u0117s prakti\u0161kum\u0105 dar labiau padidina reguliuojamo auk\u0161\u010dio kojel\u0117s, leid\u017eian\u010dios reguliuoti jos auk\u0161t\u012f pagal savo poreikius. Tai leid\u017eia spintel\u0119 lengvai integruoti \u012f \u012fvairius virtuv\u0117s i\u0161d\u0117stymus, u\u017etikrinant stabilum\u0105 ir patogum\u0105 kasdieniam naudojimui. Auk\u0161tos kokyb\u0117s med\u017eiag\u0173, toki\u0173 kaip MDF ir laminuota plok\u0161t\u0117, derinys garantuoja ilgaam\u017ei\u0161kum\u0105 ir tvirtum\u0105 daugel\u012f met\u0173.<\/p>","protected":false},"excerpt":{"rendered":"<p>Plotis (cm): 60<br \/>\n\u016agis (cm): 82<br \/>\nGylis (cm): 47<\/p>","protected":false},"featured_media":158625,"comment_status":"open","ping_status":"open","template":"","meta":[],"product_brand":[],"product_cat":[9442,4106],"product_tag":[],"class_list":{"0":"post-158624","1":"product","2":"type-product","3":"status-publish","4":"has-post-thumbnail","6":"product_cat-kitchen-system-langen-dab-artisan","7":"product_cat-gala-meble","9":"first","10":"instock","11":"purchasable","12":"product-type-simple"},"_links":{"self":[{"href":"https:\/\/baldumarket.lt\/lt\/wp-json\/wp\/v2\/product\/158624","targetHints":{"allow":["GET"]}}],"collection":[{"href":"https:\/\/baldumarket.lt\/lt\/wp-json\/wp\/v2\/product"}],"about":[{"href":"https:\/\/baldumarket.lt\/lt\/wp-json\/wp\/v2\/types\/product"}],"replies":[{"embeddable":true,"href":"https:\/\/baldumarket.lt\/lt\/wp-json\/wp\/v2\/comments?post=158624"}],"wp:featuredmedia":[{"embeddable":true,"href":"https:\/\/baldumarket.lt\/lt\/wp-json\/wp\/v2\/media\/158625"}],"wp:attachment":[{"href":"https:\/\/baldumarket.lt\/lt\/wp-json\/wp\/v2\/media?parent=158624"}],"wp:term":[{"taxonomy":"product_brand","embeddable":true,"href":"https:\/\/baldumarket.lt\/lt\/wp-json\/wp\/v2\/product_brand?post=158624"},{"taxonomy":"product_cat","embeddable":true,"href":"https:\/\/baldumarket.lt\/lt\/wp-json\/wp\/v2\/product_cat?post=158624"},{"taxonomy":"product_tag","embeddable":true,"href":"https:\/\/baldumarket.lt\/lt\/wp-json\/wp\/v2\/product_tag?post=158624"}],"curies":[{"name":"wp","href":"https:\/\/api.w.org\/{rel}","templated":true}]}}