{"id":158619,"date":"2025-12-19T00:08:36","date_gmt":"2025-12-18T21:08:36","guid":{"rendered":"https:\/\/baldumarket.lt\/product\/szafka-kuchenna-dolna-3-szuflady-d60s3-uchwyt-klasyczny-langen-grey\/"},"modified":"2026-02-03T23:32:12","modified_gmt":"2026-02-03T20:32:12","slug":"szafka-kuchenna-dolna-3-szuflady-d60s3-uchwyt-klasyczny-langen-grey","status":"publish","type":"product","link":"https:\/\/baldumarket.lt\/lt\/product\/szafka-kuchenna-dolna-3-szuflady-d60s3-uchwyt-klasyczny-langen-grey\/","title":{"rendered":"Apatin\u0117 virtuv\u0117s spintel\u0117, 3 stal\u010diai, D60S3, klasikin\u0117 rankena, pilka"},"content":{"rendered":"<p>Sukurkite stiling\u0105 virtuv\u0119 su \u201eLangen Grey\u201c apatine spintele, kuri bet kokiam interjerui suteiks modernaus elegancijos. Matin\u0117 pilka apdaila puikiai tinka \u0161iuolaikiniam dizainui, dera su \u012fvairiomis spalv\u0173 palet\u0117mis ir suteikia subtil\u0173 klas\u0117s akcent\u0105. Spintel\u0117s \u017eaves\u012f papildo klasikinio stiliaus rankenos, pagamintos i\u0161 tvirto juodo metalo \u2013 derinys, kuris patenkins tiek modernaus, tiek klasikinio dizaino m\u0117g\u0117jus. Kasdienis funkcionalumas yra pagrindinis \u0161ios spintel\u0117s privalumas. Trys erdv\u016bs stal\u010diai suteikia daug vietos daiktams susid\u0117ti, tod\u0117l gal\u0117site lengvai susitvarkyti savo virtuv\u0117s reikmenis. D\u0117l sklandaus veikimo ir tvirtos konstrukcijos, pagamintos i\u0161 atsparios pa\u017eeidimams laminato plok\u0161t\u0117s, galite b\u016bti tikri, kad \u0161i spintel\u0117 tarnaus jums ilgus metus. Ergonomi\u0161kos, reguliuojamos kojel\u0117s leid\u017eia reguliuoti spintel\u0117s auk\u0161t\u012f pagal individualius poreikius. Esteti\u0161kas eleganti\u0161ko \u201eArtisan Oak\u201c korpusas gra\u017eiai kontrastuoja su priekine dalimi, suteikdamas nat\u016bralaus \u017eavesio ir \u0161ilumos. \u0160is unikalus dizainas sukuria \u0161ilumos ir jaukumo atmosfer\u0105, tod\u0117l j\u016bs\u0173 virtuv\u0117 taps svetingesn\u0117 ir harmoningesn\u0117. Nat\u016bralios \u0105\u017euolo i\u0161vaizdos ir modernios matin\u0117s pilkos spalvos derinys garantuoja harmonij\u0105 ir nesenstan\u010di\u0105 estetik\u0105.<\/p>","protected":false},"excerpt":{"rendered":"<p>Plotis (cm): 60<br \/>\n\u016agis (cm): 82<br \/>\nGylis (cm): 47<\/p>","protected":false},"featured_media":158620,"comment_status":"open","ping_status":"open","template":"","meta":[],"product_brand":[],"product_cat":[4106,9118],"product_tag":[],"class_list":{"0":"post-158619","1":"product","2":"type-product","3":"status-publish","4":"has-post-thumbnail","6":"product_cat-gala-meble","7":"product_cat-kitchen-cabinets","9":"first","10":"instock","11":"purchasable","12":"product-type-simple"},"_links":{"self":[{"href":"https:\/\/baldumarket.lt\/lt\/wp-json\/wp\/v2\/product\/158619","targetHints":{"allow":["GET"]}}],"collection":[{"href":"https:\/\/baldumarket.lt\/lt\/wp-json\/wp\/v2\/product"}],"about":[{"href":"https:\/\/baldumarket.lt\/lt\/wp-json\/wp\/v2\/types\/product"}],"replies":[{"embeddable":true,"href":"https:\/\/baldumarket.lt\/lt\/wp-json\/wp\/v2\/comments?post=158619"}],"wp:featuredmedia":[{"embeddable":true,"href":"https:\/\/baldumarket.lt\/lt\/wp-json\/wp\/v2\/media\/158620"}],"wp:attachment":[{"href":"https:\/\/baldumarket.lt\/lt\/wp-json\/wp\/v2\/media?parent=158619"}],"wp:term":[{"taxonomy":"product_brand","embeddable":true,"href":"https:\/\/baldumarket.lt\/lt\/wp-json\/wp\/v2\/product_brand?post=158619"},{"taxonomy":"product_cat","embeddable":true,"href":"https:\/\/baldumarket.lt\/lt\/wp-json\/wp\/v2\/product_cat?post=158619"},{"taxonomy":"product_tag","embeddable":true,"href":"https:\/\/baldumarket.lt\/lt\/wp-json\/wp\/v2\/product_tag?post=158619"}],"curies":[{"name":"wp","href":"https:\/\/api.w.org\/{rel}","templated":true}]}}