{"id":158614,"date":"2025-12-19T00:08:26","date_gmt":"2025-12-18T21:08:26","guid":{"rendered":"https:\/\/baldumarket.lt\/product\/szafka-kuchenna-dolna-3-szuflady-d80s3-aspen-grey-szary-polysk\/"},"modified":"2026-02-06T19:54:39","modified_gmt":"2026-02-06T16:54:39","slug":"szafka-kuchenna-dolna-3-szuflady-d80s3-aspen-grey-szary-polysk","status":"publish","type":"product","link":"https:\/\/baldumarket.lt\/lt\/product\/szafka-kuchenna-dolna-3-szuflady-d80s3-aspen-grey-szary-polysk\/","title":{"rendered":"Apatin\u0117 virtuv\u0117s spintel\u0117, 3 stal\u010diai, D80S3, drebul\u0117s pilka, blizgi"},"content":{"rendered":"<p>Atraskite unikali\u0105 virtuv\u0117s spintel\u0119, kuri atitiks naujausias interjero dizaino tendencijas ir taps tikru j\u016bs\u0173 virtuv\u0117s brangakmeniu. \u201eGa\u0142a Meble\u201c \u201eAspen Grey\u201c modelis pasi\u017eymi eleganti\u0161ku pilku blizgesiu, kuris subtiliai atspindi \u0161vies\u0105, suteikdamas bet kokiam kambariui unikalaus spindesio. Tai puikus sprendimas tiems, kurie vertina modern\u0173 stili\u0173 ir nesenstan\u010di\u0105 estetik\u0105. \u0160i trij\u0173 stal\u010di\u0173 virtuv\u0117s spintel\u0117 pasi\u017eymi ne tik gro\u017eiu, bet ir, svarbiausia, funkcionalumu. Apgalvotas stal\u010di\u0173 i\u0161d\u0117stymas leid\u017eia susisteminti virtuv\u0117s reikmenis ir lengvai juos pasiekti bet kuriuo metu. Reguliuojamos kojel\u0117s leid\u017eia lengvai pritaikyti spintel\u0119 prie individuali\u0173 poreiki\u0173, sukuriant patogi\u0105 virtuv\u0117s erdv\u0119, pritaikyt\u0105 j\u016bs\u0173 poreikiams. Med\u017eiaga, i\u0161 kurios pagaminta spintel\u0117, sujungia patvarum\u0105 ir estetik\u0105. MDF fasadai kartu su matin\u0117s baltos spalvos korpusu yra puikus pasirinkimas bet kuriai virtuvei. Tai rei\u0161kia, kad galite m\u0117gautis tvirtu baldu, kuris i\u0161laikys savo i\u0161vaizd\u0105 ilgus metus, nepriklausomai nuo to, kaip da\u017enai jis bus naudojamas. Blizgan\u010dius spintel\u0117s pavir\u0161ius lengva valyti, tod\u0117l ji yra ne tik gra\u017eus gaminys, bet ir itin prakti\u0161ka.<\/p>","protected":false},"excerpt":{"rendered":"<p>Plotis (cm): 80<br \/>\n\u016agis (cm): 82<br \/>\nGylis (cm): 47<\/p>","protected":false},"featured_media":158615,"comment_status":"open","ping_status":"open","template":"","meta":[],"product_brand":[],"product_cat":[9451,4106,9118],"product_tag":[],"class_list":{"0":"post-158614","1":"product","2":"type-product","3":"status-publish","4":"has-post-thumbnail","6":"product_cat-kitchen-system-aspen-grey","7":"product_cat-gala-meble","8":"product_cat-kitchen-cabinets","10":"first","11":"instock","12":"purchasable","13":"product-type-simple"},"_links":{"self":[{"href":"https:\/\/baldumarket.lt\/lt\/wp-json\/wp\/v2\/product\/158614","targetHints":{"allow":["GET"]}}],"collection":[{"href":"https:\/\/baldumarket.lt\/lt\/wp-json\/wp\/v2\/product"}],"about":[{"href":"https:\/\/baldumarket.lt\/lt\/wp-json\/wp\/v2\/types\/product"}],"replies":[{"embeddable":true,"href":"https:\/\/baldumarket.lt\/lt\/wp-json\/wp\/v2\/comments?post=158614"}],"wp:featuredmedia":[{"embeddable":true,"href":"https:\/\/baldumarket.lt\/lt\/wp-json\/wp\/v2\/media\/158615"}],"wp:attachment":[{"href":"https:\/\/baldumarket.lt\/lt\/wp-json\/wp\/v2\/media?parent=158614"}],"wp:term":[{"taxonomy":"product_brand","embeddable":true,"href":"https:\/\/baldumarket.lt\/lt\/wp-json\/wp\/v2\/product_brand?post=158614"},{"taxonomy":"product_cat","embeddable":true,"href":"https:\/\/baldumarket.lt\/lt\/wp-json\/wp\/v2\/product_cat?post=158614"},{"taxonomy":"product_tag","embeddable":true,"href":"https:\/\/baldumarket.lt\/lt\/wp-json\/wp\/v2\/product_tag?post=158614"}],"curies":[{"name":"wp","href":"https:\/\/api.w.org\/{rel}","templated":true}]}}