{"id":158610,"date":"2025-12-19T00:08:18","date_gmt":"2025-12-18T21:08:18","guid":{"rendered":"https:\/\/baldumarket.lt\/product\/szafka-kuchenna-dolna-3-szuflady-d80s3-aspen-white-bialy-polysk\/"},"modified":"2026-02-06T13:20:29","modified_gmt":"2026-02-06T10:20:29","slug":"szafka-kuchenna-dolna-3-szuflady-d80s3-aspen-white-bialy-polysk","status":"publish","type":"product","link":"https:\/\/baldumarket.lt\/lt\/product\/szafka-kuchenna-dolna-3-szuflady-d80s3-aspen-white-bialy-polysk\/","title":{"rendered":"Apatin\u0117 virtuv\u0117s spintel\u0117, 3 stal\u010diai, D80S3, drebul\u0117s balta, blizgi"},"content":{"rendered":"<p>\u0160viesi, moderni virtuv\u0117 nusipelno bald\u0173, kurie pabr\u0117\u017eia jos charakter\u012f ir viening\u0105 stili\u0173. Trij\u0173 stal\u010di\u0173 \u201eAspen White\u201c apatin\u0117 spintel\u0117 \u2013 puikus pasirinkimas m\u0117gstantiems minimalistin\u012f dizain\u0105. Blizgi balta priekin\u0117 dalis kartu su matiniu korpusu sukuria harmoning\u0105 visum\u0105, suteikdama interjerui gaivumo ir elegancijos. Puikiai tinka tiems, kurie vertina paprastum\u0105, bet nenori aukoti prabangos.<\/p>\n<p>\u0160ios spintel\u0117s vidus \u2013 tai sprendimas, kur\u012f \u012fvertins visi, kuriems reikia vietos daiktams susid\u0117ti. Prakti\u0161ki stal\u010diai, kurie lengvai atsidaro d\u0117l savaime u\u017esidaran\u010di\u0173 b\u0117geli\u0173, u\u017etikrina patog\u0173 kasdien\u012f naudojim\u0105. \u010cia galite laikyti visk\u0105, ko reikia virtuv\u0117je \u2013 nuo stalo \u012franki\u0173 iki prieskoni\u0173 ir net kasdieni\u0173 b\u016btiniausi\u0173 daikt\u0173.<\/p>\n<p>Gra\u017e\u016bs blizg\u016bs balti fasadai praskaidrins virtuv\u0119, o atspindinti \u0161viesa vizualiai padidins erdv\u0119. Tai net ir ma\u017eus kambarius padarys erdvesnius. Kartu su matin\u0117s baltos spalvos korpusu spintel\u0117 skland\u017eiai \u012fsilies tiek \u012f tradicin\u012f, tiek \u012f modern\u0173 interjer\u0105, suteikdama subtilaus \u017eavesio.<\/p>\n<p>Kruop\u0161\u010diai apgalvotas dizainas apima reguliuojamas kojeles, kurios leid\u017eia tiksliai pritaikyti spintel\u0117s auk\u0161t\u012f prie likusios virtuv\u0117s dalies. Tai garantuoja ne tik estetik\u0105, bet ir, svarbiausia, funkcionalum\u0105, tod\u0117l darbas virtuv\u0117je tampa dar malonesnis. Savaranki\u0161kas surinkimas taip pat suteikia pasitenkinim\u0105 \u201epasidaryk pats\u201c projektu ir leid\u017eia suasmeninti virtuv\u0119 pagal savo skon\u012f.<\/p>","protected":false},"excerpt":{"rendered":"<p>Plotis (cm): 80<br \/>\n\u016agis (cm): 82<br \/>\nGylis (cm): 47<\/p>","protected":false},"featured_media":158611,"comment_status":"open","ping_status":"open","template":"","meta":[],"product_brand":[],"product_cat":[9445,4106,9118],"product_tag":[],"class_list":{"0":"post-158610","1":"product","2":"type-product","3":"status-publish","4":"has-post-thumbnail","6":"product_cat-kitchen-system-aspen-white","7":"product_cat-gala-meble","8":"product_cat-kitchen-cabinets","10":"first","11":"instock","12":"purchasable","13":"product-type-simple"},"_links":{"self":[{"href":"https:\/\/baldumarket.lt\/lt\/wp-json\/wp\/v2\/product\/158610","targetHints":{"allow":["GET"]}}],"collection":[{"href":"https:\/\/baldumarket.lt\/lt\/wp-json\/wp\/v2\/product"}],"about":[{"href":"https:\/\/baldumarket.lt\/lt\/wp-json\/wp\/v2\/types\/product"}],"replies":[{"embeddable":true,"href":"https:\/\/baldumarket.lt\/lt\/wp-json\/wp\/v2\/comments?post=158610"}],"wp:featuredmedia":[{"embeddable":true,"href":"https:\/\/baldumarket.lt\/lt\/wp-json\/wp\/v2\/media\/158611"}],"wp:attachment":[{"href":"https:\/\/baldumarket.lt\/lt\/wp-json\/wp\/v2\/media?parent=158610"}],"wp:term":[{"taxonomy":"product_brand","embeddable":true,"href":"https:\/\/baldumarket.lt\/lt\/wp-json\/wp\/v2\/product_brand?post=158610"},{"taxonomy":"product_cat","embeddable":true,"href":"https:\/\/baldumarket.lt\/lt\/wp-json\/wp\/v2\/product_cat?post=158610"},{"taxonomy":"product_tag","embeddable":true,"href":"https:\/\/baldumarket.lt\/lt\/wp-json\/wp\/v2\/product_tag?post=158610"}],"curies":[{"name":"wp","href":"https:\/\/api.w.org\/{rel}","templated":true}]}}